{"id":388448,"date":"2025-09-02T10:35:15","date_gmt":"2025-09-02T10:35:15","guid":{"rendered":"https:\/\/glotomania.com\/p\/cortador-metalico-para-galletas-pollito-2\/"},"modified":"2026-03-10T16:16:27","modified_gmt":"2026-03-10T16:16:27","slug":"cortador-metalico-para-galletas-pollito-2","status":"publish","type":"product","link":"https:\/\/glotomania.com\/pt-pt\/p\/cortador-metalico-para-galletas-pollito-2\/","title":{"rendered":"Cortador Met\u00c1lico Para Biscoitos &#8211; Pintinho"},"content":{"rendered":"<p>&nbsp;<\/p>\n<p><span style=\"font-size:14px\">Fabricado em metal de alta qualidade, adequado para uso alimentar, f&aacute;cil de limpar.&nbsp;<\/span><\/p>\n<p><span style=\"font-size:14px\"><strong>Medidas<\/strong>: 5,5 x 4,5 cm.<\/span><\/p>\n","protected":false},"excerpt":{"rendered":"<p>Cortador de metal em forma de pintinho, perfeito para as nossas cria\u00e7\u00f5es da P\u00e1scoa!<\/p>\n","protected":false},"featured_media":154090,"comment_status":"open","ping_status":"closed","template":"","meta":{"_acf_changed":false},"pwb-brand":[],"product_brand":[],"product_cat":[2908,1788,3199,2907,3087,2921,1885,1849,1858,1767],"product_tag":[],"class_list":{"0":"post-388448","1":"product","2":"type-product","3":"status-publish","4":"has-post-thumbnail","6":"product_cat-batizados","7":"product_cat-cortadores-de-cobre","8":"product_cat-cortadores-de-metal","9":"product_cat-festas","10":"product_cat-ordem-e-armazenamento","11":"product_cat-pascoa","12":"product_cat-bautizos","13":"product_cat-fiestas","14":"product_cat-pascua","15":"product_cat-utensilios","17":"first","18":"instock","19":"taxable","20":"shipping-taxable","21":"purchasable","22":"product-type-simple"},"acf":[],"df_price":2.38,"df_sale_price":"","df_regular_price":2.38,"df_image_link":"https:\/\/glotomania.com\/wp-content\/uploads\/2025\/09\/img_20363_49e353d30688623b594ff1fa7021a857_1-300x300.png","brands":[],"_links":{"self":[{"href":"https:\/\/glotomania.com\/pt-pt\/wp-json\/wp\/v2\/product\/388448","targetHints":{"allow":["GET"]}}],"collection":[{"href":"https:\/\/glotomania.com\/pt-pt\/wp-json\/wp\/v2\/product"}],"about":[{"href":"https:\/\/glotomania.com\/pt-pt\/wp-json\/wp\/v2\/types\/product"}],"replies":[{"embeddable":true,"href":"https:\/\/glotomania.com\/pt-pt\/wp-json\/wp\/v2\/comments?post=388448"}],"wp:featuredmedia":[{"embeddable":true,"href":"https:\/\/glotomania.com\/pt-pt\/wp-json\/wp\/v2\/media\/154090"}],"wp:attachment":[{"href":"https:\/\/glotomania.com\/pt-pt\/wp-json\/wp\/v2\/media?parent=388448"}],"wp:term":[{"taxonomy":"pwb-brand","embeddable":true,"href":"https:\/\/glotomania.com\/pt-pt\/wp-json\/wp\/v2\/pwb-brand?post=388448"},{"taxonomy":"product_brand","embeddable":true,"href":"https:\/\/glotomania.com\/pt-pt\/wp-json\/wp\/v2\/product_brand?post=388448"},{"taxonomy":"product_cat","embeddable":true,"href":"https:\/\/glotomania.com\/pt-pt\/wp-json\/wp\/v2\/product_cat?post=388448"},{"taxonomy":"product_tag","embeddable":true,"href":"https:\/\/glotomania.com\/pt-pt\/wp-json\/wp\/v2\/product_tag?post=388448"}],"curies":[{"name":"wp","href":"https:\/\/api.w.org\/{rel}","templated":true}]}}