{"id":388449,"date":"2026-02-06T12:37:05","date_gmt":"2026-02-06T12:37:05","guid":{"rendered":"https:\/\/glotomania.com\/p\/decoraciones-de-azucar-funcakes-crisantemos-blanco-rosa\/"},"modified":"2026-03-10T16:16:30","modified_gmt":"2026-03-10T16:16:30","slug":"decoraciones-de-azucar-funcakes-crisantemos-blanco-rosa","status":"publish","type":"product","link":"https:\/\/glotomania.com\/pt-pt\/p\/decoraciones-de-azucar-funcakes-crisantemos-blanco-rosa\/","title":{"rendered":"Decora\u00c7\u00d5es De A\u00c7\u00dacar Funcakes &#8211; Cris\u00c2ntemos (branco\/rosa)"},"content":{"rendered":"<p>&nbsp;<\/p>\n<p><span style=\"font-size:14px\"><strong>Tamanho aproximado: <\/strong>1 cm.<\/span><\/p>\n<p><span style=\"font-size:14px\">A caixa cont&eacute;m 30 pe&ccedil;as.<\/span><\/p>\n","protected":false},"excerpt":{"rendered":"<p>Inclui 30 decora\u00e7\u00f5es com um belo e original design de cris\u00e2ntemo, perfeito para acrescentar um toque de Primavera \u00e0s nossas cria\u00e7\u00f5es!<\/p>\n","protected":false},"featured_media":383738,"comment_status":"open","ping_status":"closed","template":"","meta":{"_acf_changed":false},"pwb-brand":[],"product_brand":[],"product_cat":[2908,2911,2979,2986,2907,2921,2996,3004,2905,1839,1909,1832,1829,1833,1862,1885,1849,1858],"product_tag":[],"class_list":{"0":"post-388449","1":"product","2":"type-product","3":"status-publish","4":"has-post-thumbnail","6":"product_cat-batizados","7":"product_cat-comunhoes","8":"product_cat-decoracoes-comestiveis-2","9":"product_cat-decoracoes-de-macapao-2","10":"product_cat-festas","11":"product_cat-pascoa","12":"product_cat-produtos-vegetarianos","13":"product_cat-sem-gluten-2","14":"product_cat-data-de-expiracao-proxima","15":"product_cat-decoracion-comestible","16":"product_cat-decoraciones-mazapan","17":"product_cat-diestas-especiales","18":"product_cat-ingredientes","19":"product_cat-dieta-sin-gluten","20":"product_cat-comuniones","21":"product_cat-bautizos","22":"product_cat-fiestas","23":"product_cat-pascua","25":"first","26":"instock","27":"taxable","28":"shipping-taxable","29":"purchasable","30":"product-type-simple"},"acf":[],"df_price":2.95,"df_sale_price":"","df_regular_price":2.95,"df_image_link":"https:\/\/glotomania.com\/wp-content\/uploads\/2026\/02\/img_17580_206ac36bc6b24352032224fb126e159d_1.jpg","brands":[],"_links":{"self":[{"href":"https:\/\/glotomania.com\/pt-pt\/wp-json\/wp\/v2\/product\/388449","targetHints":{"allow":["GET"]}}],"collection":[{"href":"https:\/\/glotomania.com\/pt-pt\/wp-json\/wp\/v2\/product"}],"about":[{"href":"https:\/\/glotomania.com\/pt-pt\/wp-json\/wp\/v2\/types\/product"}],"replies":[{"embeddable":true,"href":"https:\/\/glotomania.com\/pt-pt\/wp-json\/wp\/v2\/comments?post=388449"}],"wp:featuredmedia":[{"embeddable":true,"href":"https:\/\/glotomania.com\/pt-pt\/wp-json\/wp\/v2\/media\/383738"}],"wp:attachment":[{"href":"https:\/\/glotomania.com\/pt-pt\/wp-json\/wp\/v2\/media?parent=388449"}],"wp:term":[{"taxonomy":"pwb-brand","embeddable":true,"href":"https:\/\/glotomania.com\/pt-pt\/wp-json\/wp\/v2\/pwb-brand?post=388449"},{"taxonomy":"product_brand","embeddable":true,"href":"https:\/\/glotomania.com\/pt-pt\/wp-json\/wp\/v2\/product_brand?post=388449"},{"taxonomy":"product_cat","embeddable":true,"href":"https:\/\/glotomania.com\/pt-pt\/wp-json\/wp\/v2\/product_cat?post=388449"},{"taxonomy":"product_tag","embeddable":true,"href":"https:\/\/glotomania.com\/pt-pt\/wp-json\/wp\/v2\/product_tag?post=388449"}],"curies":[{"name":"wp","href":"https:\/\/api.w.org\/{rel}","templated":true}]}}