{"id":388453,"date":"2025-09-02T10:35:16","date_gmt":"2025-09-02T10:35:16","guid":{"rendered":"https:\/\/glotomania.com\/p\/set-capsulas-mini-cupcake-house-of-marie-lilas-2\/"},"modified":"2026-03-10T16:16:38","modified_gmt":"2026-03-10T16:16:38","slug":"set-capsulas-mini-cupcake-house-of-marie-lilas-2","status":"publish","type":"product","link":"https:\/\/glotomania.com\/pt-pt\/p\/set-capsulas-mini-cupcake-house-of-marie-lilas-2\/","title":{"rendered":"Set C\u00c1psulas Mini Cupcakes &#8220;house Of Marie&#8221; &#8211; Lilas"},"content":{"rendered":"<p>Inclui 60 c\u00e1psulas House of Marie em cor lil\u00e1s, perfeitas para cupcakes, muffins e muito mais.<\/p>\n","protected":false},"excerpt":{"rendered":"<p>Inclui 60 c\u00e1psulas de cor lil\u00e1s da House of Marie, perfeitas para bolos, queques e muito mais.<\/p>\n","protected":false},"featured_media":349954,"comment_status":"open","ping_status":"closed","template":"","meta":{"_acf_changed":false},"pwb-brand":[],"product_brand":[],"product_cat":[2908,3191,2009,3193,2010,2911,2907,2917,3087,2921,1862,1885,1849,1863,1858,1767],"product_tag":[],"class_list":{"0":"post-388453","1":"product","2":"type-product","3":"status-publish","4":"has-post-thumbnail","6":"product_cat-batizados","7":"product_cat-capacillos-de-papel-2","8":"product_cat-capsulas","9":"product_cat-capsulas-para-cupcakes-2","10":"product_cat-capsulas-cupcakes","11":"product_cat-comunhoes","12":"product_cat-festas","13":"product_cat-halloween","14":"product_cat-ordem-e-armazenamento","15":"product_cat-pascoa","16":"product_cat-comuniones","17":"product_cat-bautizos","18":"product_cat-fiestas","20":"product_cat-pascua","21":"product_cat-utensilios","23":"first","24":"instock","25":"taxable","26":"shipping-taxable","27":"purchasable","28":"product-type-simple"},"acf":[],"df_price":3.15,"df_sale_price":"","df_regular_price":3.15,"df_image_link":"https:\/\/glotomania.com\/wp-content\/uploads\/2025\/11\/img_17584_b8ad85abcca492f71d6db20f9e5e1054_1-29-300x300.jpg","brands":[],"_links":{"self":[{"href":"https:\/\/glotomania.com\/pt-pt\/wp-json\/wp\/v2\/product\/388453","targetHints":{"allow":["GET"]}}],"collection":[{"href":"https:\/\/glotomania.com\/pt-pt\/wp-json\/wp\/v2\/product"}],"about":[{"href":"https:\/\/glotomania.com\/pt-pt\/wp-json\/wp\/v2\/types\/product"}],"replies":[{"embeddable":true,"href":"https:\/\/glotomania.com\/pt-pt\/wp-json\/wp\/v2\/comments?post=388453"}],"wp:featuredmedia":[{"embeddable":true,"href":"https:\/\/glotomania.com\/pt-pt\/wp-json\/wp\/v2\/media\/349954"}],"wp:attachment":[{"href":"https:\/\/glotomania.com\/pt-pt\/wp-json\/wp\/v2\/media?parent=388453"}],"wp:term":[{"taxonomy":"pwb-brand","embeddable":true,"href":"https:\/\/glotomania.com\/pt-pt\/wp-json\/wp\/v2\/pwb-brand?post=388453"},{"taxonomy":"product_brand","embeddable":true,"href":"https:\/\/glotomania.com\/pt-pt\/wp-json\/wp\/v2\/product_brand?post=388453"},{"taxonomy":"product_cat","embeddable":true,"href":"https:\/\/glotomania.com\/pt-pt\/wp-json\/wp\/v2\/product_cat?post=388453"},{"taxonomy":"product_tag","embeddable":true,"href":"https:\/\/glotomania.com\/pt-pt\/wp-json\/wp\/v2\/product_tag?post=388453"}],"curies":[{"name":"wp","href":"https:\/\/api.w.org\/{rel}","templated":true}]}}