{"id":388461,"date":"2025-09-02T10:35:22","date_gmt":"2025-09-02T10:35:22","guid":{"rendered":"https:\/\/glotomania.com\/p\/flores-de-oblea-dekora-orquidea-burdeos-2\/"},"modified":"2026-03-10T16:16:56","modified_gmt":"2026-03-10T16:16:56","slug":"flores-de-oblea-dekora-orquidea-burdeos-2","status":"publish","type":"product","link":"https:\/\/glotomania.com\/pt-pt\/p\/flores-de-oblea-dekora-orquidea-burdeos-2\/","title":{"rendered":"Decora\u00c7\u00d5es De Folhas De Wafer Dekora &#8211; Orqu\u00cddea Borgonha"},"content":{"rendered":"<p>&nbsp;<\/p>\n<p><strong style=\"font-size: 14px\">Medidas aprox.:&nbsp;<\/strong><span style=\"font-size: 14px\">8,5 x 7,5 cm.<\/span><\/p>\n","protected":false},"excerpt":{"rendered":"<p>Decorar facilmente com estas orqu\u00eddeas de wafer, perfeitas para dar um toque elegante e floral \u00e0s nossas elabora\u00e7\u00f5es.<\/p>\n","protected":false},"featured_media":39342,"comment_status":"open","ping_status":"closed","template":"","meta":{"_acf_changed":false,"_joinchat":[]},"pwb-brand":[],"product_brand":[],"product_cat":[2910,2979,2907,2990,2992,2996,2924,3001,3004,1852,1839,1832,1996,1997,1845,1833,1888,1849],"product_tag":[],"class_list":{"0":"post-388461","1":"product","2":"type-product","3":"status-publish","4":"has-post-thumbnail","6":"product_cat-casamentos-2","7":"product_cat-decoracoes-comestiveis-2","8":"product_cat-festas","9":"product_cat-flores-comestiveis-para-bolos-2","10":"product_cat-flores-de-wafer","11":"product_cat-produtos-vegetarianos","12":"product_cat-sao-valentim-2","13":"product_cat-sem-e-171-2","14":"product_cat-sem-gluten-2","15":"product_cat-san-valentin","16":"product_cat-decoracion-comestible","17":"product_cat-diestas-especiales","18":"product_cat-flores","19":"product_cat-flores-oblea","20":"product_cat-dieta-sin-e-171","21":"product_cat-dieta-sin-gluten","22":"product_cat-bodas","23":"product_cat-fiestas","25":"first","26":"instock","27":"taxable","28":"shipping-taxable","29":"purchasable","30":"product-type-simple"},"acf":[],"df_price":8.95,"df_sale_price":"","df_regular_price":8.95,"df_image_link":"https:\/\/e622tfk5wxd.exactdn.com\/wp-content\/uploads\/2022\/09\/img_17653_e89742ef0d37eb27f5cc83f71db6942c_1-300x300.png?strip=all","brands":[],"_links":{"self":[{"href":"https:\/\/glotomania.com\/pt-pt\/wp-json\/wp\/v2\/product\/388461","targetHints":{"allow":["GET"]}}],"collection":[{"href":"https:\/\/glotomania.com\/pt-pt\/wp-json\/wp\/v2\/product"}],"about":[{"href":"https:\/\/glotomania.com\/pt-pt\/wp-json\/wp\/v2\/types\/product"}],"replies":[{"embeddable":true,"href":"https:\/\/glotomania.com\/pt-pt\/wp-json\/wp\/v2\/comments?post=388461"}],"wp:featuredmedia":[{"embeddable":true,"href":"https:\/\/glotomania.com\/pt-pt\/wp-json\/wp\/v2\/media\/39342"}],"wp:attachment":[{"href":"https:\/\/glotomania.com\/pt-pt\/wp-json\/wp\/v2\/media?parent=388461"}],"wp:term":[{"taxonomy":"pwb-brand","embeddable":true,"href":"https:\/\/glotomania.com\/pt-pt\/wp-json\/wp\/v2\/pwb-brand?post=388461"},{"taxonomy":"product_brand","embeddable":true,"href":"https:\/\/glotomania.com\/pt-pt\/wp-json\/wp\/v2\/product_brand?post=388461"},{"taxonomy":"product_cat","embeddable":true,"href":"https:\/\/glotomania.com\/pt-pt\/wp-json\/wp\/v2\/product_cat?post=388461"},{"taxonomy":"product_tag","embeddable":true,"href":"https:\/\/glotomania.com\/pt-pt\/wp-json\/wp\/v2\/product_tag?post=388461"}],"curies":[{"name":"wp","href":"https:\/\/api.w.org\/{rel}","templated":true}]}}