{"id":388462,"date":"2025-09-02T10:35:24","date_gmt":"2025-09-02T10:35:24","guid":{"rendered":"https:\/\/glotomania.com\/p\/flores-de-oblea-dekora-orquidea-amarilla-3\/"},"modified":"2026-03-10T16:16:58","modified_gmt":"2026-03-10T16:16:58","slug":"flores-de-oblea-dekora-orquidea-amarilla-3","status":"publish","type":"product","link":"https:\/\/glotomania.com\/pt-pt\/p\/flores-de-oblea-dekora-orquidea-amarilla-3\/","title":{"rendered":"Decora\u00c7\u00d5es De Folhas De Wafer Dekora &#8211; Orqu\u00cddea Amarela"},"content":{"rendered":"<p>&nbsp;<\/p>\n<p><strong style=\"font-size: 14px\">Medidas aprox.:&nbsp;<\/strong><span style=\"font-size: 14px\">8,5 x 7,5 cm.<\/span><\/p>\n","protected":false},"excerpt":{"rendered":"<p>Decorar facilmente com estas orqu\u00eddeas de wafer, perfeitas para dar um toque elegante e floral \u00e0s nossas elabora\u00e7\u00f5es.<\/p>\n","protected":false},"featured_media":36418,"comment_status":"open","ping_status":"closed","template":"","meta":{"_acf_changed":false},"pwb-brand":[],"product_brand":[],"product_cat":[2910,2979,2907,2990,2992,2921,2996,2924,3001,3004,1852,1839,1832,1996,1997,1845,1833,1888,1849,1858],"product_tag":[],"class_list":{"0":"post-388462","1":"product","2":"type-product","3":"status-publish","4":"has-post-thumbnail","6":"product_cat-casamentos-2","7":"product_cat-decoracoes-comestiveis-2","8":"product_cat-festas","9":"product_cat-flores-comestiveis-para-bolos-2","10":"product_cat-flores-de-wafer","11":"product_cat-pascoa","12":"product_cat-produtos-vegetarianos","13":"product_cat-sao-valentim-2","14":"product_cat-sem-e-171-2","15":"product_cat-sem-gluten-2","16":"product_cat-san-valentin","17":"product_cat-decoracion-comestible","18":"product_cat-diestas-especiales","19":"product_cat-flores","20":"product_cat-flores-oblea","21":"product_cat-dieta-sin-e-171","22":"product_cat-dieta-sin-gluten","23":"product_cat-bodas","24":"product_cat-fiestas","25":"product_cat-pascua","27":"first","28":"instock","29":"taxable","30":"shipping-taxable","31":"purchasable","32":"product-type-simple"},"acf":[],"df_price":8.9,"df_sale_price":"","df_regular_price":8.9,"df_image_link":"https:\/\/glotomania.com\/wp-content\/uploads\/2022\/09\/img_17655_dc7ecb17293f21dcb6e13da259d78de8_1-300x300.png","brands":[],"_links":{"self":[{"href":"https:\/\/glotomania.com\/pt-pt\/wp-json\/wp\/v2\/product\/388462","targetHints":{"allow":["GET"]}}],"collection":[{"href":"https:\/\/glotomania.com\/pt-pt\/wp-json\/wp\/v2\/product"}],"about":[{"href":"https:\/\/glotomania.com\/pt-pt\/wp-json\/wp\/v2\/types\/product"}],"replies":[{"embeddable":true,"href":"https:\/\/glotomania.com\/pt-pt\/wp-json\/wp\/v2\/comments?post=388462"}],"wp:featuredmedia":[{"embeddable":true,"href":"https:\/\/glotomania.com\/pt-pt\/wp-json\/wp\/v2\/media\/36418"}],"wp:attachment":[{"href":"https:\/\/glotomania.com\/pt-pt\/wp-json\/wp\/v2\/media?parent=388462"}],"wp:term":[{"taxonomy":"pwb-brand","embeddable":true,"href":"https:\/\/glotomania.com\/pt-pt\/wp-json\/wp\/v2\/pwb-brand?post=388462"},{"taxonomy":"product_brand","embeddable":true,"href":"https:\/\/glotomania.com\/pt-pt\/wp-json\/wp\/v2\/product_brand?post=388462"},{"taxonomy":"product_cat","embeddable":true,"href":"https:\/\/glotomania.com\/pt-pt\/wp-json\/wp\/v2\/product_cat?post=388462"},{"taxonomy":"product_tag","embeddable":true,"href":"https:\/\/glotomania.com\/pt-pt\/wp-json\/wp\/v2\/product_tag?post=388462"}],"curies":[{"name":"wp","href":"https:\/\/api.w.org\/{rel}","templated":true}]}}