{"id":388463,"date":"2025-09-02T10:35:24","date_gmt":"2025-09-02T10:35:24","guid":{"rendered":"https:\/\/glotomania.com\/p\/flores-de-oblea-dekora-magnolia-blanca-2\/"},"modified":"2026-03-10T16:17:00","modified_gmt":"2026-03-10T16:17:00","slug":"flores-de-oblea-dekora-magnolia-blanca-2","status":"publish","type":"product","link":"https:\/\/glotomania.com\/pt-pt\/p\/flores-de-oblea-dekora-magnolia-blanca-2\/","title":{"rendered":"Decora\u00c7\u00d5es De Folhas De Wafer Dekora &#8211; Magnolia Branca"},"content":{"rendered":"<p>&nbsp;<\/p>\n<p><strong style=\"font-size: 14px\">Medidas aprox.:&nbsp;<\/strong><span style=\"font-size: 14px\">6,5 x 7&nbsp;cm.<\/span><\/p>\n","protected":false},"excerpt":{"rendered":"<p>Decorar facilmente com estas orqu\u00eddeas de wafer, perfeitas para dar um toque elegante e floral \u00e0s nossas elabora\u00e7\u00f5es.<\/p>\n","protected":false},"featured_media":350004,"comment_status":"open","ping_status":"closed","template":"","meta":{"_acf_changed":false,"_joinchat":[]},"pwb-brand":[],"product_brand":[],"product_cat":[2924,2908,2910,2911,2979,2979,2913,2996,2907,2990,2990,2992,2992,3001,3004,2920,2921,2996,2910,2911,2908,2913,2907,2920,2921,2924,3001,3004],"product_tag":[],"class_list":{"0":"post-388463","1":"product","2":"type-product","3":"status-publish","4":"has-post-thumbnail","6":"product_cat-sao-valentim-2","7":"product_cat-batizados","8":"product_cat-casamentos-2","9":"product_cat-comunhoes","10":"product_cat-decoracoes-comestiveis-2","12":"product_cat-dia-das-maes","13":"product_cat-produtos-vegetarianos","14":"product_cat-festas","15":"product_cat-flores-comestiveis-para-bolos-2","17":"product_cat-flores-de-wafer","19":"product_cat-sem-e-171-2","20":"product_cat-sem-gluten-2","21":"product_cat-natal-2","22":"product_cat-pascoa","35":"first","36":"instock","37":"taxable","38":"shipping-taxable","39":"purchasable","40":"product-type-simple"},"acf":[],"df_price":23.75,"df_sale_price":"","df_regular_price":23.75,"df_image_link":"https:\/\/e622tfk5wxd.exactdn.com\/wp-content\/uploads\/2025\/11\/img_17656_e2b4624cea00deca469da1b733821666_1-33-300x300.jpg?strip=all","brands":[],"_links":{"self":[{"href":"https:\/\/glotomania.com\/pt-pt\/wp-json\/wp\/v2\/product\/388463","targetHints":{"allow":["GET"]}}],"collection":[{"href":"https:\/\/glotomania.com\/pt-pt\/wp-json\/wp\/v2\/product"}],"about":[{"href":"https:\/\/glotomania.com\/pt-pt\/wp-json\/wp\/v2\/types\/product"}],"replies":[{"embeddable":true,"href":"https:\/\/glotomania.com\/pt-pt\/wp-json\/wp\/v2\/comments?post=388463"}],"wp:featuredmedia":[{"embeddable":true,"href":"https:\/\/glotomania.com\/pt-pt\/wp-json\/wp\/v2\/media\/350004"}],"wp:attachment":[{"href":"https:\/\/glotomania.com\/pt-pt\/wp-json\/wp\/v2\/media?parent=388463"}],"wp:term":[{"taxonomy":"pwb-brand","embeddable":true,"href":"https:\/\/glotomania.com\/pt-pt\/wp-json\/wp\/v2\/pwb-brand?post=388463"},{"taxonomy":"product_brand","embeddable":true,"href":"https:\/\/glotomania.com\/pt-pt\/wp-json\/wp\/v2\/product_brand?post=388463"},{"taxonomy":"product_cat","embeddable":true,"href":"https:\/\/glotomania.com\/pt-pt\/wp-json\/wp\/v2\/product_cat?post=388463"},{"taxonomy":"product_tag","embeddable":true,"href":"https:\/\/glotomania.com\/pt-pt\/wp-json\/wp\/v2\/product_tag?post=388463"}],"curies":[{"name":"wp","href":"https:\/\/api.w.org\/{rel}","templated":true}]}}