{"id":388464,"date":"2025-09-02T10:35:25","date_gmt":"2025-09-02T10:35:25","guid":{"rendered":"https:\/\/glotomania.com\/p\/figura-para-tarta-pareja-corazon-2\/"},"modified":"2026-04-28T10:49:09","modified_gmt":"2026-04-28T10:49:09","slug":"figura-para-tarta-pareja-corazon-2","status":"publish","type":"product","link":"https:\/\/glotomania.com\/pt-pt\/p\/figura-para-tarta-pareja-corazon-2\/","title":{"rendered":"Figura Para Bolo De Casal Cora\u00c7\u00c3o"},"content":{"rendered":"<p>&nbsp;<\/p>\n<p><span style=\"font-size:14px\">Figura n&atilde;o comest&iacute;vel, deve ser removida antes de consumir o bolo.&nbsp;<br \/>\nFeito &agrave; base de PET, feito de poliresina, com revestimento de tinta.&nbsp;<\/span><\/p>\n<p><em><span style=\"font-size:14px\">Regulamento <strong>(UE) 10\/2011<\/strong>: materiais e objectos de pl&aacute;stico destinados a entrar em contacto com os alimentos.&nbsp;<\/span><\/em><\/p>\n<p><span style=\"font-size:14px\"><strong>Dimens&otilde;es aproximadas:<\/strong> 16 cm.<\/span><\/p>\n<p><span style=\"font-size:14px\"><u><strong>Armazenamento: <\/strong><\/u>deve ser mantido na sua embalagem original e caixa durante o armazenamento.<\/span><\/p>\n","protected":false},"excerpt":{"rendered":"<p>Figura n\u00e3o comest\u00edvel, ideal para dar um toque original e rom\u00e2ntico \u00e0s nossas celebra\u00e7\u00f5es mais especiais.<\/p>\n","protected":false},"featured_media":350005,"comment_status":"open","ping_status":"closed","template":"","meta":{"_acf_changed":false},"pwb-brand":[],"product_brand":[],"product_cat":[2910,1792,3200,2907,1889,3202,3206,1860,3087,1888,1849,1767],"product_tag":[],"class_list":{"0":"post-388464","1":"product","2":"type-product","3":"status-publish","4":"has-post-thumbnail","6":"product_cat-casamentos-2","7":"product_cat-decoracion-no-comestible","8":"product_cat-decoracoes-nao-comestiveis","9":"product_cat-festas","10":"product_cat-figuras-bodas","11":"product_cat-figuras-para-bolos","12":"product_cat-figuras-para-casamentos","13":"product_cat-figuras-tartas","14":"product_cat-ordem-e-armazenamento","15":"product_cat-bodas","16":"product_cat-fiestas","17":"product_cat-utensilios","19":"first","20":"outofstock","21":"taxable","22":"shipping-taxable","23":"purchasable","24":"product-type-simple"},"acf":[],"df_price":14.95,"df_sale_price":"","df_regular_price":14.95,"df_image_link":"https:\/\/glotomania.com\/wp-content\/uploads\/2025\/11\/img_17663_86c1d3a7a2d1a9bd6ac7826876e835b0_1-26-300x300.jpg","brands":[],"_links":{"self":[{"href":"https:\/\/glotomania.com\/pt-pt\/wp-json\/wp\/v2\/product\/388464","targetHints":{"allow":["GET"]}}],"collection":[{"href":"https:\/\/glotomania.com\/pt-pt\/wp-json\/wp\/v2\/product"}],"about":[{"href":"https:\/\/glotomania.com\/pt-pt\/wp-json\/wp\/v2\/types\/product"}],"replies":[{"embeddable":true,"href":"https:\/\/glotomania.com\/pt-pt\/wp-json\/wp\/v2\/comments?post=388464"}],"wp:featuredmedia":[{"embeddable":true,"href":"https:\/\/glotomania.com\/pt-pt\/wp-json\/wp\/v2\/media\/350005"}],"wp:attachment":[{"href":"https:\/\/glotomania.com\/pt-pt\/wp-json\/wp\/v2\/media?parent=388464"}],"wp:term":[{"taxonomy":"pwb-brand","embeddable":true,"href":"https:\/\/glotomania.com\/pt-pt\/wp-json\/wp\/v2\/pwb-brand?post=388464"},{"taxonomy":"product_brand","embeddable":true,"href":"https:\/\/glotomania.com\/pt-pt\/wp-json\/wp\/v2\/product_brand?post=388464"},{"taxonomy":"product_cat","embeddable":true,"href":"https:\/\/glotomania.com\/pt-pt\/wp-json\/wp\/v2\/product_cat?post=388464"},{"taxonomy":"product_tag","embeddable":true,"href":"https:\/\/glotomania.com\/pt-pt\/wp-json\/wp\/v2\/product_tag?post=388464"}],"curies":[{"name":"wp","href":"https:\/\/api.w.org\/{rel}","templated":true}]}}