{"id":388466,"date":"2025-09-02T10:35:26","date_gmt":"2025-09-02T10:35:26","guid":{"rendered":"https:\/\/glotomania.com\/p\/figura-para-tarta-bautizo-ciguena-2\/"},"modified":"2026-03-31T05:43:34","modified_gmt":"2026-03-31T05:43:34","slug":"figura-para-tarta-bautizo-ciguena-2","status":"publish","type":"product","link":"https:\/\/glotomania.com\/pt-pt\/p\/figura-para-tarta-bautizo-ciguena-2\/","title":{"rendered":"Figura Para Bolo De Baptizado &#8211; Cegonha"},"content":{"rendered":"<p>&nbsp;<\/p>\n<p><span style=\"font-size: 14px\">Figura n&atilde;o comest&iacute;vel, deve ser removida antes de consumir o bolo.&nbsp;<br \/>\nFeito &agrave; base de PET, feito de poliresina, com revestimento de tinta.&nbsp;<\/span><\/p>\n<p><em><span style=\"font-size: 14px\">Regulamento&nbsp;<strong>(UE) 10\/2011<\/strong>: materiais e objectos de pl&aacute;stico destinados a entrar em contacto com os alimentos.&nbsp;<\/span><\/em><\/p>\n<p><span style=\"font-size: 14px\"><strong>Dimens&otilde;es aproximadas:<\/strong>&nbsp;10 cm.<\/span><\/p>\n<p><span style=\"font-size: 14px\"><u><strong>Armazenamento:&nbsp;<\/strong><\/u>deve ser mantido na sua embalagem original e caixa durante o armazenamento.<\/span><\/p>\n","protected":false},"excerpt":{"rendered":"<p>Figura n\u00e3o comest\u00edvel, ideal para dar um toque de ternura e encanto \u00e0s nossas celebra\u00e7\u00f5es mais especiais.<\/p>\n","protected":false},"featured_media":35932,"comment_status":"open","ping_status":"closed","template":"","meta":{"_acf_changed":false},"pwb-brand":[],"product_brand":[],"product_cat":[2908,3200,3200,2907,3205,3205,3202,3202,3087,2908,2907,3087],"product_tag":[],"class_list":{"0":"post-388466","1":"product","2":"type-product","3":"status-publish","4":"has-post-thumbnail","6":"product_cat-batizados","7":"product_cat-decoracoes-nao-comestiveis","9":"product_cat-festas","10":"product_cat-figuras-para-baptismos","12":"product_cat-figuras-para-bolos","14":"product_cat-ordem-e-armazenamento","19":"first","20":"instock","21":"taxable","22":"shipping-taxable","23":"purchasable","24":"product-type-simple"},"acf":[],"df_price":7.85,"df_sale_price":"","df_regular_price":7.85,"df_image_link":"https:\/\/glotomania.com\/wp-content\/uploads\/2022\/09\/img_17669_9f52bd22429e9427108aeb62e9ef60f5_1-300x300.png","brands":[],"_links":{"self":[{"href":"https:\/\/glotomania.com\/pt-pt\/wp-json\/wp\/v2\/product\/388466","targetHints":{"allow":["GET"]}}],"collection":[{"href":"https:\/\/glotomania.com\/pt-pt\/wp-json\/wp\/v2\/product"}],"about":[{"href":"https:\/\/glotomania.com\/pt-pt\/wp-json\/wp\/v2\/types\/product"}],"replies":[{"embeddable":true,"href":"https:\/\/glotomania.com\/pt-pt\/wp-json\/wp\/v2\/comments?post=388466"}],"wp:featuredmedia":[{"embeddable":true,"href":"https:\/\/glotomania.com\/pt-pt\/wp-json\/wp\/v2\/media\/35932"}],"wp:attachment":[{"href":"https:\/\/glotomania.com\/pt-pt\/wp-json\/wp\/v2\/media?parent=388466"}],"wp:term":[{"taxonomy":"pwb-brand","embeddable":true,"href":"https:\/\/glotomania.com\/pt-pt\/wp-json\/wp\/v2\/pwb-brand?post=388466"},{"taxonomy":"product_brand","embeddable":true,"href":"https:\/\/glotomania.com\/pt-pt\/wp-json\/wp\/v2\/product_brand?post=388466"},{"taxonomy":"product_cat","embeddable":true,"href":"https:\/\/glotomania.com\/pt-pt\/wp-json\/wp\/v2\/product_cat?post=388466"},{"taxonomy":"product_tag","embeddable":true,"href":"https:\/\/glotomania.com\/pt-pt\/wp-json\/wp\/v2\/product_tag?post=388466"}],"curies":[{"name":"wp","href":"https:\/\/api.w.org\/{rel}","templated":true}]}}