{"id":388470,"date":"2025-09-02T10:35:28","date_gmt":"2025-09-02T10:35:28","guid":{"rendered":"https:\/\/glotomania.com\/p\/figura-para-tarta-comunion-betty-2\/"},"modified":"2026-04-28T08:12:43","modified_gmt":"2026-04-28T08:12:43","slug":"figura-para-tarta-comunion-betty-2","status":"publish","type":"product","link":"https:\/\/glotomania.com\/pt-pt\/p\/figura-para-tarta-comunion-betty-2\/","title":{"rendered":"Figura Para Bolo De Comunh\u00c3o &#8211; Betty"},"content":{"rendered":"<p>&nbsp;<\/p>\n<p><span style=\"font-size: 14px\">Figura n&atilde;o comest&iacute;vel, deve ser removida antes de consumir o bolo.&nbsp;<br \/>\nFeito &agrave; base de PET, feito de poliresina, com revestimento de tinta.&nbsp;<\/span><\/p>\n<p><em><span style=\"font-size: 14px\">Regulamento&nbsp;<strong>(UE) 10\/2011<\/strong>: materiais e objectos de pl&aacute;stico destinados a entrar em contacto com os alimentos.&nbsp;<\/span><\/em><\/p>\n<p><span style=\"font-size: 14px\"><strong>Dimens&otilde;es aproximadas:<\/strong>&nbsp;16 cm.<\/span><\/p>\n<p><span style=\"font-size: 14px\"><u><strong>Armazenamento:&nbsp;<\/strong><\/u>deve ser mantido na sua embalagem original e caixa durante o armazenamento.<\/span><\/p>\n","protected":false},"excerpt":{"rendered":"<p>Figura n\u00e3o comest\u00edvel, ideal para as nossas celebra\u00e7\u00f5es mais especiais.<\/p>\n","protected":false},"featured_media":349981,"comment_status":"open","ping_status":"closed","template":"","meta":{"_acf_changed":false},"pwb-brand":[],"product_brand":[],"product_cat":[2911,1792,3200,2907,3202,3207,1861,1860,3087,1862,1849,1767],"product_tag":[],"class_list":{"0":"post-388470","1":"product","2":"type-product","3":"status-publish","4":"has-post-thumbnail","6":"product_cat-comunhoes","7":"product_cat-decoracion-no-comestible","8":"product_cat-decoracoes-nao-comestiveis","9":"product_cat-festas","10":"product_cat-figuras-para-bolos","11":"product_cat-figuras-para-comunhoes","12":"product_cat-figuras-comuniones","13":"product_cat-figuras-tartas","14":"product_cat-ordem-e-armazenamento","15":"product_cat-comuniones","16":"product_cat-fiestas","17":"product_cat-utensilios","19":"first","20":"instock","21":"taxable","22":"shipping-taxable","23":"purchasable","24":"product-type-simple"},"acf":[],"df_price":10.15,"df_sale_price":"","df_regular_price":10.15,"df_image_link":"https:\/\/glotomania.com\/wp-content\/uploads\/2025\/11\/img_17673_e9ec6a095abdce2cc046e761028da0e2_1-29-300x300.jpg","brands":[],"_links":{"self":[{"href":"https:\/\/glotomania.com\/pt-pt\/wp-json\/wp\/v2\/product\/388470","targetHints":{"allow":["GET"]}}],"collection":[{"href":"https:\/\/glotomania.com\/pt-pt\/wp-json\/wp\/v2\/product"}],"about":[{"href":"https:\/\/glotomania.com\/pt-pt\/wp-json\/wp\/v2\/types\/product"}],"replies":[{"embeddable":true,"href":"https:\/\/glotomania.com\/pt-pt\/wp-json\/wp\/v2\/comments?post=388470"}],"wp:featuredmedia":[{"embeddable":true,"href":"https:\/\/glotomania.com\/pt-pt\/wp-json\/wp\/v2\/media\/349981"}],"wp:attachment":[{"href":"https:\/\/glotomania.com\/pt-pt\/wp-json\/wp\/v2\/media?parent=388470"}],"wp:term":[{"taxonomy":"pwb-brand","embeddable":true,"href":"https:\/\/glotomania.com\/pt-pt\/wp-json\/wp\/v2\/pwb-brand?post=388470"},{"taxonomy":"product_brand","embeddable":true,"href":"https:\/\/glotomania.com\/pt-pt\/wp-json\/wp\/v2\/product_brand?post=388470"},{"taxonomy":"product_cat","embeddable":true,"href":"https:\/\/glotomania.com\/pt-pt\/wp-json\/wp\/v2\/product_cat?post=388470"},{"taxonomy":"product_tag","embeddable":true,"href":"https:\/\/glotomania.com\/pt-pt\/wp-json\/wp\/v2\/product_tag?post=388470"}],"curies":[{"name":"wp","href":"https:\/\/api.w.org\/{rel}","templated":true}]}}