{"id":388473,"date":"2025-09-02T10:35:29","date_gmt":"2025-09-02T10:35:29","guid":{"rendered":"https:\/\/glotomania.com\/p\/topper-para-tarta-dekora-the-best-mom-in-the-world-2\/"},"modified":"2026-03-10T16:17:21","modified_gmt":"2026-03-10T16:17:21","slug":"topper-para-tarta-dekora-the-best-mom-in-the-world-2","status":"publish","type":"product","link":"https:\/\/glotomania.com\/pt-pt\/p\/topper-para-tarta-dekora-the-best-mom-in-the-world-2\/","title":{"rendered":"Topper Para Bolo Dekora &#8211; &#8220;the Best Mom In The World&#8221;"},"content":{"rendered":"<p>&nbsp;<\/p>\n<p><span style=\"font-size: 14px\">Figura n&atilde;o comest&iacute;vel, deve ser removida antes de se consumir o bolo.&nbsp;<br \/>\n<em>Regulamento&nbsp;<strong>(UE) 1935\/2004:<\/strong>&nbsp;materiais e artigos destinados a entrar em contacto directo com os alimentos.&nbsp;<\/em><\/span><\/p>\n<p><span style=\"font-size: 14px\"><strong>Dimens&otilde;es:&nbsp;<\/strong>45 x 120 X 120 mm.<\/span><\/p>\n<p><span style=\"font-size: 14px\"><strong>Armazenamento:<\/strong>&nbsp;&eacute; essencial mant&ecirc;-lo na sua embalagem original e caixa durante o armazenamento.<\/span><\/p>\n","protected":false},"excerpt":{"rendered":"<p>Decora\u00e7\u00e3o perfeita para coroar os nossos bolos no dia mais especial para as m\u00e3es.<\/p>\n","protected":false},"featured_media":349984,"comment_status":"open","ping_status":"closed","template":"","meta":{"_acf_changed":false},"pwb-brand":[],"product_brand":[],"product_cat":[3200,2913,2907,3087,3208,1792,1851,1849,1793,1767],"product_tag":[],"class_list":{"0":"post-388473","1":"product","2":"type-product","3":"status-publish","4":"has-post-thumbnail","6":"product_cat-decoracoes-nao-comestiveis","7":"product_cat-dia-das-maes","8":"product_cat-festas","9":"product_cat-ordem-e-armazenamento","10":"product_cat-toppers-para-bolos","11":"product_cat-decoracion-no-comestible","12":"product_cat-dia-de-la-madre","13":"product_cat-fiestas","14":"product_cat-toppers","15":"product_cat-utensilios","17":"first","18":"instock","19":"taxable","20":"shipping-taxable","21":"purchasable","22":"product-type-simple"},"acf":[],"df_price":4.75,"df_sale_price":"","df_regular_price":4.75,"df_image_link":"https:\/\/glotomania.com\/wp-content\/uploads\/2025\/11\/img_17676_93ec0e4021082bb1205d3c86f45e312e_1-32-300x300.jpg","brands":[],"_links":{"self":[{"href":"https:\/\/glotomania.com\/pt-pt\/wp-json\/wp\/v2\/product\/388473","targetHints":{"allow":["GET"]}}],"collection":[{"href":"https:\/\/glotomania.com\/pt-pt\/wp-json\/wp\/v2\/product"}],"about":[{"href":"https:\/\/glotomania.com\/pt-pt\/wp-json\/wp\/v2\/types\/product"}],"replies":[{"embeddable":true,"href":"https:\/\/glotomania.com\/pt-pt\/wp-json\/wp\/v2\/comments?post=388473"}],"wp:featuredmedia":[{"embeddable":true,"href":"https:\/\/glotomania.com\/pt-pt\/wp-json\/wp\/v2\/media\/349984"}],"wp:attachment":[{"href":"https:\/\/glotomania.com\/pt-pt\/wp-json\/wp\/v2\/media?parent=388473"}],"wp:term":[{"taxonomy":"pwb-brand","embeddable":true,"href":"https:\/\/glotomania.com\/pt-pt\/wp-json\/wp\/v2\/pwb-brand?post=388473"},{"taxonomy":"product_brand","embeddable":true,"href":"https:\/\/glotomania.com\/pt-pt\/wp-json\/wp\/v2\/product_brand?post=388473"},{"taxonomy":"product_cat","embeddable":true,"href":"https:\/\/glotomania.com\/pt-pt\/wp-json\/wp\/v2\/product_cat?post=388473"},{"taxonomy":"product_tag","embeddable":true,"href":"https:\/\/glotomania.com\/pt-pt\/wp-json\/wp\/v2\/product_tag?post=388473"}],"curies":[{"name":"wp","href":"https:\/\/api.w.org\/{rel}","templated":true}]}}