{"id":388494,"date":"2025-09-02T10:35:40","date_gmt":"2025-09-02T10:35:40","guid":{"rendered":"https:\/\/glotomania.com\/p\/molde-silicona-wilton-huevo-de-pascua-2\/"},"modified":"2026-03-10T16:18:09","modified_gmt":"2026-03-10T16:18:09","slug":"molde-silicona-wilton-huevo-de-pascua-2","status":"publish","type":"product","link":"https:\/\/glotomania.com\/pt-pt\/p\/molde-silicona-wilton-huevo-de-pascua-2\/","title":{"rendered":"Bolor De Silicone Wilton &#8211; Ovo De P\u00c1scoa"},"content":{"rendered":"<p>&nbsp;<\/p>\n<p><span style=\"font-size:14px\">Feito de silicone resistente, gra&ccedil;as ao seu revestimento antiaderente, o molde &eacute; f&aacute;cil de soltar e limpar.<\/span><\/p>\n<p><span style=\"font-size:14px\"><strong>Dimens&otilde;es aproximadas: <\/strong><u>Molde<\/u> 18 x 23 cm &#8211; <u>Cavidade <\/u>4,5 x 3 x 2 cm.<\/span><\/p>\n","protected":false},"excerpt":{"rendered":"<p>Molde de silicone Wilton, ideal para fazer 12 ovos de chocolate de P\u00e1scoa, p\u00e3o-de-l\u00f3, doces,&#8230;<\/p>\n","protected":false},"featured_media":347358,"comment_status":"open","ping_status":"closed","template":"","meta":{"_acf_changed":false},"pwb-brand":[],"product_brand":[],"product_cat":[2907,3214,1801,1810,3222,3087,2921,1849,1858,1767],"product_tag":[],"class_list":{"0":"post-388494","1":"product","2":"type-product","3":"status-publish","4":"has-post-thumbnail","6":"product_cat-festas","7":"product_cat-moldes-de-pastelaria","8":"product_cat-moldes","9":"product_cat-moldes-silicona","10":"product_cat-moldes-de-silicone","11":"product_cat-ordem-e-armazenamento","12":"product_cat-pascoa","13":"product_cat-fiestas","14":"product_cat-pascua","15":"product_cat-utensilios","17":"first","18":"instock","19":"taxable","20":"shipping-taxable","21":"purchasable","22":"product-type-simple"},"acf":[],"df_price":8.69,"df_sale_price":"","df_regular_price":8.69,"df_image_link":"https:\/\/glotomania.com\/wp-content\/uploads\/2025\/11\/img_17723_c9debd2475095a09afb471f486b66353_1-27-300x300.jpg","brands":[],"_links":{"self":[{"href":"https:\/\/glotomania.com\/pt-pt\/wp-json\/wp\/v2\/product\/388494","targetHints":{"allow":["GET"]}}],"collection":[{"href":"https:\/\/glotomania.com\/pt-pt\/wp-json\/wp\/v2\/product"}],"about":[{"href":"https:\/\/glotomania.com\/pt-pt\/wp-json\/wp\/v2\/types\/product"}],"replies":[{"embeddable":true,"href":"https:\/\/glotomania.com\/pt-pt\/wp-json\/wp\/v2\/comments?post=388494"}],"wp:featuredmedia":[{"embeddable":true,"href":"https:\/\/glotomania.com\/pt-pt\/wp-json\/wp\/v2\/media\/347358"}],"wp:attachment":[{"href":"https:\/\/glotomania.com\/pt-pt\/wp-json\/wp\/v2\/media?parent=388494"}],"wp:term":[{"taxonomy":"pwb-brand","embeddable":true,"href":"https:\/\/glotomania.com\/pt-pt\/wp-json\/wp\/v2\/pwb-brand?post=388494"},{"taxonomy":"product_brand","embeddable":true,"href":"https:\/\/glotomania.com\/pt-pt\/wp-json\/wp\/v2\/product_brand?post=388494"},{"taxonomy":"product_cat","embeddable":true,"href":"https:\/\/glotomania.com\/pt-pt\/wp-json\/wp\/v2\/product_cat?post=388494"},{"taxonomy":"product_tag","embeddable":true,"href":"https:\/\/glotomania.com\/pt-pt\/wp-json\/wp\/v2\/product_tag?post=388494"}],"curies":[{"name":"wp","href":"https:\/\/api.w.org\/{rel}","templated":true}]}}