{"id":388497,"date":"2025-09-02T10:35:42","date_gmt":"2025-09-02T10:35:42","guid":{"rendered":"https:\/\/glotomania.com\/p\/set-36-cortadores-para-galletas-scrapcooking-letras-y-numeros-2\/"},"modified":"2026-04-10T17:37:27","modified_gmt":"2026-04-10T17:37:27","slug":"set-36-cortadores-para-galletas-scrapcooking-letras-y-numeros-2","status":"publish","type":"product","link":"https:\/\/glotomania.com\/pt-pt\/p\/set-36-cortadores-para-galletas-scrapcooking-letras-y-numeros-2\/","title":{"rendered":"Set 36 Cortadores De Biscoitos Scrapcooking &#8211; Letras E N\u00dameros"},"content":{"rendered":"<p>&nbsp;<\/p>\n<p><span style=\"font-size:14px\">Cortadores com ejetor feitos de ABS, seguros para alimentos.<\/span><\/p>\n<p><span style=\"font-size:14px\"><strong>Instru&ccedil;&otilde;es de limpeza:<\/strong> Lave os cortadores em &aacute;gua morna ap&oacute;s cada utiliza&ccedil;&atilde;o e seque-os cuidadosamente.<\/span><\/p>\n<p><span style=\"font-size:14px\"><strong>Dimens&otilde;es aproximadas: <\/strong>&Oslash;; 3 &#8211; 3,5 cm.<\/span><\/p>\n<p><strong><span style=\"font-size:14px\">Este produto n&atilde;o est&aacute; dispon&iacute;vel para a B&eacute;lgica, Fran&ccedil;a e Su&iacute;&ccedil;a.<\/span><\/strong><\/p>\n","protected":false},"excerpt":{"rendered":"<p>Fant\u00e1stico conjunto de cortadores de \u00eambolo Scrapcooking, inclui 26 letras e 10 n\u00fameros.<\/p>\n","protected":false},"featured_media":347365,"comment_status":"open","ping_status":"closed","template":"","meta":{"_acf_changed":false},"pwb-brand":[],"product_brand":[],"product_cat":[1788,3199,2907,3087,1849,1767],"product_tag":[],"class_list":{"0":"post-388497","1":"product","2":"type-product","3":"status-publish","4":"has-post-thumbnail","6":"product_cat-cortadores-de-cobre","7":"product_cat-cortadores-de-metal","8":"product_cat-festas","9":"product_cat-ordem-e-armazenamento","10":"product_cat-fiestas","11":"product_cat-utensilios","13":"first","14":"instock","15":"taxable","16":"shipping-taxable","17":"purchasable","18":"product-type-simple"},"acf":[],"df_price":19.95,"df_sale_price":"","df_regular_price":19.95,"df_image_link":"https:\/\/glotomania.com\/wp-content\/uploads\/2025\/11\/img_17743_f1baacccedd4e3187077ce53d8a97459_1-20-300x300.jpg","brands":[],"_links":{"self":[{"href":"https:\/\/glotomania.com\/pt-pt\/wp-json\/wp\/v2\/product\/388497","targetHints":{"allow":["GET"]}}],"collection":[{"href":"https:\/\/glotomania.com\/pt-pt\/wp-json\/wp\/v2\/product"}],"about":[{"href":"https:\/\/glotomania.com\/pt-pt\/wp-json\/wp\/v2\/types\/product"}],"replies":[{"embeddable":true,"href":"https:\/\/glotomania.com\/pt-pt\/wp-json\/wp\/v2\/comments?post=388497"}],"wp:featuredmedia":[{"embeddable":true,"href":"https:\/\/glotomania.com\/pt-pt\/wp-json\/wp\/v2\/media\/347365"}],"wp:attachment":[{"href":"https:\/\/glotomania.com\/pt-pt\/wp-json\/wp\/v2\/media?parent=388497"}],"wp:term":[{"taxonomy":"pwb-brand","embeddable":true,"href":"https:\/\/glotomania.com\/pt-pt\/wp-json\/wp\/v2\/pwb-brand?post=388497"},{"taxonomy":"product_brand","embeddable":true,"href":"https:\/\/glotomania.com\/pt-pt\/wp-json\/wp\/v2\/product_brand?post=388497"},{"taxonomy":"product_cat","embeddable":true,"href":"https:\/\/glotomania.com\/pt-pt\/wp-json\/wp\/v2\/product_cat?post=388497"},{"taxonomy":"product_tag","embeddable":true,"href":"https:\/\/glotomania.com\/pt-pt\/wp-json\/wp\/v2\/product_tag?post=388497"}],"curies":[{"name":"wp","href":"https:\/\/api.w.org\/{rel}","templated":true}]}}