{"id":388498,"date":"2025-09-02T10:35:43","date_gmt":"2025-09-02T10:35:43","guid":{"rendered":"https:\/\/glotomania.com\/p\/cuchara-medidora-digital-scrapcooking-2\/"},"modified":"2026-04-25T00:31:51","modified_gmt":"2026-04-25T00:31:51","slug":"cuchara-medidora-digital-scrapcooking-2","status":"publish","type":"product","link":"https:\/\/glotomania.com\/pt-pt\/p\/cuchara-medidora-digital-scrapcooking-2\/","title":{"rendered":"Colher De Medida Digital Scrapcooking"},"content":{"rendered":"<div>&nbsp;<\/div>\n<div><span style=\"font-size:14px\">Perfeito para medir o a&ccedil;&uacute;car, a farinha, a manteiga, o sal, a pimenta, os corantes, as especiarias,&#8230; <\/span><\/div>\n<div><span style=\"font-size:14px\">Feito de pl&aacute;stico resistente e seguro para alimentos, pesos m&iacute;n\/m&aacute;x. <span style=\"white-space:pre\"> <\/span><\/span><\/div>\n<ul>\n<li><span style=\"font-size:14px\">Pesos m&iacute;nimos\/m&aacute;ximos: 0,1 g \/ 300 g <\/span>&#8211;&nbsp;<span style=\"font-size:14px\">Gradua&ccedil;&atilde;o: 0,1 g.<span style=\"white-space:pre\"> <\/span><\/span><\/li>\n<li><span style=\"font-size:14px\">Convers&atilde;o de gramas (g) para on&ccedil;as (oz). <span style=\"white-space:pre\"> <\/span><\/span><\/li>\n<li><span style=\"font-size:14px\">Ecr&atilde; LCD.<span style=\"white-space:pre\"> <\/span>Desliga-se automaticamente ap&oacute;s 30 segundos. <span style=\"white-space:pre\"> <\/span><\/span><\/li>\n<li><span style=\"font-size:14px\">Bot&atilde;o HOLD para manter o ecr&atilde; ligado.<span style=\"white-space:pre\"> <\/span><\/span><\/li>\n<li><span style=\"font-size:14px\">Alimentado por 2 pilhas AAA de 1,5 V (inclu&iacute;das).<span style=\"white-space:pre\"> <\/span><\/span><\/li>\n<li><span style=\"font-size:14px\">Folheto de instru&ccedil;&otilde;es inclu&iacute;do.<\/span><\/li>\n<\/ul>\n<p><strong>&#8203;&#8203;<\/strong><span style=\"font-size:14px\"><strong>Dimens&otilde;es: <\/strong>26 x 8 x 3,5 cm.<\/span><\/p>\n<p><strong><span style=\"font-size:14px\">Antes de utilizar a m&aacute;quina pela primeira vez, certifique-se de que l&ecirc; atentamente o folheto de instru&ccedil;&otilde;es inclu&iacute;do na caixa.<\/span><\/strong><\/p>\n<p><em><span style=\"font-size:14px\">Este produto n&atilde;o est&aacute; dispon&iacute;vel para a B&eacute;lgica, Fran&ccedil;a e Su&iacute;&ccedil;a.<\/span><\/em><\/p>\n","protected":false},"excerpt":{"rendered":"<p>Colher de medi\u00e7\u00e3o digital Scrapcooking, com a qual podes medir os teus ingredientes at\u00e9 ao miligrama mais pr\u00f3ximo.<\/p>\n","protected":false},"featured_media":350029,"comment_status":"open","ping_status":"closed","template":"","meta":{"_acf_changed":false},"pwb-brand":[],"product_brand":[],"product_cat":[3118,1935,3087,3229,1824,1767],"product_tag":[],"class_list":{"0":"post-388498","1":"product","2":"type-product","3":"status-publish","4":"has-post-thumbnail","6":"product_cat-colheres-2","7":"product_cat-cucharas","8":"product_cat-ordem-e-armazenamento","9":"product_cat-utensilios-de-medida","10":"product_cat-medida","11":"product_cat-utensilios","13":"first","14":"instock","15":"taxable","16":"shipping-taxable","17":"purchasable","18":"product-type-simple"},"acf":[],"df_price":20,"df_sale_price":14,"df_regular_price":20,"df_image_link":"https:\/\/glotomania.com\/wp-content\/uploads\/2025\/11\/img_17746_4281655e82b10f33fb75a547adc89843_1-27-300x300.jpg","brands":[],"_links":{"self":[{"href":"https:\/\/glotomania.com\/pt-pt\/wp-json\/wp\/v2\/product\/388498","targetHints":{"allow":["GET"]}}],"collection":[{"href":"https:\/\/glotomania.com\/pt-pt\/wp-json\/wp\/v2\/product"}],"about":[{"href":"https:\/\/glotomania.com\/pt-pt\/wp-json\/wp\/v2\/types\/product"}],"replies":[{"embeddable":true,"href":"https:\/\/glotomania.com\/pt-pt\/wp-json\/wp\/v2\/comments?post=388498"}],"wp:featuredmedia":[{"embeddable":true,"href":"https:\/\/glotomania.com\/pt-pt\/wp-json\/wp\/v2\/media\/350029"}],"wp:attachment":[{"href":"https:\/\/glotomania.com\/pt-pt\/wp-json\/wp\/v2\/media?parent=388498"}],"wp:term":[{"taxonomy":"pwb-brand","embeddable":true,"href":"https:\/\/glotomania.com\/pt-pt\/wp-json\/wp\/v2\/pwb-brand?post=388498"},{"taxonomy":"product_brand","embeddable":true,"href":"https:\/\/glotomania.com\/pt-pt\/wp-json\/wp\/v2\/product_brand?post=388498"},{"taxonomy":"product_cat","embeddable":true,"href":"https:\/\/glotomania.com\/pt-pt\/wp-json\/wp\/v2\/product_cat?post=388498"},{"taxonomy":"product_tag","embeddable":true,"href":"https:\/\/glotomania.com\/pt-pt\/wp-json\/wp\/v2\/product_tag?post=388498"}],"curies":[{"name":"wp","href":"https:\/\/api.w.org\/{rel}","templated":true}]}}