{"id":388503,"date":"2025-09-02T10:35:45","date_gmt":"2025-09-02T10:35:45","guid":{"rendered":"https:\/\/glotomania.com\/p\/sello-para-galletas-personalizadas-scrapcooking-2\/"},"modified":"2026-04-10T09:07:07","modified_gmt":"2026-04-10T09:07:07","slug":"sello-para-galletas-personalizadas-scrapcooking-2","status":"publish","type":"product","link":"https:\/\/glotomania.com\/pt-pt\/p\/sello-para-galletas-personalizadas-scrapcooking-2\/","title":{"rendered":"Carimbo Personalizado Para Biscoitos &#8211; Scrapcooking"},"content":{"rendered":"<p>&nbsp;<\/p>\n<p><span style=\"font-size:14px\">Carimbo personaliz&aacute;vel para Scrapcooking, ideal para bolachas e pasta de a&ccedil;&uacute;car. Pode escrever a mensagem que quiser gra&ccedil;as aos seus <strong>84 caracteres!<\/strong> Inclui letras, n&uacute;meros e s&iacute;mbolos. <\/span><\/p>\n<p><span style=\"font-size:14px\"><u>Cabo <\/u>de <strong>madeira <\/strong>e <u>carimbo <\/u>de <strong>silicone<\/strong>, ambos de qualidade alimentar. <\/span><\/p>\n<p><span style=\"font-size:14px\"><strong>Medidas do cabo: <\/strong>&Oslash;; 6,5 cm &#8211; H 8 cm.<\/span><\/p>\n<p><span style=\"font-size:14px\"><strong>Instru&ccedil;&otilde;es de limpeza:<\/strong> Lavar com &aacute;gua quente e secar antes da primeira utiliza&ccedil;&atilde;o e ap&oacute;s cada utiliza&ccedil;&atilde;o.N&atilde;o pode ser lavado na m&aacute;quina de lavar loi&ccedil;a.<\/span><\/p>\n<p><em><span style=\"font-size:14px\">Este produto n&atilde;o est&aacute; dispon&iacute;vel para a B&eacute;lgica, Fran&ccedil;a e Su&iacute;&ccedil;a.<\/span><\/em><\/p>\n","protected":false},"excerpt":{"rendered":"<p>Almofada de carimbos personaliz\u00e1vel Scrapcooking, com 84 caracteres (n\u00fameros, letras e s\u00edmbolos).<\/p>\n","protected":false},"featured_media":350007,"comment_status":"open","ping_status":"closed","template":"","meta":{"_acf_changed":false},"pwb-brand":[],"product_brand":[],"product_cat":[1852,3106,1820,2908,2911,3124,2907,2917,1823,2920,3087,2921,1862,1885,1849,1863,1866,1858,2924,3231,1994,1767],"product_tag":[],"class_list":{"0":"post-388503","1":"product","2":"type-product","3":"status-publish","4":"has-post-thumbnail","6":"product_cat-san-valentin","7":"product_cat-basicos-de-pastelaria","8":"product_cat-basicos","9":"product_cat-batizados","10":"product_cat-comunhoes","11":"product_cat-ferramentas-de-corte-e-modelacao-2","12":"product_cat-festas","13":"product_cat-halloween","14":"product_cat-herramientas-corte-y-modelado","15":"product_cat-natal-2","16":"product_cat-ordem-e-armazenamento","17":"product_cat-pascoa","18":"product_cat-comuniones","19":"product_cat-bautizos","20":"product_cat-fiestas","22":"product_cat-navidad","23":"product_cat-pascua","24":"product_cat-sao-valentim-2","25":"product_cat-utensilios-para-bolachas","26":"product_cat-utensilios-galletas","27":"product_cat-utensilios","29":"first","30":"instock","31":"taxable","32":"shipping-taxable","33":"purchasable","34":"product-type-simple"},"acf":[],"df_price":13.95,"df_sale_price":"","df_regular_price":13.95,"df_image_link":"https:\/\/glotomania.com\/wp-content\/uploads\/2025\/11\/img_17757_732b933985526c095bf656f7ef687274_1-25-300x300.jpg","brands":[],"_links":{"self":[{"href":"https:\/\/glotomania.com\/pt-pt\/wp-json\/wp\/v2\/product\/388503","targetHints":{"allow":["GET"]}}],"collection":[{"href":"https:\/\/glotomania.com\/pt-pt\/wp-json\/wp\/v2\/product"}],"about":[{"href":"https:\/\/glotomania.com\/pt-pt\/wp-json\/wp\/v2\/types\/product"}],"replies":[{"embeddable":true,"href":"https:\/\/glotomania.com\/pt-pt\/wp-json\/wp\/v2\/comments?post=388503"}],"wp:featuredmedia":[{"embeddable":true,"href":"https:\/\/glotomania.com\/pt-pt\/wp-json\/wp\/v2\/media\/350007"}],"wp:attachment":[{"href":"https:\/\/glotomania.com\/pt-pt\/wp-json\/wp\/v2\/media?parent=388503"}],"wp:term":[{"taxonomy":"pwb-brand","embeddable":true,"href":"https:\/\/glotomania.com\/pt-pt\/wp-json\/wp\/v2\/pwb-brand?post=388503"},{"taxonomy":"product_brand","embeddable":true,"href":"https:\/\/glotomania.com\/pt-pt\/wp-json\/wp\/v2\/product_brand?post=388503"},{"taxonomy":"product_cat","embeddable":true,"href":"https:\/\/glotomania.com\/pt-pt\/wp-json\/wp\/v2\/product_cat?post=388503"},{"taxonomy":"product_tag","embeddable":true,"href":"https:\/\/glotomania.com\/pt-pt\/wp-json\/wp\/v2\/product_tag?post=388503"}],"curies":[{"name":"wp","href":"https:\/\/api.w.org\/{rel}","templated":true}]}}