{"id":388504,"date":"2025-10-01T12:08:45","date_gmt":"2025-10-01T12:08:45","guid":{"rendered":"https:\/\/glotomania.com\/p\/preparado-funcakes-para-cupcakes-10-kg-2\/"},"modified":"2026-03-10T16:18:45","modified_gmt":"2026-03-10T16:18:45","slug":"preparado-funcakes-para-cupcakes-10-kg-2","status":"publish","type":"product","link":"https:\/\/glotomania.com\/pt-pt\/p\/preparado-funcakes-para-cupcakes-10-kg-2\/","title":{"rendered":"Prepara\u00c7\u00c3o De Cupcakes Para Cupcakes 10 Kg"},"content":{"rendered":"<p>&nbsp;<\/p>\n<p><span style=\"font-size:14px\"><span style=\"color:#000000\"><strong>Prepara&ccedil;&atilde;o:&nbsp;<\/strong><br \/>\nCertifique-se de que todos os ingredientes est&atilde;o &agrave; temperatura ambiente. Aquecer o forno a 180&deg;C (forno de convec&ccedil;&atilde;o, 160&deg;C).&nbsp;<\/span><\/span><\/p>\n<p><span style=\"font-size:14px\"><span style=\"color:#000000\"><strong>Para 20-24 cupcakes,<\/strong> bater 500 g de massa, 250 g de manteiga e 5 ovos (tamanho M, aprox. 250 g) durante 4 minutos a baixa velocidade, at&eacute; que a velocidade seja suave.&nbsp;<br \/>\nDispor moldes de papel numa lata de muffin e colher a massa para dentro dos moldes (cerca de meio caminho). Cozer os bolos no forno pr&eacute;-aquecido durante aproximadamente 18 minutos.&nbsp;<\/span><\/span><\/p>\n<p><span style=\"font-size:14px\"><span style=\"color:#000000\"><strong>Para mini cupcakes: <\/strong>Com 500 g da mistura de cupcakes pode fazer aproximadamente 40-48 mini cupcakes. Cozer os mini cupcakes durante aproximadamente 12-15 minutos.&nbsp;<\/span><\/span><\/p>\n<p><span style=\"font-size:14px\"><span style=\"color:#000000\"><strong>Bolo de ameixa (25 cm)<\/strong>: cozer o bolo a 150-160&deg;C (forno de convec&ccedil;&atilde;o) durante aproximadamente 60-70 minutos. <em>Dica: adicionar um toque de sal e\/ou um aroma a gosto, por exemplo, lim&atilde;o ou laranja&#8230;<\/em><\/span><\/span><\/p>\n<p>&nbsp;<\/p>\n","protected":false},"excerpt":{"rendered":"<p>Com a prepara\u00e7\u00e3o dos Funcakes receber\u00e1 cupcakes deliciosos e fofos em apenas 25 minutos!<\/p>\n","protected":false},"featured_media":142565,"comment_status":"open","ping_status":"closed","template":"","meta":{"_acf_changed":false},"pwb-brand":[],"product_brand":[],"product_cat":[1832,2997,1901,3054,1854,2996],"product_tag":[],"class_list":{"0":"post-388504","1":"product","2":"type-product","3":"status-publish","4":"has-post-thumbnail","6":"product_cat-diestas-especiales","7":"product_cat-halal","8":"product_cat-dieta-halal","9":"product_cat-preparados-de-pastelaria-2","10":"product_cat-preparados","11":"product_cat-produtos-vegetarianos","13":"first","14":"outofstock","15":"taxable","16":"shipping-taxable","17":"purchasable","18":"product-type-simple"},"acf":[],"df_price":39.87,"df_sale_price":"","df_regular_price":39.87,"df_image_link":"https:\/\/glotomania.com\/wp-content\/uploads\/2025\/09\/img_17935_92b489d0a7c91eef46993fecdc055a80_1-300x300.png","brands":[],"_links":{"self":[{"href":"https:\/\/glotomania.com\/pt-pt\/wp-json\/wp\/v2\/product\/388504","targetHints":{"allow":["GET"]}}],"collection":[{"href":"https:\/\/glotomania.com\/pt-pt\/wp-json\/wp\/v2\/product"}],"about":[{"href":"https:\/\/glotomania.com\/pt-pt\/wp-json\/wp\/v2\/types\/product"}],"replies":[{"embeddable":true,"href":"https:\/\/glotomania.com\/pt-pt\/wp-json\/wp\/v2\/comments?post=388504"}],"wp:featuredmedia":[{"embeddable":true,"href":"https:\/\/glotomania.com\/pt-pt\/wp-json\/wp\/v2\/media\/142565"}],"wp:attachment":[{"href":"https:\/\/glotomania.com\/pt-pt\/wp-json\/wp\/v2\/media?parent=388504"}],"wp:term":[{"taxonomy":"pwb-brand","embeddable":true,"href":"https:\/\/glotomania.com\/pt-pt\/wp-json\/wp\/v2\/pwb-brand?post=388504"},{"taxonomy":"product_brand","embeddable":true,"href":"https:\/\/glotomania.com\/pt-pt\/wp-json\/wp\/v2\/product_brand?post=388504"},{"taxonomy":"product_cat","embeddable":true,"href":"https:\/\/glotomania.com\/pt-pt\/wp-json\/wp\/v2\/product_cat?post=388504"},{"taxonomy":"product_tag","embeddable":true,"href":"https:\/\/glotomania.com\/pt-pt\/wp-json\/wp\/v2\/product_tag?post=388504"}],"curies":[{"name":"wp","href":"https:\/\/api.w.org\/{rel}","templated":true}]}}