{"id":388525,"date":"2025-09-02T10:36:15","date_gmt":"2025-09-02T10:36:15","guid":{"rendered":"https:\/\/glotomania.com\/p\/set-utensilios-scrapcooking-unicornio-2\/"},"modified":"2026-03-10T16:20:34","modified_gmt":"2026-03-10T16:20:34","slug":"set-utensilios-scrapcooking-unicornio-2","status":"publish","type":"product","link":"https:\/\/glotomania.com\/pt-pt\/p\/set-utensilios-scrapcooking-unicornio-2\/","title":{"rendered":"Set De Utens\u00cdlios Scrapcooking &#8211; Unic\u00d3rnio"},"content":{"rendered":"<p>&nbsp;<\/p>\n<p><span style=\"font-size:14px\">O conjunto inclui: forma, batedor, colher e cortador. <\/span><\/p>\n<p><span style=\"font-size:14px\"><u>Molde e utens&iacute;lios<\/u> em <strong>silicone <\/strong>de qualidade alimentar.<\/span><\/p>\n<p><span style=\"font-size:14px\"><u>Cortador<\/u> em <strong>a&ccedil;o inoxid&aacute;vel<\/strong>, seguro para alimentos. <\/span><\/p>\n<p><span style=\"font-size:14px\"><strong>Dimens&otilde;es aproximadas<\/strong>: <u>Molde<\/u> 25,5 x 21 x 21 x 5 cm &#8211; <u>Cortador <\/u>9,4 x 6,5 x 2,5 cm &#8211; <u>Batedor <\/u>19,5 x 6 cm &#8211; <u>Colher <\/u>20,5 x 4,1 cm. <\/span><\/p>\n<p><em><span style=\"font-size:14px\">Este produto n&atilde;o est&aacute; dispon&iacute;vel para a B&eacute;lgica, Fran&ccedil;a e Su&iacute;&ccedil;a.<\/span><\/em><\/p>\n","protected":false},"excerpt":{"rendered":"<p>Fant\u00e1stico conjunto de unic\u00f3rnio cor-de-rosa, com 1 molde de silicone, 1 cortador de a\u00e7o e 2 utens\u00edlios de cozinha.<\/p>\n","protected":false},"featured_media":344112,"comment_status":"open","ping_status":"closed","template":"","meta":{"_acf_changed":false},"pwb-brand":[],"product_brand":[],"product_cat":[3106,3146,2908,2911,3199,2907,3214,3222,3087,1820,1788,1801,1810,1862,1885,1849,1767,1913],"product_tag":[],"class_list":{"0":"post-388525","1":"product","2":"type-product","3":"status-publish","4":"has-post-thumbnail","6":"product_cat-basicos-de-pastelaria","7":"product_cat-batedores-e-utensilios-de-cozinha","8":"product_cat-batizados","9":"product_cat-comunhoes","10":"product_cat-cortadores-de-metal","11":"product_cat-festas","12":"product_cat-moldes-de-pastelaria","13":"product_cat-moldes-de-silicone","14":"product_cat-ordem-e-armazenamento","15":"product_cat-basicos","16":"product_cat-cortadores-de-cobre","17":"product_cat-moldes","18":"product_cat-moldes-silicona","19":"product_cat-comuniones","20":"product_cat-bautizos","21":"product_cat-fiestas","22":"product_cat-utensilios","23":"product_cat-varillas","25":"first","26":"instock","27":"taxable","28":"shipping-taxable","29":"purchasable","30":"product-type-simple"},"acf":[],"df_price":22.95,"df_sale_price":"","df_regular_price":22.95,"df_image_link":"https:\/\/glotomania.com\/wp-content\/uploads\/2025\/11\/img_18136_e2ab57f59c5565b283b7fcfb8cc64985_1-21-300x300.jpg","brands":[],"_links":{"self":[{"href":"https:\/\/glotomania.com\/pt-pt\/wp-json\/wp\/v2\/product\/388525","targetHints":{"allow":["GET"]}}],"collection":[{"href":"https:\/\/glotomania.com\/pt-pt\/wp-json\/wp\/v2\/product"}],"about":[{"href":"https:\/\/glotomania.com\/pt-pt\/wp-json\/wp\/v2\/types\/product"}],"replies":[{"embeddable":true,"href":"https:\/\/glotomania.com\/pt-pt\/wp-json\/wp\/v2\/comments?post=388525"}],"wp:featuredmedia":[{"embeddable":true,"href":"https:\/\/glotomania.com\/pt-pt\/wp-json\/wp\/v2\/media\/344112"}],"wp:attachment":[{"href":"https:\/\/glotomania.com\/pt-pt\/wp-json\/wp\/v2\/media?parent=388525"}],"wp:term":[{"taxonomy":"pwb-brand","embeddable":true,"href":"https:\/\/glotomania.com\/pt-pt\/wp-json\/wp\/v2\/pwb-brand?post=388525"},{"taxonomy":"product_brand","embeddable":true,"href":"https:\/\/glotomania.com\/pt-pt\/wp-json\/wp\/v2\/product_brand?post=388525"},{"taxonomy":"product_cat","embeddable":true,"href":"https:\/\/glotomania.com\/pt-pt\/wp-json\/wp\/v2\/product_cat?post=388525"},{"taxonomy":"product_tag","embeddable":true,"href":"https:\/\/glotomania.com\/pt-pt\/wp-json\/wp\/v2\/product_tag?post=388525"}],"curies":[{"name":"wp","href":"https:\/\/api.w.org\/{rel}","templated":true}]}}