{"id":388530,"date":"2025-09-02T10:36:18","date_gmt":"2025-09-02T10:36:18","guid":{"rendered":"https:\/\/glotomania.com\/p\/espatula-mango-de-madera-dr-oetker-28-cm-2\/"},"modified":"2026-04-28T00:14:22","modified_gmt":"2026-04-28T00:14:22","slug":"espatula-mango-de-madera-dr-oetker-28-cm-2","status":"publish","type":"product","link":"https:\/\/glotomania.com\/pt-pt\/p\/espatula-mango-de-madera-dr-oetker-28-cm-2\/","title":{"rendered":"Esp\u00c1tula (cabo De Madeira) Dr. Oetker &#8211; 28 Cm"},"content":{"rendered":"<p>&nbsp;<\/p>\n<p><span style=\"font-size: 14px\">Cabo feito de madeira e cabe&ccedil;a de pl&aacute;stico resistente mas flex&iacute;vel, adequado para uso alimentar.<\/span><\/p>\n<p><span style=\"font-size: 14px\">N&atilde;o &eacute; seguro para a m&aacute;quina de lavar lou&ccedil;a.<\/span><\/p>\n<p><span style=\"font-size: 14px\"><strong>Dimens&otilde;es:&nbsp;<\/strong>28&nbsp;x 5,5 cm.<\/span><\/p>\n<p><em><span style=\"font-size: 14px\"><strong>Dr. Oetker<\/strong>&nbsp;representa 125 anos de produtos de qualidade garantida e inovadores. Apenas os melhores materiais s&atilde;o utilizados e todos os produtos s&atilde;o minuciosamente testados na cozinha de testes da&nbsp;<strong>Dr. Oetker<\/strong>.<\/span><\/em><\/p>\n","protected":false},"excerpt":{"rendered":"<p>Esp\u00e1tula Dr. Oetker com cabo de madeira &#8211; o utens\u00edlio perfeito que n\u00e3o deve faltar na nossa cozinha!<\/p>\n","protected":false},"featured_media":154265,"comment_status":"open","ping_status":"closed","template":"","meta":{"_acf_changed":false},"pwb-brand":[],"product_brand":[],"product_cat":[3106,1820,3120,1943,3087,1767],"product_tag":[],"class_list":{"0":"post-388530","1":"product","2":"type-product","3":"status-publish","4":"has-post-thumbnail","6":"product_cat-basicos-de-pastelaria","7":"product_cat-basicos","8":"product_cat-espatulas-e-alisadores-2","9":"product_cat-espatulas-y-alisadores","10":"product_cat-ordem-e-armazenamento","11":"product_cat-utensilios","13":"first","14":"instock","15":"taxable","16":"shipping-taxable","17":"purchasable","18":"product-type-simple"},"acf":[],"df_price":3.4,"df_sale_price":3.4,"df_regular_price":4.85,"df_image_link":"https:\/\/glotomania.com\/wp-content\/uploads\/2025\/09\/img_18146_70cabaef1de645af8aed4831be6cb46a_1-300x300.png","brands":[],"_links":{"self":[{"href":"https:\/\/glotomania.com\/pt-pt\/wp-json\/wp\/v2\/product\/388530","targetHints":{"allow":["GET"]}}],"collection":[{"href":"https:\/\/glotomania.com\/pt-pt\/wp-json\/wp\/v2\/product"}],"about":[{"href":"https:\/\/glotomania.com\/pt-pt\/wp-json\/wp\/v2\/types\/product"}],"replies":[{"embeddable":true,"href":"https:\/\/glotomania.com\/pt-pt\/wp-json\/wp\/v2\/comments?post=388530"}],"wp:featuredmedia":[{"embeddable":true,"href":"https:\/\/glotomania.com\/pt-pt\/wp-json\/wp\/v2\/media\/154265"}],"wp:attachment":[{"href":"https:\/\/glotomania.com\/pt-pt\/wp-json\/wp\/v2\/media?parent=388530"}],"wp:term":[{"taxonomy":"pwb-brand","embeddable":true,"href":"https:\/\/glotomania.com\/pt-pt\/wp-json\/wp\/v2\/pwb-brand?post=388530"},{"taxonomy":"product_brand","embeddable":true,"href":"https:\/\/glotomania.com\/pt-pt\/wp-json\/wp\/v2\/product_brand?post=388530"},{"taxonomy":"product_cat","embeddable":true,"href":"https:\/\/glotomania.com\/pt-pt\/wp-json\/wp\/v2\/product_cat?post=388530"},{"taxonomy":"product_tag","embeddable":true,"href":"https:\/\/glotomania.com\/pt-pt\/wp-json\/wp\/v2\/product_tag?post=388530"}],"curies":[{"name":"wp","href":"https:\/\/api.w.org\/{rel}","templated":true}]}}