{"id":388532,"date":"2025-09-02T10:36:19","date_gmt":"2025-09-02T10:36:19","guid":{"rendered":"https:\/\/glotomania.com\/p\/espatula-de-silicona-dr-oetker-2\/"},"modified":"2026-04-14T05:34:48","modified_gmt":"2026-04-14T05:34:48","slug":"espatula-de-silicona-dr-oetker-2","status":"publish","type":"product","link":"https:\/\/glotomania.com\/pt-pt\/p\/espatula-de-silicona-dr-oetker-2\/","title":{"rendered":"Esp\u00c1tula De Silicone &#8211; Dr. Oetker"},"content":{"rendered":"<p>&nbsp;<\/p>\n<p><span style=\"font-size:14px\">Adequado para panelas, tachos e mesmo Thermomix, gra&ccedil;as &agrave;s suas grandes propriedades anti-aderentes.<\/span><\/p>\n<p><span style=\"font-size:14px\">Fabricado em silicone de alta qualidade e seguro para os alimentos.<\/span><\/p>\n<p><span style=\"font-size:14px\">Lavagem da lou&ccedil;a em seguran&ccedil;a.<\/span><\/p>\n<p><span style=\"font-size:14px\"><strong>Dimens&otilde;es: <\/strong>27 cm.<\/span><\/p>\n<p><em><span style=\"font-size:14px\"><strong>Dr. Oetker<\/strong> representa 125 anos de produtos de qualidade garantida e inovadores. Apenas os melhores materiais s&atilde;o utilizados e todos os produtos s&atilde;o minuciosamente testados na cozinha de testes da <strong>Dr. Oetker.<\/strong><\/span><\/em><\/p>\n","protected":false},"excerpt":{"rendered":"<p>A esp\u00e1tula de silicone altamente flex\u00edvel da Dr. Oetker &#8211; o utens\u00edlio perfeito que n\u00e3o deve faltar na nossa cozinha!<\/p>\n","protected":false},"featured_media":344095,"comment_status":"open","ping_status":"closed","template":"","meta":{"_acf_changed":false,"_joinchat":[]},"pwb-brand":[],"product_brand":[],"product_cat":[3106,3120,3087,1820,1943,1767],"product_tag":[],"class_list":{"0":"post-388532","1":"product","2":"type-product","3":"status-publish","4":"has-post-thumbnail","6":"product_cat-basicos-de-pastelaria","7":"product_cat-espatulas-e-alisadores-2","8":"product_cat-ordem-e-armazenamento","9":"product_cat-basicos","10":"product_cat-espatulas-y-alisadores","11":"product_cat-utensilios","13":"first","14":"instock","15":"taxable","16":"shipping-taxable","17":"purchasable","18":"product-type-simple"},"acf":[],"df_price":6.97,"df_sale_price":6.97,"df_regular_price":9.95,"df_image_link":"https:\/\/glotomania.com\/wp-content\/uploads\/2025\/11\/img_18149_f19749c2f186c1234bccd4408db6d5d7_1-30-300x300.jpg","brands":[],"_links":{"self":[{"href":"https:\/\/glotomania.com\/pt-pt\/wp-json\/wp\/v2\/product\/388532","targetHints":{"allow":["GET"]}}],"collection":[{"href":"https:\/\/glotomania.com\/pt-pt\/wp-json\/wp\/v2\/product"}],"about":[{"href":"https:\/\/glotomania.com\/pt-pt\/wp-json\/wp\/v2\/types\/product"}],"replies":[{"embeddable":true,"href":"https:\/\/glotomania.com\/pt-pt\/wp-json\/wp\/v2\/comments?post=388532"}],"wp:featuredmedia":[{"embeddable":true,"href":"https:\/\/glotomania.com\/pt-pt\/wp-json\/wp\/v2\/media\/344095"}],"wp:attachment":[{"href":"https:\/\/glotomania.com\/pt-pt\/wp-json\/wp\/v2\/media?parent=388532"}],"wp:term":[{"taxonomy":"pwb-brand","embeddable":true,"href":"https:\/\/glotomania.com\/pt-pt\/wp-json\/wp\/v2\/pwb-brand?post=388532"},{"taxonomy":"product_brand","embeddable":true,"href":"https:\/\/glotomania.com\/pt-pt\/wp-json\/wp\/v2\/product_brand?post=388532"},{"taxonomy":"product_cat","embeddable":true,"href":"https:\/\/glotomania.com\/pt-pt\/wp-json\/wp\/v2\/product_cat?post=388532"},{"taxonomy":"product_tag","embeddable":true,"href":"https:\/\/glotomania.com\/pt-pt\/wp-json\/wp\/v2\/product_tag?post=388532"}],"curies":[{"name":"wp","href":"https:\/\/api.w.org\/{rel}","templated":true}]}}