{"id":388540,"date":"2025-09-02T10:36:22","date_gmt":"2025-09-02T10:36:22","guid":{"rendered":"https:\/\/glotomania.com\/p\/dummy-huevo-de-pascua-5-cm-2\/"},"modified":"2026-03-10T16:21:13","modified_gmt":"2026-03-10T16:21:13","slug":"dummy-huevo-de-pascua-5-cm-2","status":"publish","type":"product","link":"https:\/\/glotomania.com\/pt-pt\/p\/dummy-huevo-de-pascua-5-cm-2\/","title":{"rendered":"Dummie Ovo De P\u00c1scoa &#8211; 5 Cm"},"content":{"rendered":"<p>\n<span style=\"font-size: 14px\">Pode ser coberto com pasta de a&ccedil;&uacute;car, doces,&#8230; ou decorado conforme desejado, mantendo a sua densidade. Ideal para fazer bolos falsos para montras de lojas, mesas de doces e exposi&ccedil;&otilde;es.<\/span><\/p>\n<p><span style=\"font-size: 14px\">Feito de poliestireno&nbsp;<\/span><span style=\"font-size: 14px\">expandido (poliexpam \/ porexpam).<\/span><\/p>\n<p><span style=\"font-size: 14px\"><strong>Dimens&otilde;es:&nbsp;<\/strong>Altura 5 cm.<\/span><\/p>\n<p><em><span style=\"font-size: 14px\">Vendido com pl&aacute;stico protector por unidade para assegurar o bom estado do produto.&nbsp;<\/span><\/em><\/p>\n<p><strong><span style=\"font-size: 14px\">Todos os nossos dummies s&atilde;o feitos de porexpam expandido de densidade 20 kls. e adequados para contacto com alimentos, adaptando-se a qualquer tamanho e desenho.<\/span><\/strong><\/p>\n","protected":false},"excerpt":{"rendered":"<p>Dummie oval em forma de ovo feito de poliestireno de alta qualidade, ideal para fazer as nossas decora\u00e7\u00f5es da P\u00e1scoa.<\/p>\n","protected":false},"featured_media":154277,"comment_status":"open","ping_status":"closed","template":"","meta":{"_acf_changed":false},"pwb-brand":[],"product_brand":[],"product_cat":[3213,2907,3087,2921,1798,1849,1858,1767],"product_tag":[],"class_list":{"0":"post-388540","1":"product","2":"type-product","3":"status-publish","4":"has-post-thumbnail","6":"product_cat-dummies-redondos","7":"product_cat-festas","8":"product_cat-ordem-e-armazenamento","9":"product_cat-pascoa","10":"product_cat-dummies","11":"product_cat-fiestas","12":"product_cat-pascua","13":"product_cat-utensilios","15":"first","16":"instock","17":"taxable","18":"shipping-taxable","19":"purchasable","20":"product-type-simple"},"acf":[],"df_price":2.13,"df_sale_price":"","df_regular_price":2.13,"df_image_link":"https:\/\/glotomania.com\/wp-content\/uploads\/2025\/09\/img_20218_02d3bc5760c3a8ec10744c62107beab0_1-300x300.png","brands":[],"_links":{"self":[{"href":"https:\/\/glotomania.com\/pt-pt\/wp-json\/wp\/v2\/product\/388540","targetHints":{"allow":["GET"]}}],"collection":[{"href":"https:\/\/glotomania.com\/pt-pt\/wp-json\/wp\/v2\/product"}],"about":[{"href":"https:\/\/glotomania.com\/pt-pt\/wp-json\/wp\/v2\/types\/product"}],"replies":[{"embeddable":true,"href":"https:\/\/glotomania.com\/pt-pt\/wp-json\/wp\/v2\/comments?post=388540"}],"wp:featuredmedia":[{"embeddable":true,"href":"https:\/\/glotomania.com\/pt-pt\/wp-json\/wp\/v2\/media\/154277"}],"wp:attachment":[{"href":"https:\/\/glotomania.com\/pt-pt\/wp-json\/wp\/v2\/media?parent=388540"}],"wp:term":[{"taxonomy":"pwb-brand","embeddable":true,"href":"https:\/\/glotomania.com\/pt-pt\/wp-json\/wp\/v2\/pwb-brand?post=388540"},{"taxonomy":"product_brand","embeddable":true,"href":"https:\/\/glotomania.com\/pt-pt\/wp-json\/wp\/v2\/product_brand?post=388540"},{"taxonomy":"product_cat","embeddable":true,"href":"https:\/\/glotomania.com\/pt-pt\/wp-json\/wp\/v2\/product_cat?post=388540"},{"taxonomy":"product_tag","embeddable":true,"href":"https:\/\/glotomania.com\/pt-pt\/wp-json\/wp\/v2\/product_tag?post=388540"}],"curies":[{"name":"wp","href":"https:\/\/api.w.org\/{rel}","templated":true}]}}