{"id":388545,"date":"2025-09-02T10:36:24","date_gmt":"2025-09-02T10:36:24","guid":{"rendered":"https:\/\/glotomania.com\/p\/dummy-forma-de-cono-135-cm-2\/"},"modified":"2026-03-10T16:21:25","modified_gmt":"2026-03-10T16:21:25","slug":"dummy-forma-de-cono-135-cm-2","status":"publish","type":"product","link":"https:\/\/glotomania.com\/pt-pt\/p\/dummy-forma-de-cono-135-cm-2\/","title":{"rendered":"Dummie Forma De Cono &#8211; 13,5 Cm"},"content":{"rendered":"<p>&nbsp;<\/p>\n<p><span style=\"color:#000000\"><span style=\"font-size: 14px\">Pode ser coberto com pasta de a&ccedil;&uacute;car, doces,&#8230; ou decor&aacute;-lo como desejar, mantendo a sua densidade. Ideal para fazer bolos falsos para montras de lojas, mesas de doces e exposi&ccedil;&otilde;es.<\/span><\/span><\/p>\n<p><span style=\"color:#000000\"><span style=\"font-size: 14px\">Feito de poliestireno expandido (poliexpam \/ porexpam).<\/span><\/span><\/p>\n<p><span style=\"color:#000000\"><span style=\"font-size: 14px\"><strong>Dimens&otilde;es aproximadas:&nbsp;<\/strong>&nbsp;<\/span><span class=\"mw-page-title-main\"><span style=\"font-size: 14px\">&Oslash; 8 cm &#8211;&nbsp;<\/span><\/span><span style=\"font-size: 14px\">Altura 13,5 cm.<\/span><\/span><\/p>\n<p><span style=\"color:#000000\"><em><span style=\"font-size: 14px\">Vendido com pl&aacute;stico protector por unidade para assegurar o bom estado do produto.&nbsp;<\/span><\/em><\/span><\/p>\n<p><span><strong><span style=\"font-size: 14px\">Todos os nossos&nbsp;<\/span><\/strong><\/span><strong><span style=\"font-size: 14px\">dummies<\/span><\/strong><span><strong><span style=\"font-size: 14px\">&nbsp;s&atilde;o feitos de porexpam expandido de densidade 20 kls. e adequados para contacto alimentar, adaptando-se a qualquer tamanho e desenho.<\/span><\/strong><\/span><\/p>\n","protected":false},"excerpt":{"rendered":"<p>Dummie c\u00f3nico ideal para fazer pir\u00e2mides de macaron, e mesmo \u00e1rvores de Natal n\u00e3o comest\u00edveis.<\/p>\n","protected":false},"featured_media":246741,"comment_status":"open","ping_status":"closed","template":"","meta":{"_acf_changed":false},"pwb-brand":[],"product_brand":[],"product_cat":[2910,2911,1798,3213,2907,2920,3087,1888,1862,1849,1866,1767],"product_tag":[],"class_list":{"0":"post-388545","1":"product","2":"type-product","3":"status-publish","4":"has-post-thumbnail","6":"product_cat-casamentos-2","7":"product_cat-comunhoes","8":"product_cat-dummies","9":"product_cat-dummies-redondos","10":"product_cat-festas","11":"product_cat-natal-2","12":"product_cat-ordem-e-armazenamento","13":"product_cat-bodas","14":"product_cat-comuniones","15":"product_cat-fiestas","16":"product_cat-navidad","17":"product_cat-utensilios","19":"first","20":"instock","21":"taxable","22":"shipping-taxable","23":"purchasable","24":"product-type-simple"},"acf":[],"df_price":5.75,"df_sale_price":"","df_regular_price":5.75,"df_image_link":"https:\/\/glotomania.com\/wp-content\/uploads\/2025\/11\/img_20222_b3cb14a786ffd57a64b52cb72b4fc931_1-300x300.jpg","brands":[],"_links":{"self":[{"href":"https:\/\/glotomania.com\/pt-pt\/wp-json\/wp\/v2\/product\/388545","targetHints":{"allow":["GET"]}}],"collection":[{"href":"https:\/\/glotomania.com\/pt-pt\/wp-json\/wp\/v2\/product"}],"about":[{"href":"https:\/\/glotomania.com\/pt-pt\/wp-json\/wp\/v2\/types\/product"}],"replies":[{"embeddable":true,"href":"https:\/\/glotomania.com\/pt-pt\/wp-json\/wp\/v2\/comments?post=388545"}],"wp:featuredmedia":[{"embeddable":true,"href":"https:\/\/glotomania.com\/pt-pt\/wp-json\/wp\/v2\/media\/246741"}],"wp:attachment":[{"href":"https:\/\/glotomania.com\/pt-pt\/wp-json\/wp\/v2\/media?parent=388545"}],"wp:term":[{"taxonomy":"pwb-brand","embeddable":true,"href":"https:\/\/glotomania.com\/pt-pt\/wp-json\/wp\/v2\/pwb-brand?post=388545"},{"taxonomy":"product_brand","embeddable":true,"href":"https:\/\/glotomania.com\/pt-pt\/wp-json\/wp\/v2\/product_brand?post=388545"},{"taxonomy":"product_cat","embeddable":true,"href":"https:\/\/glotomania.com\/pt-pt\/wp-json\/wp\/v2\/product_cat?post=388545"},{"taxonomy":"product_tag","embeddable":true,"href":"https:\/\/glotomania.com\/pt-pt\/wp-json\/wp\/v2\/product_tag?post=388545"}],"curies":[{"name":"wp","href":"https:\/\/api.w.org\/{rel}","templated":true}]}}