{"id":388551,"date":"2025-09-02T10:36:25","date_gmt":"2025-09-02T10:36:25","guid":{"rendered":"https:\/\/glotomania.com\/p\/dummy-forma-de-cono-35-cm-2\/"},"modified":"2026-03-10T18:01:11","modified_gmt":"2026-03-10T18:01:11","slug":"dummy-forma-de-cono-35-cm-2","status":"publish","type":"product","link":"https:\/\/glotomania.com\/pt-pt\/p\/dummy-forma-de-cono-35-cm-2\/","title":{"rendered":"Dummie Forma De Cono &#8211; 35 Cm"},"content":{"rendered":"<p>&nbsp;<\/p>\n<p><span style=\"font-size:14px\"><span style=\"color:#000000\">Pode ser coberto com pasta de a&ccedil;&uacute;car, doces,&#8230; ou decor&aacute;-lo como desejar, mantendo a sua densidade. Ideal para fazer bolos falsos para montras de lojas, mesas de doces e exposi&ccedil;&otilde;es.<\/span><\/span><\/p>\n<p><span style=\"font-size:14px\"><span style=\"color:#000000\">Feito de poliestireno expandido (poliexpam \/ porexpam).<\/span><\/span><\/p>\n<p><span style=\"font-size:14px\"><span style=\"color:#000000\"><strong>Dimens&otilde;es aproximadas:&nbsp;<\/strong><span>&Oslash; 17&nbsp;cm &#8211;&nbsp;<\/span>Altura 35 cm.<\/span><\/span><\/p>\n<p><span style=\"font-size:14px\"><span style=\"color:#000000\"><em>Vendido com pl&aacute;stico protector por unidade para assegurar o bom estado do produto.&nbsp;<\/em><\/span><\/span><\/p>\n<p><span><strong><span style=\"font-size: 14px\">Todos os nossos&nbsp;<\/span><\/strong><\/span><strong><span style=\"font-size: 14px\">dummies<\/span><\/strong><span><strong><span style=\"font-size: 14px\">&nbsp;s&atilde;o feitos de porexpam expandido de densidade 20 kls. e adequados para contacto alimentar, adaptando-se a qualquer tamanho e desenho.<\/span><\/strong><\/span><\/p>\n","protected":false},"excerpt":{"rendered":"<p>Dummie c\u00f3nico ideal para fazer pir\u00e2mides de macaron, e mesmo \u00e1rvores de Natal n\u00e3o comest\u00edveis.<\/p>\n","protected":false},"featured_media":246743,"comment_status":"open","ping_status":"closed","template":"","meta":{"_acf_changed":false},"pwb-brand":[],"product_brand":[],"product_cat":[2910,2911,1798,3213,2907,2920,3087,1888,1862,1849,1866,1767],"product_tag":[],"class_list":{"0":"post-388551","1":"product","2":"type-product","3":"status-publish","4":"has-post-thumbnail","6":"product_cat-casamentos-2","7":"product_cat-comunhoes","8":"product_cat-dummies","9":"product_cat-dummies-redondos","10":"product_cat-festas","11":"product_cat-natal-2","12":"product_cat-ordem-e-armazenamento","13":"product_cat-bodas","14":"product_cat-comuniones","15":"product_cat-fiestas","16":"product_cat-navidad","17":"product_cat-utensilios","19":"first","20":"instock","21":"taxable","22":"shipping-taxable","23":"purchasable","24":"product-type-simple"},"acf":[],"df_price":16.13,"df_sale_price":"","df_regular_price":16.13,"df_image_link":"https:\/\/glotomania.com\/wp-content\/uploads\/2025\/11\/img_20225_58611d71dd2d2f8e179dbb940fd78867_1-300x300.jpg","brands":[],"_links":{"self":[{"href":"https:\/\/glotomania.com\/pt-pt\/wp-json\/wp\/v2\/product\/388551","targetHints":{"allow":["GET"]}}],"collection":[{"href":"https:\/\/glotomania.com\/pt-pt\/wp-json\/wp\/v2\/product"}],"about":[{"href":"https:\/\/glotomania.com\/pt-pt\/wp-json\/wp\/v2\/types\/product"}],"replies":[{"embeddable":true,"href":"https:\/\/glotomania.com\/pt-pt\/wp-json\/wp\/v2\/comments?post=388551"}],"wp:featuredmedia":[{"embeddable":true,"href":"https:\/\/glotomania.com\/pt-pt\/wp-json\/wp\/v2\/media\/246743"}],"wp:attachment":[{"href":"https:\/\/glotomania.com\/pt-pt\/wp-json\/wp\/v2\/media?parent=388551"}],"wp:term":[{"taxonomy":"pwb-brand","embeddable":true,"href":"https:\/\/glotomania.com\/pt-pt\/wp-json\/wp\/v2\/pwb-brand?post=388551"},{"taxonomy":"product_brand","embeddable":true,"href":"https:\/\/glotomania.com\/pt-pt\/wp-json\/wp\/v2\/product_brand?post=388551"},{"taxonomy":"product_cat","embeddable":true,"href":"https:\/\/glotomania.com\/pt-pt\/wp-json\/wp\/v2\/product_cat?post=388551"},{"taxonomy":"product_tag","embeddable":true,"href":"https:\/\/glotomania.com\/pt-pt\/wp-json\/wp\/v2\/product_tag?post=388551"}],"curies":[{"name":"wp","href":"https:\/\/api.w.org\/{rel}","templated":true}]}}