{"id":388564,"date":"2026-01-13T10:42:12","date_gmt":"2026-01-13T10:42:12","guid":{"rendered":"https:\/\/glotomania.com\/p\/cartucho-de-limpieza-tinta-comestible-cian-cli-581-2\/"},"modified":"2026-03-10T18:01:37","modified_gmt":"2026-03-10T18:01:37","slug":"cartucho-de-limpieza-tinta-comestible-cian-cli-581-2","status":"publish","type":"product","link":"https:\/\/glotomania.com\/pt-pt\/p\/cartucho-de-limpieza-tinta-comestible-cian-cli-581-2\/","title":{"rendered":"Cartucho De Limpeza De Tinta Comest\u00cdvel &#8211; Cyan [cli 581]"},"content":{"rendered":"<p>&nbsp;<\/p>\n<p><span style=\"font-size:14px\"><span style=\"color:#000000\">Os cartuchos de manuten&ccedil;&atilde;o s&atilde;o concebidos para evitar o entupimento dos bicos da cabe&ccedil;a de impress&atilde;o.<\/span><\/span><\/p>\n<p><span style=\"font-size:14px\"><span style=\"color:#000000\"><strong>Cartucho de limpeza de tinta comest&iacute;vel compat&iacute;vel&nbsp;<\/strong>com impressoras Canon :&nbsp;PIXMA TS5000 &#8211;&nbsp;TS5040 &#8211;&nbsp;TS5050 &#8211; TS5051 &#8211; TS5053 &#8211; TS5055 &#8211; TS6000 &#8211;&nbsp;TS6040 &#8211;&nbsp;TS6050 &#8211; TS6051 &#8211; TS6052 &#8211;&nbsp;<span style=\"font-family: sans-serif\">TS6150 &#8211;&nbsp;TS6151 &#8211;&nbsp;TS6250 &#8211;&nbsp;TS6251 &#8211;&nbsp;TS6350 &#8211;&nbsp;TS6350A &#8211;&nbsp;TS6351 &#8211;&nbsp;TS705 &#8211;&nbsp;TS705A &#8211;&nbsp;<\/span>TS8000 &#8211;&nbsp;TS8040 &#8211;&nbsp;TS8050 &#8211; TS8051 &#8211; TS8052 &#8211; TS8053 &#8211;&nbsp;TS9040 &#8211;&nbsp;TS9050 &#8211; TS9055 &#8211;&nbsp;<span style=\"font-family: sans-serif\">TS9550 (A3) &#8211;&nbsp;TS9551C (A3)<\/span>.<\/span><\/span><\/p>\n<div><span style=\"font-size:14px\"><span style=\"color:#000000\">Tambem: MG5700 &#8211; MG5740 &#8211; MG5750 &#8211;&nbsp;MG5751 &#8211;&nbsp;MG5752 &#8211;&nbsp;MG5753 &#8211; MG6800 &#8211;&nbsp;MG6840 &#8211;&nbsp;MG6850 &#8211;&nbsp;MG6851 &#8211;&nbsp;MG6852 &#8211;&nbsp;MG6853 &#8211; MG7700 &#8211; MG7750 &#8211;&nbsp;MG7751 &#8211;&nbsp;MG7752 &#8211;&nbsp;MG7753 &#8211;&nbsp;<span style=\"font-family: sans-serif\">TR7550 &#8211;&nbsp;TR8550.<\/span><\/span><\/span><\/div>\n<p><span style=\"font-size:14px\"><span style=\"color:#000000\"><strong>M&eacute;todo de utiliza&ccedil;&atilde;o<\/strong><\/span><\/span><\/p>\n<ul>\n<li><span style=\"font-size:14px\"><span style=\"color:#000000\">Retirar o protector laranja e retirar o selo de seguran&ccedil;a antes de inserir o cartucho no carrinho da impressora.<\/span><\/span><\/li>\n<li><span style=\"font-size:14px\"><span style=\"color:#000000\">Substituir o cartucho de tinta comest&iacute;vel pelo cartucho de limpeza.<\/span><\/span><\/li>\n<li><span style=\"font-size:14px\"><span style=\"color:#000000\">Seleccionar o programa de limpeza da impressora, imprimir em papel standard at&eacute; que n&atilde;o seja vis&iacute;vel tinta na folha.<\/span><\/span><\/li>\n<li><span style=\"font-size:14px\"><span style=\"color:#000000\">Deixar os cartuchos permanecerem na impressora Canon at&eacute; &agrave; pr&oacute;xima impress&atilde;o com tintas comest&iacute;veis.<\/span><\/span><\/li>\n<\/ul>\n<p><span style=\"font-size:14px\"><span style=\"color:#000000\"><strong>Estes cartuchos de manuten&ccedil;&atilde;o de tinta comest&iacute;vel devem ser utilizados em impressoras Canon novinhas em folha. Em circunst&acirc;ncia alguma devem ser utilizadas em impressoras que tenham trabalhado com tintas cl&aacute;ssicas que normalmente utilizamos para imprimir documentos ou fotografias, pois a tinta residual pode ser prejudicial para a sa&uacute;de.<\/strong><\/span><\/span><\/p>\n<p><span style=\"font-size:14px\"><span style=\"color:#000000\"><em>Cont&eacute;m 22 ml.<\/em><\/span><\/span><\/p>\n<p><span style=\"font-size:14px\"><span style=\"color:#000000\"><em><u>Este produto n&atilde;o &eacute; adequado para a limpeza de bicos de cabe&ccedil;a de impress&atilde;o j&aacute; entupidos.<\/u><\/em><\/span><\/span><\/p>\n","protected":false},"excerpt":{"rendered":"<p>Cartucho de limpeza desenvolvido especificamente para a manuten\u00e7\u00e3o e manuten\u00e7\u00e3o das cabe\u00e7as de impress\u00e3o Canon.<\/p>\n","protected":false},"featured_media":375994,"comment_status":"open","ping_status":"closed","template":"","meta":{"_acf_changed":false},"pwb-brand":[],"product_brand":[],"product_cat":[2905,1841,2925,1829,2409],"product_tag":[],"class_list":{"0":"post-388564","1":"product","2":"type-product","3":"status-publish","4":"has-post-thumbnail","6":"product_cat-data-de-expiracao-proxima","7":"product_cat-impresiones","8":"product_cat-impressoes-comestiveis","9":"product_cat-ingredientes","10":"product_cat-limpieza-impresora-comestible","12":"first","13":"outofstock","14":"taxable","15":"shipping-taxable","16":"purchasable","17":"product-type-simple"},"acf":[],"df_price":13.5,"df_sale_price":"","df_regular_price":13.5,"df_image_link":"https:\/\/glotomania.com\/wp-content\/uploads\/2026\/01\/img_18240_76722e3e6eda07def3fa8935054319b9_1.jpg","brands":[],"_links":{"self":[{"href":"https:\/\/glotomania.com\/pt-pt\/wp-json\/wp\/v2\/product\/388564","targetHints":{"allow":["GET"]}}],"collection":[{"href":"https:\/\/glotomania.com\/pt-pt\/wp-json\/wp\/v2\/product"}],"about":[{"href":"https:\/\/glotomania.com\/pt-pt\/wp-json\/wp\/v2\/types\/product"}],"replies":[{"embeddable":true,"href":"https:\/\/glotomania.com\/pt-pt\/wp-json\/wp\/v2\/comments?post=388564"}],"wp:featuredmedia":[{"embeddable":true,"href":"https:\/\/glotomania.com\/pt-pt\/wp-json\/wp\/v2\/media\/375994"}],"wp:attachment":[{"href":"https:\/\/glotomania.com\/pt-pt\/wp-json\/wp\/v2\/media?parent=388564"}],"wp:term":[{"taxonomy":"pwb-brand","embeddable":true,"href":"https:\/\/glotomania.com\/pt-pt\/wp-json\/wp\/v2\/pwb-brand?post=388564"},{"taxonomy":"product_brand","embeddable":true,"href":"https:\/\/glotomania.com\/pt-pt\/wp-json\/wp\/v2\/product_brand?post=388564"},{"taxonomy":"product_cat","embeddable":true,"href":"https:\/\/glotomania.com\/pt-pt\/wp-json\/wp\/v2\/product_cat?post=388564"},{"taxonomy":"product_tag","embeddable":true,"href":"https:\/\/glotomania.com\/pt-pt\/wp-json\/wp\/v2\/product_tag?post=388564"}],"curies":[{"name":"wp","href":"https:\/\/api.w.org\/{rel}","templated":true}]}}