{"id":388570,"date":"2025-12-18T14:59:18","date_gmt":"2025-12-18T14:59:18","guid":{"rendered":"https:\/\/glotomania.com\/p\/cartucho-de-limpieza-tinta-comestible-cian-cli-571\/"},"modified":"2026-03-10T18:01:47","modified_gmt":"2026-03-10T18:01:47","slug":"cartucho-de-limpieza-tinta-comestible-cian-cli-571","status":"publish","type":"product","link":"https:\/\/glotomania.com\/pt-pt\/p\/cartucho-de-limpieza-tinta-comestible-cian-cli-571\/","title":{"rendered":"Cartucho De Limpeza De Tinta Comest\u00cdvel &#8211; Cyan [cli 571]"},"content":{"rendered":"<div>&nbsp;<\/div>\n<div><span style=\"font-size:14px\"><span style=\"color:#000000\">Os cartuchos de manuten&ccedil;&atilde;o foram projetados para evitar o entupimento dos bicos da cabe&ccedil;a de impress&atilde;o.<\/span><\/span><\/div>\n<div>&nbsp;<\/div>\n<div><span style=\"font-size:14px\"><span style=\"color:#000000\"><strong>Cartucho de limpeza de tinta comest&iacute;vel&nbsp;<\/strong>compat&iacute;vel com impressoras Canon : PIXMA TS5000 &#8211; TS5040 &#8211; TS5050 &#8211; TS5051 &#8211; TS5053 &#8211; TS5055 &#8211; TS6000 &#8211; TS6040 &#8211; TS6050 &#8211; TS6050 &#8211; TS6051 &#8211; TS6052 &#8211; TS8000 &#8211; TS8040 &#8211; TS8050 &#8211; TS8051 &#8211; TS8052 &#8211; TS8053 &#8211; TS9040 &#8211; TS9050 &#8211; TS9055. Tamb&eacute;m: MG5700 &#8211; MG5740 &#8211; MG5750 &#8211; MG5751 &#8211; MG5752 &#8211; MG5753 &#8211; MG6800 &#8211; MG6840 &#8211; MG6850 &#8211; MG6851 &#8211; MG6852 &#8211; MG6853 &#8211; MG7700 &#8211; MG7750 &#8211; MG7751 &#8211; MG7752 &#8211; MG7753.<\/span><\/span><\/div>\n<div><span style=\"font-size:14px\"><span style=\"color:#000000\"><strong>M&eacute;todo de uso<\/strong><\/span><\/span><\/div>\n<ul>\n<li><span style=\"font-size:14px\"><span style=\"color:#000000\">Remova o protetor laranja e remova o selo de seguran&ccedil;a antes de inserir o cartucho no carrinho da impressora.<\/span><\/span><\/li>\n<li><span style=\"font-size:14px\"><span style=\"color:#000000\">Substitua o cartucho de tinta comest&iacute;vel pelo cartucho de limpeza.<\/span><\/span><\/li>\n<li><span style=\"font-size:14px\"><span style=\"color:#000000\">Selecione o programa de limpeza da impressora, imprima em papel padr&atilde;o at&eacute; que nenhuma tinta seja vis&iacute;vel na folha.<\/span><\/span><\/li>\n<li><span style=\"font-size:14px\"><span style=\"color:#000000\">Deixe os cartuchos permanecerem na impressora Canon at&eacute; a pr&oacute;xima impress&atilde;o com tintas comest&iacute;veis.<\/span><\/span><\/li>\n<\/ul>\n<div><span style=\"font-size:14px\"><span style=\"color:#000000\"><strong>Estes cartuchos de manuten&ccedil;&atilde;o de tinta comest&iacute;vel devem ser utilizados em impressoras Canon novinhas em folha. Sob nenhuma circunst&acirc;ncia devem ser utilizadas em impressoras que tenham trabalhado com tintas cl&aacute;ssicas que costumamos utilizar para imprimir documentos ou fotografias, pois a tinta residual pode ser prejudicial &agrave; sa&uacute;de.<\/strong><\/span><\/span><\/div>\n<div>&nbsp;<\/div>\n<div><span style=\"font-size:14px\"><span style=\"color:#000000\"><em>Cont&eacute;m 22 ml.<\/em><\/span><\/span><\/div>\n<div>\n<span style=\"font-size:14px\"><span style=\"color:#000000\"><u><em>Este produto n&atilde;o &eacute; adequado para limpeza de bicos de cabe&ccedil;a de impress&atilde;o j&aacute; entupidos.<\/em><\/u><\/span><\/span><\/div>\n","protected":false},"excerpt":{"rendered":"<p>Cartucho de limpeza desenvolvido especificamente para a manuten\u00e7\u00e3o e manuten\u00e7\u00e3o das cabe\u00e7as de impress\u00e3o Canon.<\/p>\n","protected":false},"featured_media":37202,"comment_status":"open","ping_status":"closed","template":"","meta":{"_acf_changed":false},"pwb-brand":[],"product_brand":[],"product_cat":[2905,1841,2925,1829,2409],"product_tag":[],"class_list":{"0":"post-388570","1":"product","2":"type-product","3":"status-publish","4":"has-post-thumbnail","6":"product_cat-data-de-expiracao-proxima","7":"product_cat-impresiones","8":"product_cat-impressoes-comestiveis","9":"product_cat-ingredientes","10":"product_cat-limpieza-impresora-comestible","12":"first","13":"instock","14":"taxable","15":"shipping-taxable","16":"purchasable","17":"product-type-simple"},"acf":[],"df_price":10.37,"df_sale_price":"","df_regular_price":10.37,"df_image_link":"https:\/\/glotomania.com\/wp-content\/uploads\/2022\/09\/img_18246_fc9ae50bc7e99951e462f1152d0fae44_1-300x300.png","brands":[],"_links":{"self":[{"href":"https:\/\/glotomania.com\/pt-pt\/wp-json\/wp\/v2\/product\/388570","targetHints":{"allow":["GET"]}}],"collection":[{"href":"https:\/\/glotomania.com\/pt-pt\/wp-json\/wp\/v2\/product"}],"about":[{"href":"https:\/\/glotomania.com\/pt-pt\/wp-json\/wp\/v2\/types\/product"}],"replies":[{"embeddable":true,"href":"https:\/\/glotomania.com\/pt-pt\/wp-json\/wp\/v2\/comments?post=388570"}],"wp:featuredmedia":[{"embeddable":true,"href":"https:\/\/glotomania.com\/pt-pt\/wp-json\/wp\/v2\/media\/37202"}],"wp:attachment":[{"href":"https:\/\/glotomania.com\/pt-pt\/wp-json\/wp\/v2\/media?parent=388570"}],"wp:term":[{"taxonomy":"pwb-brand","embeddable":true,"href":"https:\/\/glotomania.com\/pt-pt\/wp-json\/wp\/v2\/pwb-brand?post=388570"},{"taxonomy":"product_brand","embeddable":true,"href":"https:\/\/glotomania.com\/pt-pt\/wp-json\/wp\/v2\/product_brand?post=388570"},{"taxonomy":"product_cat","embeddable":true,"href":"https:\/\/glotomania.com\/pt-pt\/wp-json\/wp\/v2\/product_cat?post=388570"},{"taxonomy":"product_tag","embeddable":true,"href":"https:\/\/glotomania.com\/pt-pt\/wp-json\/wp\/v2\/product_tag?post=388570"}],"curies":[{"name":"wp","href":"https:\/\/api.w.org\/{rel}","templated":true}]}}