{"id":388573,"date":"2025-10-01T12:11:45","date_gmt":"2025-10-01T12:11:45","guid":{"rendered":"https:\/\/glotomania.com\/p\/pack-5-cartuchos-de-limpieza-de-tinta-comestible-570-571-2\/"},"modified":"2026-03-23T11:59:28","modified_gmt":"2026-03-23T11:59:28","slug":"pack-5-cartuchos-de-limpieza-de-tinta-comestible-570-571-2","status":"publish","type":"product","link":"https:\/\/glotomania.com\/pt-pt\/p\/pack-5-cartuchos-de-limpieza-de-tinta-comestible-570-571-2\/","title":{"rendered":"Embalagem 5 Cartuchos De Limpeza De Tinta Comest\u00cdvel [570 \/ 571]"},"content":{"rendered":"<div>&nbsp;<\/div>\n<div><span style=\"font-size:14px\"><span style=\"color:#000000\"><strong>Componentes<\/strong>:<br \/>\n&#8211; 1 cartucho para XL preto 22 ml.<br \/>\n&#8211; 1 cartucho para preto 11 ml.&nbsp;<br \/>\n&#8211; 1 cartucho para cianeto 11 ml.<br \/>\n&#8211; 1 cartucho para magenta 11 ml.<br \/>\n&#8211; 1 cartucho para amarelo 11 ml.<\/span><\/span><br \/>\n&nbsp;<\/div>\n<div><span style=\"font-size:14px\"><span style=\"color:#000000\"><strong>Cartucho de limpeza de tinta comest&iacute;vel<\/strong>&nbsp;compat&iacute;vel com impressoras Canon : <span style=\"font-family: sans-serif\">MG5750, MG5751, MG5752, MG5753, MG6850, MG6851, MG6852, MG6853, TS5050, TS5051, TS5053, TS5055, TS6050, TS6051, TS6052.<\/span><\/span><\/span><\/div>\n<div><span style=\"font-size:14px\"><span style=\"color:#000000\"><strong>M&eacute;todo de utiliza&ccedil;&atilde;o:<\/strong><\/span><\/span><\/div>\n<ul>\n<li><span style=\"font-size:14px\"><span style=\"color:#000000\">Retirar o&nbsp;protector laranja, e retirar o selo de seguran&ccedil;a antes de inserir o cartucho no carrinho da impressora.<\/span><\/span><\/li>\n<li><span style=\"font-size:14px\"><span style=\"color:#000000\">Substituir o cartucho de tinta comest&iacute;vel pelo cartucho de limpeza.<\/span><\/span><\/li>\n<li><span style=\"font-size:14px\"><span style=\"color:#000000\">Seleccionar o programa de limpeza da impressora, imprimir em papel standard at&eacute; que n&atilde;o seja vis&iacute;vel tinta na folha.<\/span><\/span><\/li>\n<li><span style=\"font-size:14px\"><span style=\"color:#000000\">Deixar os&nbsp;cartuchos permanecerem na impressora Canon at&eacute; &agrave; pr&oacute;xima impress&atilde;o com tintas comest&iacute;veis.<\/span><\/span><\/li>\n<\/ul>\n<div><span style=\"font-size:14px\"><span style=\"color:#000000\"><strong>Estes cartuchos de manuten&ccedil;&atilde;o de tinta comest&iacute;vel devem ser utilizados em impressoras Canon novinhas em folha. Em circunst&acirc;ncia alguma devem ser utilizadas em impressoras que tenham trabalhado com tintas cl&aacute;ssicas que normalmente utilizamos para imprimir documentos ou fotografias, pois a tinta residual pode ser prejudicial para a sa&uacute;de.<\/strong><\/span><\/span><\/div>\n<p><span style=\"font-size:14px\"><span style=\"color:#000000\"><u><em>Este produto n&atilde;o &eacute; adequado para limpeza de bicos de cabe&ccedil;a de impress&atilde;o entupidos.<\/em><\/u><\/span><\/span><\/p>\n","protected":false},"excerpt":{"rendered":"<p>Inclui 5 cartuchos de tinta comest\u00edvel, desenvolvidos especificamente para a manuten\u00e7\u00e3o e conserva\u00e7\u00e3o das cabe\u00e7as de impress\u00e3o Canon.<\/p>\n","protected":false},"featured_media":350133,"comment_status":"open","ping_status":"closed","template":"","meta":{"_acf_changed":false},"pwb-brand":[],"product_brand":[],"product_cat":[1841,2925,2409],"product_tag":[],"class_list":{"0":"post-388573","1":"product","2":"type-product","3":"status-publish","4":"has-post-thumbnail","6":"product_cat-impresiones","7":"product_cat-impressoes-comestiveis","8":"product_cat-limpieza-impresora-comestible","10":"first","11":"instock","12":"taxable","13":"shipping-taxable","14":"purchasable","15":"product-type-simple"},"acf":[],"df_price":52.99,"df_sale_price":"","df_regular_price":52.99,"df_image_link":"https:\/\/glotomania.com\/wp-content\/uploads\/2025\/11\/img_18249_82c31045b3707df09f0833adca952455_1-22-300x300.jpg","brands":[],"_links":{"self":[{"href":"https:\/\/glotomania.com\/pt-pt\/wp-json\/wp\/v2\/product\/388573","targetHints":{"allow":["GET"]}}],"collection":[{"href":"https:\/\/glotomania.com\/pt-pt\/wp-json\/wp\/v2\/product"}],"about":[{"href":"https:\/\/glotomania.com\/pt-pt\/wp-json\/wp\/v2\/types\/product"}],"replies":[{"embeddable":true,"href":"https:\/\/glotomania.com\/pt-pt\/wp-json\/wp\/v2\/comments?post=388573"}],"wp:featuredmedia":[{"embeddable":true,"href":"https:\/\/glotomania.com\/pt-pt\/wp-json\/wp\/v2\/media\/350133"}],"wp:attachment":[{"href":"https:\/\/glotomania.com\/pt-pt\/wp-json\/wp\/v2\/media?parent=388573"}],"wp:term":[{"taxonomy":"pwb-brand","embeddable":true,"href":"https:\/\/glotomania.com\/pt-pt\/wp-json\/wp\/v2\/pwb-brand?post=388573"},{"taxonomy":"product_brand","embeddable":true,"href":"https:\/\/glotomania.com\/pt-pt\/wp-json\/wp\/v2\/product_brand?post=388573"},{"taxonomy":"product_cat","embeddable":true,"href":"https:\/\/glotomania.com\/pt-pt\/wp-json\/wp\/v2\/product_cat?post=388573"},{"taxonomy":"product_tag","embeddable":true,"href":"https:\/\/glotomania.com\/pt-pt\/wp-json\/wp\/v2\/product_tag?post=388573"}],"curies":[{"name":"wp","href":"https:\/\/api.w.org\/{rel}","templated":true}]}}