{"id":388575,"date":"2025-09-02T10:36:33","date_gmt":"2025-09-02T10:36:33","guid":{"rendered":"https:\/\/glotomania.com\/p\/topper-para-tarta-dekora-caliz-comunion-2\/"},"modified":"2026-04-28T13:38:53","modified_gmt":"2026-04-28T13:38:53","slug":"topper-para-tarta-dekora-caliz-comunion-2","status":"publish","type":"product","link":"https:\/\/glotomania.com\/pt-pt\/p\/topper-para-tarta-dekora-caliz-comunion-2\/","title":{"rendered":"Topper Para Bolo Dekora &#8211; Comunh\u00c3o"},"content":{"rendered":"<p>&nbsp;<\/p>\n<p><span style=\"font-size:14px\">Figura n&atilde;o comest&iacute;vel, deve ser removida antes de consumir o bolo.&nbsp;<br \/>\nProduto feito de pl&aacute;stico, PVC, com excelente acabamento.&nbsp;<\/span><\/p>\n<p><span style=\"font-size:14px\"><em>Regulamento <\/em><strong>(UE) 1935\/2004<\/strong><em>: materiais e objectos destinados a entrar em contacto directo com os alimentos.&nbsp;<\/em><\/span><\/p>\n<p><span style=\"font-size:14px\"><strong>Medidas<\/strong>: 5 x 130 x 205 mm.<\/span><\/p>\n<p><span style=\"font-size:14px\"><u><strong>Armazenamento<\/strong><\/u>: &eacute; essencial mant&ecirc;-lo na sua embalagem original e caixa durante o armazenamento.<\/span><\/p>\n<p>&nbsp;<\/p>\n<div>\n<p style=\"margin: 0px;font-size: 14px;line-height: normal;font-family: Helvetica\">&nbsp;<\/p>\n<p style=\"margin: 0px;font-size: 14px;line-height: normal;font-family: Helvetica\">&nbsp;<\/p>\n<\/div>\n<p>&nbsp;<\/p>\n","protected":false},"excerpt":{"rendered":"<p>Elegante e bela decora\u00e7\u00e3o dourada para coroar os nossos bolos da Comunh\u00e3o.<\/p>\n","protected":false},"featured_media":154305,"comment_status":"open","ping_status":"closed","template":"","meta":{"_acf_changed":false},"pwb-brand":[],"product_brand":[],"product_cat":[2911,3200,2907,3087,3208,1792,1862,1849,1793,1767],"product_tag":[],"class_list":{"0":"post-388575","1":"product","2":"type-product","3":"status-publish","4":"has-post-thumbnail","6":"product_cat-comunhoes","7":"product_cat-decoracoes-nao-comestiveis","8":"product_cat-festas","9":"product_cat-ordem-e-armazenamento","10":"product_cat-toppers-para-bolos","11":"product_cat-decoracion-no-comestible","12":"product_cat-comuniones","13":"product_cat-fiestas","14":"product_cat-toppers","15":"product_cat-utensilios","17":"first","18":"instock","19":"taxable","20":"shipping-taxable","21":"purchasable","22":"product-type-simple"},"acf":[],"df_price":2.25,"df_sale_price":"","df_regular_price":2.25,"df_image_link":"https:\/\/glotomania.com\/wp-content\/uploads\/2025\/09\/img_18260_18119b17e27ea7418a81491273244b71_1-300x300.png","brands":[],"_links":{"self":[{"href":"https:\/\/glotomania.com\/pt-pt\/wp-json\/wp\/v2\/product\/388575","targetHints":{"allow":["GET"]}}],"collection":[{"href":"https:\/\/glotomania.com\/pt-pt\/wp-json\/wp\/v2\/product"}],"about":[{"href":"https:\/\/glotomania.com\/pt-pt\/wp-json\/wp\/v2\/types\/product"}],"replies":[{"embeddable":true,"href":"https:\/\/glotomania.com\/pt-pt\/wp-json\/wp\/v2\/comments?post=388575"}],"wp:featuredmedia":[{"embeddable":true,"href":"https:\/\/glotomania.com\/pt-pt\/wp-json\/wp\/v2\/media\/154305"}],"wp:attachment":[{"href":"https:\/\/glotomania.com\/pt-pt\/wp-json\/wp\/v2\/media?parent=388575"}],"wp:term":[{"taxonomy":"pwb-brand","embeddable":true,"href":"https:\/\/glotomania.com\/pt-pt\/wp-json\/wp\/v2\/pwb-brand?post=388575"},{"taxonomy":"product_brand","embeddable":true,"href":"https:\/\/glotomania.com\/pt-pt\/wp-json\/wp\/v2\/product_brand?post=388575"},{"taxonomy":"product_cat","embeddable":true,"href":"https:\/\/glotomania.com\/pt-pt\/wp-json\/wp\/v2\/product_cat?post=388575"},{"taxonomy":"product_tag","embeddable":true,"href":"https:\/\/glotomania.com\/pt-pt\/wp-json\/wp\/v2\/product_tag?post=388575"}],"curies":[{"name":"wp","href":"https:\/\/api.w.org\/{rel}","templated":true}]}}