{"id":388576,"date":"2025-09-02T10:36:34","date_gmt":"2025-09-02T10:36:34","guid":{"rendered":"https:\/\/glotomania.com\/p\/bandeja-extensible-para-horno-tradition-37-52-cm-dr-oetker-2\/"},"modified":"2026-04-22T00:20:10","modified_gmt":"2026-04-22T00:20:10","slug":"bandeja-extensible-para-horno-tradition-37-52-cm-dr-oetker-2","status":"publish","type":"product","link":"https:\/\/glotomania.com\/pt-pt\/p\/bandeja-extensible-para-horno-tradition-37-52-cm-dr-oetker-2\/","title":{"rendered":"Tabuleiro Extens\u00cdvel &#8220;tradi\u00c7\u00c3o&#8221; (37 &#8211; 52 Cm) &#8211; Dr.oetker"},"content":{"rendered":"<p>&nbsp;<\/p>\n<p><span style=\"font-size:14px\">Molde feito de <strong>a&ccedil;o inoxid&aacute;vel <\/strong>com revestimento antiaderente, seguro para alimentos. A condu&ccedil;&atilde;o uniforme do calor assegura um acastanhamento intenso dos seus produtos cozidos.&nbsp;<\/span><\/p>\n<p><span style=\"font-size:14px\">Resistente ao calor at&eacute; 230&deg;C.<\/span><\/p>\n<p><span style=\"font-size:14px\">N&atilde;o &eacute; seguro para a m&aacute;quina de lavar lou&ccedil;a. F&aacute;cil de limpar.<\/span><\/p>\n<p><span style=\"font-size:14px\"><strong>Medidas<\/strong>: <u>Largura <\/u>33 cm &#8211; <u>Comprimento <\/u>de 37 a 52 cm &#8211; <u>Espessura <\/u>3 cm.<\/span><\/p>\n<p><em><span style=\"font-size:14px\"><strong>Dr. Oetker<\/strong> representa 125 anos de produtos de qualidade garantida e inovadores. Apenas os melhores materiais s&atilde;o utilizados e todos os produtos s&atilde;o minuciosamente testados na cozinha de testes da <strong>Dr. Oetker.<\/strong><\/span><\/em><\/p>\n","protected":false},"excerpt":{"rendered":"<p>O tabuleiro em a\u00e7o n\u00e3o colado da Dr. Oetker atinge resultados perfeitos gra\u00e7as \u00e0 sua condu\u00e7\u00e3o de calor.<\/p>\n","protected":false},"featured_media":347453,"comment_status":"open","ping_status":"closed","template":"","meta":{"_acf_changed":false},"pwb-brand":[],"product_brand":[],"product_cat":[3112,3106,3106,3087,3112,3087],"product_tag":[],"class_list":{"0":"post-388576","1":"product","2":"type-product","3":"status-publish","4":"has-post-thumbnail","6":"product_cat-tabuleiros-e-acessorios-2","7":"product_cat-basicos-de-pastelaria","9":"product_cat-ordem-e-armazenamento","13":"first","14":"instock","15":"taxable","16":"shipping-taxable","17":"purchasable","18":"product-type-simple"},"acf":[],"df_price":15.75,"df_sale_price":15.75,"df_regular_price":22.49,"df_image_link":"https:\/\/glotomania.com\/wp-content\/uploads\/2025\/11\/img_18269_659e4f70f4401ca75d9fe57828275b8b_1-35-300x300.jpg","brands":[],"_links":{"self":[{"href":"https:\/\/glotomania.com\/pt-pt\/wp-json\/wp\/v2\/product\/388576","targetHints":{"allow":["GET"]}}],"collection":[{"href":"https:\/\/glotomania.com\/pt-pt\/wp-json\/wp\/v2\/product"}],"about":[{"href":"https:\/\/glotomania.com\/pt-pt\/wp-json\/wp\/v2\/types\/product"}],"replies":[{"embeddable":true,"href":"https:\/\/glotomania.com\/pt-pt\/wp-json\/wp\/v2\/comments?post=388576"}],"wp:featuredmedia":[{"embeddable":true,"href":"https:\/\/glotomania.com\/pt-pt\/wp-json\/wp\/v2\/media\/347453"}],"wp:attachment":[{"href":"https:\/\/glotomania.com\/pt-pt\/wp-json\/wp\/v2\/media?parent=388576"}],"wp:term":[{"taxonomy":"pwb-brand","embeddable":true,"href":"https:\/\/glotomania.com\/pt-pt\/wp-json\/wp\/v2\/pwb-brand?post=388576"},{"taxonomy":"product_brand","embeddable":true,"href":"https:\/\/glotomania.com\/pt-pt\/wp-json\/wp\/v2\/product_brand?post=388576"},{"taxonomy":"product_cat","embeddable":true,"href":"https:\/\/glotomania.com\/pt-pt\/wp-json\/wp\/v2\/product_cat?post=388576"},{"taxonomy":"product_tag","embeddable":true,"href":"https:\/\/glotomania.com\/pt-pt\/wp-json\/wp\/v2\/product_tag?post=388576"}],"curies":[{"name":"wp","href":"https:\/\/api.w.org\/{rel}","templated":true}]}}