{"id":388593,"date":"2025-09-02T10:36:48","date_gmt":"2025-09-02T10:36:48","guid":{"rendered":"https:\/\/glotomania.com\/p\/azucar-glas-icing-sugar-funcakes-500-g-sin-gluten-2\/"},"modified":"2026-03-10T18:02:26","modified_gmt":"2026-03-10T18:02:26","slug":"azucar-glas-icing-sugar-funcakes-500-g-sin-gluten-2","status":"publish","type":"product","link":"https:\/\/glotomania.com\/pt-pt\/p\/azucar-glas-icing-sugar-funcakes-500-g-sin-gluten-2\/","title":{"rendered":"A\u00c7\u00dacar Em P\u00d3 (sem Gl\u00daten) Funcakes &#8211; 500 G"},"content":{"rendered":"<p>&nbsp;<\/p>\n<p><span style=\"font-size:14px\">Para resultados perfeitos, recomenda-se a peneira&ccedil;&atilde;o antes da utiliza&ccedil;&atilde;o.<\/span><\/p>\n<p><em><span style=\"font-size:14px\"><strong>Os preparados&nbsp;sem gl&uacute;ten FunCakes<\/strong> s&atilde;o produzidas numa instala&ccedil;&atilde;o sem gl&uacute;ten. FunCakes pode garantir que as suas misturas contenham menos de 20 mg \/ 20 pmm de gl&uacute;ten por kg.&nbsp;<\/span><\/em><\/p>\n<p><em><span style=\"font-size:14px\">A maioria das pessoas com doen&ccedil;a cel&iacute;aca ou intoler&acirc;ncia ao gl&uacute;ten n&atilde;o ter&aacute; quaisquer sintomas com uma quantidade t&atilde;o pequena. Portanto, qualquer pessoa que siga uma dieta rigorosa sem gl&uacute;ten pode desfrutar com seguran&ccedil;a destas misturas FunCakes.<\/span><\/em><\/p>\n","protected":false},"excerpt":{"rendered":"<p>Funcakes a\u00e7\u00facar glass refinado de qualidade, perfeito para o a\u00e7\u00facar de confeiteiro, creme de manteiga, cobertura doce,&#8230; e para polvilhar na nossa mesa de trabalho.<\/p>\n","protected":false},"featured_media":347480,"comment_status":"open","ping_status":"closed","template":"","meta":{"_acf_changed":false},"pwb-brand":[],"product_brand":[],"product_cat":[3026,3026,2996,3018,3018,3004,2996,3004],"product_tag":[],"class_list":{"0":"post-388593","1":"product","2":"type-product","3":"status-publish","4":"has-post-thumbnail","6":"product_cat-acucar-de-confeiteiro-2","8":"product_cat-produtos-vegetarianos","9":"product_cat-ingredientes-de-pastelaria-2","11":"product_cat-sem-gluten-2","15":"first","16":"instock","17":"taxable","18":"shipping-taxable","19":"purchasable","20":"product-type-simple"},"acf":[],"df_price":3.65,"df_sale_price":"","df_regular_price":3.65,"df_image_link":"https:\/\/glotomania.com\/wp-content\/uploads\/2025\/11\/img_18367_89b4729e9b58f679f619d4bcc608c3c3_1-27-300x300.jpg","brands":[],"_links":{"self":[{"href":"https:\/\/glotomania.com\/pt-pt\/wp-json\/wp\/v2\/product\/388593","targetHints":{"allow":["GET"]}}],"collection":[{"href":"https:\/\/glotomania.com\/pt-pt\/wp-json\/wp\/v2\/product"}],"about":[{"href":"https:\/\/glotomania.com\/pt-pt\/wp-json\/wp\/v2\/types\/product"}],"replies":[{"embeddable":true,"href":"https:\/\/glotomania.com\/pt-pt\/wp-json\/wp\/v2\/comments?post=388593"}],"wp:featuredmedia":[{"embeddable":true,"href":"https:\/\/glotomania.com\/pt-pt\/wp-json\/wp\/v2\/media\/347480"}],"wp:attachment":[{"href":"https:\/\/glotomania.com\/pt-pt\/wp-json\/wp\/v2\/media?parent=388593"}],"wp:term":[{"taxonomy":"pwb-brand","embeddable":true,"href":"https:\/\/glotomania.com\/pt-pt\/wp-json\/wp\/v2\/pwb-brand?post=388593"},{"taxonomy":"product_brand","embeddable":true,"href":"https:\/\/glotomania.com\/pt-pt\/wp-json\/wp\/v2\/product_brand?post=388593"},{"taxonomy":"product_cat","embeddable":true,"href":"https:\/\/glotomania.com\/pt-pt\/wp-json\/wp\/v2\/product_cat?post=388593"},{"taxonomy":"product_tag","embeddable":true,"href":"https:\/\/glotomania.com\/pt-pt\/wp-json\/wp\/v2\/product_tag?post=388593"}],"curies":[{"name":"wp","href":"https:\/\/api.w.org\/{rel}","templated":true}]}}