{"id":388598,"date":"2025-09-02T10:36:51","date_gmt":"2025-09-02T10:36:51","guid":{"rendered":"https:\/\/glotomania.com\/p\/spray-brillante-rainbow-dust-ruby-slipper-rubi-10-g-2\/"},"modified":"2026-03-10T18:02:34","modified_gmt":"2026-03-10T18:02:34","slug":"spray-brillante-rainbow-dust-ruby-slipper-rubi-10-g-2","status":"publish","type":"product","link":"https:\/\/glotomania.com\/pt-pt\/p\/spray-brillante-rainbow-dust-ruby-slipper-rubi-10-g-2\/","title":{"rendered":"Spray Brilhante Rainbow Dust &#8211; Rubi Slipper (10 G)"},"content":{"rendered":"<p><span style=\"font-size: 14px\">Sparkle Dust &eacute; uma mistura de purpurina e brilho que proporciona uma&nbsp;<strong>mistura de tamanhos de part&iacute;culas<\/strong>, perfeita para criar uma cobertura &oacute;ptima em bolos.<\/span><\/p>\n<p><span style=\"font-size: 14px\">&Eacute; melhor utilizado em&nbsp;<strong>creme de manteiga&nbsp;<\/strong>rec&eacute;m aplicado e&nbsp;<strong>fondant<\/strong>. Tamb&eacute;m pode ser usado em bebidas, gelados, em chocolate caseiro, biscoitos, cola comest&iacute;vel ou papas de bolo.<\/span><\/p>\n<p><span style=\"font-size: 14px\"><u><strong>M&eacute;todo de utiliza&ccedil;&atilde;o:<\/strong><\/u><\/span><\/p>\n<ul>\n<li><span style=\"font-size: 14px\">A&nbsp;<strong>bomba&nbsp;<\/strong>apresenta uma varinha de cond&atilde;o &uacute;nica. Permite-nos aplicar brilho sem a necessidade de um pincel ou colher.<\/span><\/li>\n<li><span style=\"font-size: 14px\">O &acirc;ngulo do bocal &eacute; ajust&aacute;vel para se adaptar &agrave;s suas necessidades.<\/span><\/li>\n<li><span style=\"font-size: 14px\">Agitar antes de usar.<\/span><\/li>\n<li><span style=\"font-size: 14px\"><strong>Para melhores resultados:<\/strong>&nbsp;colocar a um &acirc;ngulo de 90&ordm;C a cerca de 10-15 cm da superf&iacute;cie a pulverizar. Pressione firmemente a bomba para obter uma fina n&eacute;voa.<\/span><\/li>\n<li><span style=\"font-size: 14px\">Mantenha-o&nbsp;<strong>perto&nbsp;<\/strong>do trabalho para uma&nbsp;<u>cobertura concentrada<\/u>, e mais&nbsp;<strong>longe&nbsp;<\/strong>para um<u>&nbsp;leve despoeiramento.&nbsp;<\/u><\/span><\/li>\n<li><span style=\"font-size: 14px\">Ap&oacute;s 5-10 pulveriza&ccedil;&otilde;es &eacute; recomendado agitar&nbsp;para optimizar a utiliza&ccedil;&atilde;o.<\/span><\/li>\n<\/ul>\n","protected":false},"excerpt":{"rendered":"<p>Obtenha um brilho m\u00e1gico nas suas cria\u00e7\u00f5es, gra\u00e7as \u00e0 gama de sprays Sparkle Dust.<\/p>\n","protected":false},"featured_media":347483,"comment_status":"open","ping_status":"closed","template":"","meta":{"_acf_changed":false},"pwb-brand":[],"product_brand":[],"product_cat":[1852,2955,1900,2910,1835,1898,2953,2962,1832,2907,1902,1845,2999,2920,2996,1888,1849,1866,2924,3001],"product_tag":[],"class_list":{"0":"post-388598","1":"product","2":"type-product","3":"status-publish","4":"has-post-thumbnail","6":"product_cat-san-valentin","7":"product_cat-brilhos-comestiveis-2","8":"product_cat-brillos-comestibles","9":"product_cat-casamentos-2","10":"product_cat-colorantes","11":"product_cat-colorantes-spray","12":"product_cat-corantes-e-pinturas","13":"product_cat-corantes-em-spray","14":"product_cat-diestas-especiales","15":"product_cat-festas","16":"product_cat-dieta-kosher","17":"product_cat-dieta-sin-e-171","18":"product_cat-kosher-2","19":"product_cat-natal-2","20":"product_cat-produtos-vegetarianos","21":"product_cat-bodas","22":"product_cat-fiestas","23":"product_cat-navidad","24":"product_cat-sao-valentim-2","25":"product_cat-sem-e-171-2","27":"first","28":"instock","29":"taxable","30":"shipping-taxable","31":"purchasable","32":"product-type-simple"},"acf":[],"df_price":16.5,"df_sale_price":"","df_regular_price":16.5,"df_image_link":"https:\/\/glotomania.com\/wp-content\/uploads\/2025\/11\/img_18423_02018445001ab73cd2d3355f8089c2f7_1-24-300x300.jpg","brands":[],"_links":{"self":[{"href":"https:\/\/glotomania.com\/pt-pt\/wp-json\/wp\/v2\/product\/388598","targetHints":{"allow":["GET"]}}],"collection":[{"href":"https:\/\/glotomania.com\/pt-pt\/wp-json\/wp\/v2\/product"}],"about":[{"href":"https:\/\/glotomania.com\/pt-pt\/wp-json\/wp\/v2\/types\/product"}],"replies":[{"embeddable":true,"href":"https:\/\/glotomania.com\/pt-pt\/wp-json\/wp\/v2\/comments?post=388598"}],"wp:featuredmedia":[{"embeddable":true,"href":"https:\/\/glotomania.com\/pt-pt\/wp-json\/wp\/v2\/media\/347483"}],"wp:attachment":[{"href":"https:\/\/glotomania.com\/pt-pt\/wp-json\/wp\/v2\/media?parent=388598"}],"wp:term":[{"taxonomy":"pwb-brand","embeddable":true,"href":"https:\/\/glotomania.com\/pt-pt\/wp-json\/wp\/v2\/pwb-brand?post=388598"},{"taxonomy":"product_brand","embeddable":true,"href":"https:\/\/glotomania.com\/pt-pt\/wp-json\/wp\/v2\/product_brand?post=388598"},{"taxonomy":"product_cat","embeddable":true,"href":"https:\/\/glotomania.com\/pt-pt\/wp-json\/wp\/v2\/product_cat?post=388598"},{"taxonomy":"product_tag","embeddable":true,"href":"https:\/\/glotomania.com\/pt-pt\/wp-json\/wp\/v2\/product_tag?post=388598"}],"curies":[{"name":"wp","href":"https:\/\/api.w.org\/{rel}","templated":true}]}}