{"id":388601,"date":"2025-09-02T10:36:54","date_gmt":"2025-09-02T10:36:54","guid":{"rendered":"https:\/\/glotomania.com\/p\/colorante-en-polvo-brillante-rainbow-dust-copper-flame-cobre-3-g-2\/"},"modified":"2026-04-26T00:20:30","modified_gmt":"2026-04-26T00:20:30","slug":"colorante-en-polvo-brillante-rainbow-dust-copper-flame-cobre-3-g-2","status":"publish","type":"product","link":"https:\/\/glotomania.com\/pt-pt\/p\/colorante-en-polvo-brillante-rainbow-dust-copper-flame-cobre-3-g-2\/","title":{"rendered":"Corante Em Po Brilhante Rainbow Dust &#8211; Copper Flame \/ Cobre (3 G)"},"content":{"rendered":"<p>\n<span style=\"font-size:14px\">Corante em p&oacute; 100% comest&iacute;vel Rainbow Dust, perfeito para adicionar detalhes <strong>cintilantes <\/strong>aos seus bolos e decora&ccedil;&otilde;es. Pode usar uma escova, ou polvilh&aacute;-la directamente sobre o bolo.<\/span><\/p>\n<p><span style=\"font-size:14px\">Tamb&eacute;m pode ser usada para fazer a sua pr&oacute;pria<strong> tinta comest&iacute;vel,<\/strong> basta mistur&aacute;-la com &aacute;lcool alimentar branco.<\/span><\/p>\n<p><strong><span style=\"font-size:14px\">&#8211; L<\/span><span style=\"font-size: 14px\">ivre<\/span><span style=\"font-size: 14px\">&nbsp;<\/span><span style=\"font-size: 14px\">Di&oacute;xido de tit&acirc;nio (E-171) &#8211;<\/span><\/strong><\/p>\n","protected":false},"excerpt":{"rendered":"<p>P\u00f3 brilhante do Rainbow Dust, para adicionar cor e luminosidade \u00e0s nossas cria\u00e7\u00f5es comest\u00edveis.<\/p>\n","protected":false},"featured_media":350189,"comment_status":"open","ping_status":"closed","template":"","meta":{"_acf_changed":false},"pwb-brand":[],"product_brand":[],"product_cat":[2953,2961,2999,2996,3001,1835,1894,1832,1902,1845],"product_tag":[],"class_list":{"0":"post-388601","1":"product","2":"type-product","3":"status-publish","4":"has-post-thumbnail","6":"product_cat-corantes-e-pinturas","7":"product_cat-corantes-em-po-2","8":"product_cat-kosher-2","9":"product_cat-produtos-vegetarianos","10":"product_cat-sem-e-171-2","11":"product_cat-colorantes","12":"product_cat-colorantes-polvo","13":"product_cat-diestas-especiales","14":"product_cat-dieta-kosher","15":"product_cat-dieta-sin-e-171","17":"first","18":"instock","19":"taxable","20":"shipping-taxable","21":"purchasable","22":"product-type-simple"},"acf":[],"df_price":2.35,"df_sale_price":2.35,"df_regular_price":3.37,"df_image_link":"https:\/\/glotomania.com\/wp-content\/uploads\/2025\/11\/img_18451_32d7bd21fdcc25b3c527054756173b72_1-24-300x300.jpg","brands":[],"_links":{"self":[{"href":"https:\/\/glotomania.com\/pt-pt\/wp-json\/wp\/v2\/product\/388601","targetHints":{"allow":["GET"]}}],"collection":[{"href":"https:\/\/glotomania.com\/pt-pt\/wp-json\/wp\/v2\/product"}],"about":[{"href":"https:\/\/glotomania.com\/pt-pt\/wp-json\/wp\/v2\/types\/product"}],"replies":[{"embeddable":true,"href":"https:\/\/glotomania.com\/pt-pt\/wp-json\/wp\/v2\/comments?post=388601"}],"wp:featuredmedia":[{"embeddable":true,"href":"https:\/\/glotomania.com\/pt-pt\/wp-json\/wp\/v2\/media\/350189"}],"wp:attachment":[{"href":"https:\/\/glotomania.com\/pt-pt\/wp-json\/wp\/v2\/media?parent=388601"}],"wp:term":[{"taxonomy":"pwb-brand","embeddable":true,"href":"https:\/\/glotomania.com\/pt-pt\/wp-json\/wp\/v2\/pwb-brand?post=388601"},{"taxonomy":"product_brand","embeddable":true,"href":"https:\/\/glotomania.com\/pt-pt\/wp-json\/wp\/v2\/product_brand?post=388601"},{"taxonomy":"product_cat","embeddable":true,"href":"https:\/\/glotomania.com\/pt-pt\/wp-json\/wp\/v2\/product_cat?post=388601"},{"taxonomy":"product_tag","embeddable":true,"href":"https:\/\/glotomania.com\/pt-pt\/wp-json\/wp\/v2\/product_tag?post=388601"}],"curies":[{"name":"wp","href":"https:\/\/api.w.org\/{rel}","templated":true}]}}