{"id":388605,"date":"2025-09-02T10:36:55","date_gmt":"2025-09-02T10:36:55","guid":{"rendered":"https:\/\/glotomania.com\/p\/colorante-en-polvo-brillante-rainbow-dust-ruby-red-rojo-rubi-3-g-2\/"},"modified":"2026-03-10T18:02:49","modified_gmt":"2026-03-10T18:02:49","slug":"colorante-en-polvo-brillante-rainbow-dust-ruby-red-rojo-rubi-3-g-2","status":"publish","type":"product","link":"https:\/\/glotomania.com\/pt-pt\/p\/colorante-en-polvo-brillante-rainbow-dust-ruby-red-rojo-rubi-3-g-2\/","title":{"rendered":"Corante Em Po Brilhante Rainbow Dust &#8211; Ruby Red \/ Rubi Vermelho (3 G)"},"content":{"rendered":"<p>\n<span style=\"font-size: 14px\">Corante em p&oacute; 100% comest&iacute;vel Rainbow Dust, perfeito para adicionar detalhes&nbsp;<strong>cintilantes&nbsp;<\/strong>aos seus bolos e decora&ccedil;&otilde;es. Pode usar uma escova, ou polvilh&aacute;-la directamente sobre o bolo.<\/span><\/p>\n<p><span style=\"font-size: 14px\">Tamb&eacute;m pode ser usada para fazer a sua pr&oacute;pria<strong>&nbsp;tinta comest&iacute;vel,<\/strong>&nbsp;basta mistur&aacute;-la com &aacute;lcool alimentar branco.<\/span><\/p>\n<p><strong><span style=\"font-size: 14px\">&#8211; L<\/span><span style=\"font-size: 14px\">ivre<\/span><span style=\"font-size: 14px\">&nbsp;<\/span><span style=\"font-size: 14px\">Di&oacute;xido de tit&acirc;nio (E-171) &#8211;<\/span><\/strong><\/p>\n","protected":false},"excerpt":{"rendered":"<p>P\u00f3 brilhante do Rainbow Dust, para adicionar cor e luminosidade \u00e0s nossas cria\u00e7\u00f5es comest\u00edveis.<\/p>\n","protected":false},"featured_media":347494,"comment_status":"open","ping_status":"closed","template":"","meta":{"_acf_changed":false},"pwb-brand":[],"product_brand":[],"product_cat":[2953,2961,2999,2996,3001,1835,1894,1832,1902,1845],"product_tag":[],"class_list":{"0":"post-388605","1":"product","2":"type-product","3":"status-publish","4":"has-post-thumbnail","6":"product_cat-corantes-e-pinturas","7":"product_cat-corantes-em-po-2","8":"product_cat-kosher-2","9":"product_cat-produtos-vegetarianos","10":"product_cat-sem-e-171-2","11":"product_cat-colorantes","12":"product_cat-colorantes-polvo","13":"product_cat-diestas-especiales","14":"product_cat-dieta-kosher","15":"product_cat-dieta-sin-e-171","17":"first","18":"instock","19":"taxable","20":"shipping-taxable","21":"purchasable","22":"product-type-simple"},"acf":[],"df_price":3.37,"df_sale_price":"","df_regular_price":3.37,"df_image_link":"https:\/\/glotomania.com\/wp-content\/uploads\/2025\/11\/img_18455_b2791494137c4caa4a399b32ef035172_1-21-300x300.jpg","brands":[],"_links":{"self":[{"href":"https:\/\/glotomania.com\/pt-pt\/wp-json\/wp\/v2\/product\/388605","targetHints":{"allow":["GET"]}}],"collection":[{"href":"https:\/\/glotomania.com\/pt-pt\/wp-json\/wp\/v2\/product"}],"about":[{"href":"https:\/\/glotomania.com\/pt-pt\/wp-json\/wp\/v2\/types\/product"}],"replies":[{"embeddable":true,"href":"https:\/\/glotomania.com\/pt-pt\/wp-json\/wp\/v2\/comments?post=388605"}],"wp:featuredmedia":[{"embeddable":true,"href":"https:\/\/glotomania.com\/pt-pt\/wp-json\/wp\/v2\/media\/347494"}],"wp:attachment":[{"href":"https:\/\/glotomania.com\/pt-pt\/wp-json\/wp\/v2\/media?parent=388605"}],"wp:term":[{"taxonomy":"pwb-brand","embeddable":true,"href":"https:\/\/glotomania.com\/pt-pt\/wp-json\/wp\/v2\/pwb-brand?post=388605"},{"taxonomy":"product_brand","embeddable":true,"href":"https:\/\/glotomania.com\/pt-pt\/wp-json\/wp\/v2\/product_brand?post=388605"},{"taxonomy":"product_cat","embeddable":true,"href":"https:\/\/glotomania.com\/pt-pt\/wp-json\/wp\/v2\/product_cat?post=388605"},{"taxonomy":"product_tag","embeddable":true,"href":"https:\/\/glotomania.com\/pt-pt\/wp-json\/wp\/v2\/product_tag?post=388605"}],"curies":[{"name":"wp","href":"https:\/\/api.w.org\/{rel}","templated":true}]}}