{"id":388608,"date":"2025-09-02T10:36:57","date_gmt":"2025-09-02T10:36:57","guid":{"rendered":"https:\/\/glotomania.com\/p\/pintura-metalizada-comestible-rainbow-dust-gold-oro-25-ml-2\/"},"modified":"2026-04-20T11:22:49","modified_gmt":"2026-04-20T11:22:49","slug":"pintura-metalizada-comestible-rainbow-dust-gold-oro-25-ml-2","status":"publish","type":"product","link":"https:\/\/glotomania.com\/pt-pt\/p\/pintura-metalizada-comestible-rainbow-dust-gold-oro-25-ml-2\/","title":{"rendered":"Pintura Metalizada Comestible Rainbow Dust &#8211; Gold (25 G)"},"content":{"rendered":"<p>&nbsp;<\/p>\n<p><span style=\"font-size: 14px\">Basta aplicar com um pincel, esponja ou pincel de ar para um acabamento met&aacute;lico espantoso. Perfeito para pintar directamente sobre gelado ou fondant.<\/span><\/p>\n<p><span style=\"font-size: 14px\">Tinta 100% comest&iacute;vel. Agitar bem antes de usar.<\/span><\/p>\n<p><em><strong><span style=\"font-size: 14px\">&#8211; Livre de Di&oacute;xido de Tit&acirc;nio (E-171).<\/span><\/strong><\/em><\/p>\n","protected":false},"excerpt":{"rendered":"<p>Tinta comest\u00edvel Rainbow Dust, ideal para alcan\u00e7ar uma nova escala de brilho met\u00e1lico nas nossas cria\u00e7\u00f5es.<\/p>\n","protected":false},"featured_media":347542,"comment_status":"open","ping_status":"closed","template":"","meta":{"_acf_changed":false},"pwb-brand":[],"product_brand":[],"product_cat":[2953,2999,2996,3001,2973,1835,1832,1902,1845,1899],"product_tag":[],"class_list":{"0":"post-388608","1":"product","2":"type-product","3":"status-publish","4":"has-post-thumbnail","6":"product_cat-corantes-e-pinturas","7":"product_cat-kosher-2","8":"product_cat-produtos-vegetarianos","9":"product_cat-sem-e-171-2","10":"product_cat-tintas-comestiveis-2","11":"product_cat-colorantes","12":"product_cat-diestas-especiales","13":"product_cat-dieta-kosher","14":"product_cat-dieta-sin-e-171","15":"product_cat-pinturas-comesibles","17":"first","18":"instock","19":"taxable","20":"shipping-taxable","21":"purchasable","22":"product-type-simple"},"acf":[],"df_price":5.9,"df_sale_price":"","df_regular_price":5.9,"df_image_link":"https:\/\/glotomania.com\/wp-content\/uploads\/2025\/11\/img_18463_7f822e4ab8b9baa56731a60289e13825_1-28-300x300.jpg","brands":[],"_links":{"self":[{"href":"https:\/\/glotomania.com\/pt-pt\/wp-json\/wp\/v2\/product\/388608","targetHints":{"allow":["GET"]}}],"collection":[{"href":"https:\/\/glotomania.com\/pt-pt\/wp-json\/wp\/v2\/product"}],"about":[{"href":"https:\/\/glotomania.com\/pt-pt\/wp-json\/wp\/v2\/types\/product"}],"replies":[{"embeddable":true,"href":"https:\/\/glotomania.com\/pt-pt\/wp-json\/wp\/v2\/comments?post=388608"}],"wp:featuredmedia":[{"embeddable":true,"href":"https:\/\/glotomania.com\/pt-pt\/wp-json\/wp\/v2\/media\/347542"}],"wp:attachment":[{"href":"https:\/\/glotomania.com\/pt-pt\/wp-json\/wp\/v2\/media?parent=388608"}],"wp:term":[{"taxonomy":"pwb-brand","embeddable":true,"href":"https:\/\/glotomania.com\/pt-pt\/wp-json\/wp\/v2\/pwb-brand?post=388608"},{"taxonomy":"product_brand","embeddable":true,"href":"https:\/\/glotomania.com\/pt-pt\/wp-json\/wp\/v2\/product_brand?post=388608"},{"taxonomy":"product_cat","embeddable":true,"href":"https:\/\/glotomania.com\/pt-pt\/wp-json\/wp\/v2\/product_cat?post=388608"},{"taxonomy":"product_tag","embeddable":true,"href":"https:\/\/glotomania.com\/pt-pt\/wp-json\/wp\/v2\/product_tag?post=388608"}],"curies":[{"name":"wp","href":"https:\/\/api.w.org\/{rel}","templated":true}]}}