{"id":388617,"date":"2025-09-02T10:37:03","date_gmt":"2025-09-02T10:37:03","guid":{"rendered":"https:\/\/glotomania.com\/p\/bolsas-para-dulces-wilton-halloween-20-u-2\/"},"modified":"2026-04-26T00:20:33","modified_gmt":"2026-04-26T00:20:33","slug":"bolsas-para-dulces-wilton-halloween-20-u-2","status":"publish","type":"product","link":"https:\/\/glotomania.com\/pt-pt\/p\/bolsas-para-dulces-wilton-halloween-20-u-2\/","title":{"rendered":"Sacos De Doces Wilton &#8211; Halloween (20 U)"},"content":{"rendered":"<p>&nbsp;<\/p>\n<p><span style=\"font-size: 14px\">Cont&eacute;m 20 sacos e 20 fitas de fecho.<\/span><\/p>\n<p><span style=\"font-size: 14px\"><strong>Dimens&otilde;es aproximadas:&nbsp;<\/strong><\/span><span style=\"font-size: 14px;font-family: brandon-grotesque, sans-serif\">10,1 x 5,08 x 24,1<\/span><span style=\"font-size: 14px\">&nbsp;cm.<\/span><\/p>\n","protected":false},"excerpt":{"rendered":"<p>Estes assustadores sacos de oferta Wilton s\u00e3o perfeitos para o Halloween! Pode utiliz\u00e1-los para embrulhar biscoitos, doces e outros rebu\u00e7ados.<\/p>\n","protected":false},"featured_media":350205,"comment_status":"open","ping_status":"closed","template":"","meta":{"_acf_changed":false},"pwb-brand":[],"product_brand":[],"product_cat":[2907,2917,3087,3149,3153,2006,2005,1849,1863,1767],"product_tag":[],"class_list":{"0":"post-388617","1":"product","2":"type-product","3":"status-publish","4":"has-post-thumbnail","6":"product_cat-festas","7":"product_cat-halloween","8":"product_cat-ordem-e-armazenamento","9":"product_cat-sacos-de-pastelaria-2","10":"product_cat-sacos-para-doces-2","11":"product_cat-bolsas-dulces","12":"product_cat-bolsas","13":"product_cat-fiestas","15":"product_cat-utensilios","17":"first","18":"instock","19":"taxable","20":"shipping-taxable","21":"purchasable","22":"product-type-simple"},"acf":[],"df_price":1.75,"df_sale_price":1.75,"df_regular_price":2.5,"df_image_link":"https:\/\/glotomania.com\/wp-content\/uploads\/2025\/11\/img_18492_9922d4419416e799cf203e89e1cb0749_1-23-300x300.jpg","brands":[],"_links":{"self":[{"href":"https:\/\/glotomania.com\/pt-pt\/wp-json\/wp\/v2\/product\/388617","targetHints":{"allow":["GET"]}}],"collection":[{"href":"https:\/\/glotomania.com\/pt-pt\/wp-json\/wp\/v2\/product"}],"about":[{"href":"https:\/\/glotomania.com\/pt-pt\/wp-json\/wp\/v2\/types\/product"}],"replies":[{"embeddable":true,"href":"https:\/\/glotomania.com\/pt-pt\/wp-json\/wp\/v2\/comments?post=388617"}],"wp:featuredmedia":[{"embeddable":true,"href":"https:\/\/glotomania.com\/pt-pt\/wp-json\/wp\/v2\/media\/350205"}],"wp:attachment":[{"href":"https:\/\/glotomania.com\/pt-pt\/wp-json\/wp\/v2\/media?parent=388617"}],"wp:term":[{"taxonomy":"pwb-brand","embeddable":true,"href":"https:\/\/glotomania.com\/pt-pt\/wp-json\/wp\/v2\/pwb-brand?post=388617"},{"taxonomy":"product_brand","embeddable":true,"href":"https:\/\/glotomania.com\/pt-pt\/wp-json\/wp\/v2\/product_brand?post=388617"},{"taxonomy":"product_cat","embeddable":true,"href":"https:\/\/glotomania.com\/pt-pt\/wp-json\/wp\/v2\/product_cat?post=388617"},{"taxonomy":"product_tag","embeddable":true,"href":"https:\/\/glotomania.com\/pt-pt\/wp-json\/wp\/v2\/product_tag?post=388617"}],"curies":[{"name":"wp","href":"https:\/\/api.w.org\/{rel}","templated":true}]}}