{"id":388618,"date":"2025-09-02T10:37:04","date_gmt":"2025-09-02T10:37:04","guid":{"rendered":"https:\/\/glotomania.com\/p\/bolsas-para-dulces-cierre-zip-wilton-dia-de-los-muertos-20-u-2\/"},"modified":"2026-03-10T18:03:22","modified_gmt":"2026-03-10T18:03:22","slug":"bolsas-para-dulces-cierre-zip-wilton-dia-de-los-muertos-20-u-2","status":"publish","type":"product","link":"https:\/\/glotomania.com\/pt-pt\/p\/bolsas-para-dulces-cierre-zip-wilton-dia-de-los-muertos-20-u-2\/","title":{"rendered":"Sacos De Doces Wilton (fecho Zip) &#8211; Dia Dos Mortos (20 U)"},"content":{"rendered":"<p>&nbsp;<\/p>\n<p><span style=\"font-size:14px\">Cont&eacute;m 20 sacos com fecho selado.<\/span><\/p>\n<p><span style=\"font-size:14px\"><strong>Dimens&otilde;es aproximadas: <\/strong>17,6 x 15,7 cm.<\/span><\/p>\n","protected":false},"excerpt":{"rendered":"<p>Estes assustadores sacos de oferta Wilton s\u00e3o perfeitos para o Halloween! Pode utiliz\u00e1-los para embrulhar biscoitos, doces e outros rebu\u00e7ados.<\/p>\n","protected":false},"featured_media":350207,"comment_status":"open","ping_status":"closed","template":"","meta":{"_acf_changed":false},"pwb-brand":[],"product_brand":[],"product_cat":[2006,2005,2907,2917,3087,1849,1863,3149,3153,1767],"product_tag":[],"class_list":{"0":"post-388618","1":"product","2":"type-product","3":"status-publish","4":"has-post-thumbnail","6":"product_cat-bolsas-dulces","7":"product_cat-bolsas","8":"product_cat-festas","9":"product_cat-halloween","10":"product_cat-ordem-e-armazenamento","11":"product_cat-fiestas","13":"product_cat-sacos-de-pastelaria-2","14":"product_cat-sacos-para-doces-2","15":"product_cat-utensilios","17":"first","18":"instock","19":"taxable","20":"shipping-taxable","21":"purchasable","22":"product-type-simple"},"acf":[],"df_price":3.21,"df_sale_price":"","df_regular_price":3.21,"df_image_link":"https:\/\/glotomania.com\/wp-content\/uploads\/2025\/11\/img_18495_25112e08d9aa6e047553f15478c1f36e_1-32-300x300.jpg","brands":[],"_links":{"self":[{"href":"https:\/\/glotomania.com\/pt-pt\/wp-json\/wp\/v2\/product\/388618","targetHints":{"allow":["GET"]}}],"collection":[{"href":"https:\/\/glotomania.com\/pt-pt\/wp-json\/wp\/v2\/product"}],"about":[{"href":"https:\/\/glotomania.com\/pt-pt\/wp-json\/wp\/v2\/types\/product"}],"replies":[{"embeddable":true,"href":"https:\/\/glotomania.com\/pt-pt\/wp-json\/wp\/v2\/comments?post=388618"}],"wp:featuredmedia":[{"embeddable":true,"href":"https:\/\/glotomania.com\/pt-pt\/wp-json\/wp\/v2\/media\/350207"}],"wp:attachment":[{"href":"https:\/\/glotomania.com\/pt-pt\/wp-json\/wp\/v2\/media?parent=388618"}],"wp:term":[{"taxonomy":"pwb-brand","embeddable":true,"href":"https:\/\/glotomania.com\/pt-pt\/wp-json\/wp\/v2\/pwb-brand?post=388618"},{"taxonomy":"product_brand","embeddable":true,"href":"https:\/\/glotomania.com\/pt-pt\/wp-json\/wp\/v2\/product_brand?post=388618"},{"taxonomy":"product_cat","embeddable":true,"href":"https:\/\/glotomania.com\/pt-pt\/wp-json\/wp\/v2\/product_cat?post=388618"},{"taxonomy":"product_tag","embeddable":true,"href":"https:\/\/glotomania.com\/pt-pt\/wp-json\/wp\/v2\/product_tag?post=388618"}],"curies":[{"name":"wp","href":"https:\/\/api.w.org\/{rel}","templated":true}]}}