{"id":388622,"date":"2025-09-02T10:37:08","date_gmt":"2025-09-02T10:37:08","guid":{"rendered":"https:\/\/glotomania.com\/p\/decoraciones-de-azucar-wilton-halloween-2\/"},"modified":"2026-04-30T00:20:55","modified_gmt":"2026-04-30T00:20:55","slug":"decoraciones-de-azucar-wilton-halloween-2","status":"publish","type":"product","link":"https:\/\/glotomania.com\/pt-pt\/p\/decoraciones-de-azucar-wilton-halloween-2\/","title":{"rendered":"Decora\u00c7\u00d5es De A\u00c7\u00dacar Wilton &#8211; Halloween"},"content":{"rendered":"<p><span style=\"font-size:14px\">A mistura inclui morcegos, ab&oacute;boras e caveiras reais de gelo.<\/span><\/p>\n","protected":false},"excerpt":{"rendered":"<p>Inclui 12 decora\u00e7\u00f5es comest\u00edveis de a\u00e7\u00facar Wilton, perfeitas para dar um toque divertido \u00e0s suas cria\u00e7\u00f5es de Halloween.<\/p>\n","protected":false},"featured_media":336876,"comment_status":"open","ping_status":"closed","template":"","meta":{"_acf_changed":false},"pwb-brand":[],"product_brand":[],"product_cat":[2979,2979,2996,2907,2988,2988,2917,3001,2996,2907,2917,3001],"product_tag":[],"class_list":{"0":"post-388622","1":"product","2":"type-product","3":"status-publish","4":"has-post-thumbnail","6":"product_cat-decoracoes-comestiveis-2","8":"product_cat-produtos-vegetarianos","9":"product_cat-festas","10":"product_cat-figuras-de-acucar-comestiveis-2","12":"product_cat-halloween","13":"product_cat-sem-e-171-2","19":"first","20":"instock","21":"taxable","22":"shipping-taxable","23":"purchasable","24":"product-type-simple"},"acf":[],"df_price":3.07,"df_sale_price":3.07,"df_regular_price":4.39,"df_image_link":"https:\/\/glotomania.com\/wp-content\/uploads\/2025\/11\/img_18514_e9c504290d82b2ae31444fff58a0738b_1-27-300x300.jpg","brands":[],"_links":{"self":[{"href":"https:\/\/glotomania.com\/pt-pt\/wp-json\/wp\/v2\/product\/388622","targetHints":{"allow":["GET"]}}],"collection":[{"href":"https:\/\/glotomania.com\/pt-pt\/wp-json\/wp\/v2\/product"}],"about":[{"href":"https:\/\/glotomania.com\/pt-pt\/wp-json\/wp\/v2\/types\/product"}],"replies":[{"embeddable":true,"href":"https:\/\/glotomania.com\/pt-pt\/wp-json\/wp\/v2\/comments?post=388622"}],"wp:featuredmedia":[{"embeddable":true,"href":"https:\/\/glotomania.com\/pt-pt\/wp-json\/wp\/v2\/media\/336876"}],"wp:attachment":[{"href":"https:\/\/glotomania.com\/pt-pt\/wp-json\/wp\/v2\/media?parent=388622"}],"wp:term":[{"taxonomy":"pwb-brand","embeddable":true,"href":"https:\/\/glotomania.com\/pt-pt\/wp-json\/wp\/v2\/pwb-brand?post=388622"},{"taxonomy":"product_brand","embeddable":true,"href":"https:\/\/glotomania.com\/pt-pt\/wp-json\/wp\/v2\/product_brand?post=388622"},{"taxonomy":"product_cat","embeddable":true,"href":"https:\/\/glotomania.com\/pt-pt\/wp-json\/wp\/v2\/product_cat?post=388622"},{"taxonomy":"product_tag","embeddable":true,"href":"https:\/\/glotomania.com\/pt-pt\/wp-json\/wp\/v2\/product_tag?post=388622"}],"curies":[{"name":"wp","href":"https:\/\/api.w.org\/{rel}","templated":true}]}}