{"id":388623,"date":"2025-09-02T10:37:09","date_gmt":"2025-09-02T10:37:09","guid":{"rendered":"https:\/\/glotomania.com\/p\/decoraciones-de-azucar-funcakes-sombreros-y-piernas-de-bruja-2\/"},"modified":"2026-04-27T00:18:53","modified_gmt":"2026-04-27T00:18:53","slug":"decoraciones-de-azucar-funcakes-sombreros-y-piernas-de-bruja-2","status":"publish","type":"product","link":"https:\/\/glotomania.com\/pt-pt\/p\/decoraciones-de-azucar-funcakes-sombreros-y-piernas-de-bruja-2\/","title":{"rendered":"Decora\u00c7\u00d5es De A\u00c7\u00dacar Funcakes &#8211; Chap\u00c9us E Pernas De Bruxa"},"content":{"rendered":"<p>\n<span style=\"font-size:14px\"><strong>Tamanho aproximado: <\/strong>2 cm.<\/span><\/p>\n<p><span style=\"font-size:14px\">A caixa inclui 18 unidades.<\/span><\/p>\n","protected":false},"excerpt":{"rendered":"<p>18 decora\u00e7\u00f5es de a\u00e7\u00facar em forma de chap\u00e9u e perna de bruxa, ideais para fazer bolos originais de Halloween.<\/p>\n","protected":false},"featured_media":35945,"comment_status":"open","ping_status":"closed","template":"","meta":{"_acf_changed":false},"pwb-brand":[],"product_brand":[],"product_cat":[2979,2979,2996,2907,2988,2988,2917,3001,3004,2996,2907,2917,3001,3004],"product_tag":[],"class_list":{"0":"post-388623","1":"product","2":"type-product","3":"status-publish","4":"has-post-thumbnail","6":"product_cat-decoracoes-comestiveis-2","8":"product_cat-produtos-vegetarianos","9":"product_cat-festas","10":"product_cat-figuras-de-acucar-comestiveis-2","12":"product_cat-halloween","13":"product_cat-sem-e-171-2","14":"product_cat-sem-gluten-2","21":"first","22":"instock","23":"taxable","24":"shipping-taxable","25":"purchasable","26":"product-type-simple"},"acf":[],"df_price":4.18,"df_sale_price":2.93,"df_regular_price":4.18,"df_image_link":"https:\/\/glotomania.com\/wp-content\/uploads\/2022\/09\/img_18999_60e7707663fcec281d40730b13cec770_1-300x300.png","brands":[],"_links":{"self":[{"href":"https:\/\/glotomania.com\/pt-pt\/wp-json\/wp\/v2\/product\/388623","targetHints":{"allow":["GET"]}}],"collection":[{"href":"https:\/\/glotomania.com\/pt-pt\/wp-json\/wp\/v2\/product"}],"about":[{"href":"https:\/\/glotomania.com\/pt-pt\/wp-json\/wp\/v2\/types\/product"}],"replies":[{"embeddable":true,"href":"https:\/\/glotomania.com\/pt-pt\/wp-json\/wp\/v2\/comments?post=388623"}],"wp:featuredmedia":[{"embeddable":true,"href":"https:\/\/glotomania.com\/pt-pt\/wp-json\/wp\/v2\/media\/35945"}],"wp:attachment":[{"href":"https:\/\/glotomania.com\/pt-pt\/wp-json\/wp\/v2\/media?parent=388623"}],"wp:term":[{"taxonomy":"pwb-brand","embeddable":true,"href":"https:\/\/glotomania.com\/pt-pt\/wp-json\/wp\/v2\/pwb-brand?post=388623"},{"taxonomy":"product_brand","embeddable":true,"href":"https:\/\/glotomania.com\/pt-pt\/wp-json\/wp\/v2\/product_brand?post=388623"},{"taxonomy":"product_cat","embeddable":true,"href":"https:\/\/glotomania.com\/pt-pt\/wp-json\/wp\/v2\/product_cat?post=388623"},{"taxonomy":"product_tag","embeddable":true,"href":"https:\/\/glotomania.com\/pt-pt\/wp-json\/wp\/v2\/product_tag?post=388623"}],"curies":[{"name":"wp","href":"https:\/\/api.w.org\/{rel}","templated":true}]}}