{"id":388628,"date":"2025-09-02T10:37:14","date_gmt":"2025-09-02T10:37:14","guid":{"rendered":"https:\/\/glotomania.com\/p\/set-decoracion-de-cupcakes-wilton-2\/"},"modified":"2026-04-24T00:19:30","modified_gmt":"2026-04-24T00:19:30","slug":"set-decoracion-de-cupcakes-wilton-2","status":"publish","type":"product","link":"https:\/\/glotomania.com\/pt-pt\/p\/set-decoracion-de-cupcakes-wilton-2\/","title":{"rendered":"Conjunto De Decora\u00c7\u00d5es Para Bolos Wilton Cupcake"},"content":{"rendered":"<p><span style=\"font-size:14px\"><strong>Inclui<\/strong>:<\/span><\/p>\n<p><span style=\"font-size:14px\">1M bocal estrelado.<br \/>\nBico estrela 4B.<br \/>\n2A bico redondo.<br \/>\nBico de flor de gota 2D.<br \/>\n8 sacos de canaliza&ccedil;&atilde;o descart&aacute;veis.&nbsp;<\/span><\/p>\n","protected":false},"excerpt":{"rendered":"<p>Conjunto pr\u00e1tico Wilton para decora\u00e7\u00e3o de bolos, inclui 4 bicos e 8 sacos de tubagem descart\u00e1veis.<\/p>\n","protected":false},"featured_media":350219,"comment_status":"open","ping_status":"closed","template":"","meta":{"_acf_changed":false},"pwb-brand":[],"product_brand":[],"product_cat":[3106,3087,3126,3157,1820,1770,1883,1767],"product_tag":[],"class_list":{"0":"post-388628","1":"product","2":"type-product","3":"status-publish","4":"has-post-thumbnail","6":"product_cat-basicos-de-pastelaria","7":"product_cat-ordem-e-armazenamento","8":"product_cat-sacos-de-pasteleiro-e-acessorios-2","9":"product_cat-sets-de-bicos","10":"product_cat-basicos","11":"product_cat-boquilas","12":"product_cat-mangas-pasteleras","13":"product_cat-utensilios","15":"first","16":"instock","17":"taxable","18":"shipping-taxable","19":"purchasable","20":"product-type-simple"},"acf":[],"df_price":8.36,"df_sale_price":8.36,"df_regular_price":11.95,"df_image_link":"https:\/\/glotomania.com\/wp-content\/uploads\/2025\/11\/img_18572_93292057559b4885b010fb5821ee342b_1-28-300x300.jpg","brands":[],"_links":{"self":[{"href":"https:\/\/glotomania.com\/pt-pt\/wp-json\/wp\/v2\/product\/388628","targetHints":{"allow":["GET"]}}],"collection":[{"href":"https:\/\/glotomania.com\/pt-pt\/wp-json\/wp\/v2\/product"}],"about":[{"href":"https:\/\/glotomania.com\/pt-pt\/wp-json\/wp\/v2\/types\/product"}],"replies":[{"embeddable":true,"href":"https:\/\/glotomania.com\/pt-pt\/wp-json\/wp\/v2\/comments?post=388628"}],"wp:featuredmedia":[{"embeddable":true,"href":"https:\/\/glotomania.com\/pt-pt\/wp-json\/wp\/v2\/media\/350219"}],"wp:attachment":[{"href":"https:\/\/glotomania.com\/pt-pt\/wp-json\/wp\/v2\/media?parent=388628"}],"wp:term":[{"taxonomy":"pwb-brand","embeddable":true,"href":"https:\/\/glotomania.com\/pt-pt\/wp-json\/wp\/v2\/pwb-brand?post=388628"},{"taxonomy":"product_brand","embeddable":true,"href":"https:\/\/glotomania.com\/pt-pt\/wp-json\/wp\/v2\/product_brand?post=388628"},{"taxonomy":"product_cat","embeddable":true,"href":"https:\/\/glotomania.com\/pt-pt\/wp-json\/wp\/v2\/product_cat?post=388628"},{"taxonomy":"product_tag","embeddable":true,"href":"https:\/\/glotomania.com\/pt-pt\/wp-json\/wp\/v2\/product_tag?post=388628"}],"curies":[{"name":"wp","href":"https:\/\/api.w.org\/{rel}","templated":true}]}}