{"id":388645,"date":"2025-09-02T10:37:27","date_gmt":"2025-09-02T10:37:27","guid":{"rendered":"https:\/\/glotomania.com\/p\/set-cortadores-wilton-arbol-de-navidad-2\/"},"modified":"2026-05-05T00:21:24","modified_gmt":"2026-05-05T00:21:24","slug":"set-cortadores-wilton-arbol-de-navidad-2","status":"publish","type":"product","link":"https:\/\/glotomania.com\/pt-pt\/p\/set-cortadores-wilton-arbol-de-navidad-2\/","title":{"rendered":"Conjunto De Cortadores Wilton &#8211; Arvore De Natal"},"content":{"rendered":"<p>&nbsp;<\/p>\n<div>\n<p><span style=\"font-size:14px\">O conjunto inclui: 10 cortadores, 3 sacos de tubagem, 2 bicos (redondos e estrelados), folheto de receitas e instru&ccedil;&otilde;es.<\/span><\/p>\n<p><span style=\"font-size:14px\">Fabricado em <strong>pl&aacute;stico <\/strong>de alta qualidade e seguro para os alimentos.<\/span><\/p>\n<p><span style=\"font-size:14px\"><strong>Dimens&otilde;es aproximadas da &aacute;rvore montada: <\/strong>20,32 x 27,9 cm.&nbsp;<\/span><\/p>\n<\/div>\n","protected":false},"excerpt":{"rendered":"<p>Inclui 10 cortadores Wilton em forma de estrela, perfeitos para fazer uma fant\u00e1stica \u00e1rvore de Natal. Tamb\u00e9m inclui bicos, sacos de tubagem, folheto de receitas e instru\u00e7\u00f5es.<\/p>\n","protected":false},"featured_media":347615,"comment_status":"open","ping_status":"closed","template":"","meta":{"_acf_changed":false},"pwb-brand":[],"product_brand":[],"product_cat":[3199,2920,3087,1788,1866,1767],"product_tag":[],"class_list":{"0":"post-388645","1":"product","2":"type-product","3":"status-publish","4":"has-post-thumbnail","6":"product_cat-cortadores-de-metal","7":"product_cat-natal-2","8":"product_cat-ordem-e-armazenamento","9":"product_cat-cortadores-de-cobre","10":"product_cat-navidad","11":"product_cat-utensilios","13":"first","14":"instock","15":"taxable","16":"shipping-taxable","17":"purchasable","18":"product-type-simple"},"acf":[],"df_price":9.95,"df_sale_price":6.96,"df_regular_price":9.95,"df_image_link":"https:\/\/glotomania.com\/wp-content\/uploads\/2025\/11\/img_18703_28a7218685c0ccf5895057931bd60157_1-30-300x300.jpg","brands":[],"_links":{"self":[{"href":"https:\/\/glotomania.com\/pt-pt\/wp-json\/wp\/v2\/product\/388645","targetHints":{"allow":["GET"]}}],"collection":[{"href":"https:\/\/glotomania.com\/pt-pt\/wp-json\/wp\/v2\/product"}],"about":[{"href":"https:\/\/glotomania.com\/pt-pt\/wp-json\/wp\/v2\/types\/product"}],"replies":[{"embeddable":true,"href":"https:\/\/glotomania.com\/pt-pt\/wp-json\/wp\/v2\/comments?post=388645"}],"wp:featuredmedia":[{"embeddable":true,"href":"https:\/\/glotomania.com\/pt-pt\/wp-json\/wp\/v2\/media\/347615"}],"wp:attachment":[{"href":"https:\/\/glotomania.com\/pt-pt\/wp-json\/wp\/v2\/media?parent=388645"}],"wp:term":[{"taxonomy":"pwb-brand","embeddable":true,"href":"https:\/\/glotomania.com\/pt-pt\/wp-json\/wp\/v2\/pwb-brand?post=388645"},{"taxonomy":"product_brand","embeddable":true,"href":"https:\/\/glotomania.com\/pt-pt\/wp-json\/wp\/v2\/product_brand?post=388645"},{"taxonomy":"product_cat","embeddable":true,"href":"https:\/\/glotomania.com\/pt-pt\/wp-json\/wp\/v2\/product_cat?post=388645"},{"taxonomy":"product_tag","embeddable":true,"href":"https:\/\/glotomania.com\/pt-pt\/wp-json\/wp\/v2\/product_tag?post=388645"}],"curies":[{"name":"wp","href":"https:\/\/api.w.org\/{rel}","templated":true}]}}