{"id":388654,"date":"2025-09-02T10:37:34","date_gmt":"2025-09-02T10:37:34","guid":{"rendered":"https:\/\/glotomania.com\/p\/decoraciones-de-azucar-wilton-reno-2\/"},"modified":"2026-03-10T18:04:47","modified_gmt":"2026-03-10T18:04:47","slug":"decoraciones-de-azucar-wilton-reno-2","status":"publish","type":"product","link":"https:\/\/glotomania.com\/pt-pt\/p\/decoraciones-de-azucar-wilton-reno-2\/","title":{"rendered":"[p. Caduc.] Decora\u00c7\u00d5es Com A\u00c7\u00dacar Wilton &#8211; Renas"},"content":{"rendered":"<p>&nbsp;<\/p>\n<p><span style=\"font-size:14px\">A mistura inclui olhos de <strong>renas, narizes vermelhos, chifres e arcos verdes.<\/strong><\/span><\/p>\n","protected":false},"excerpt":{"rendered":"<p>12 Decora\u00e7\u00f5es comest\u00edveis Royal Icing Wilton, perfeitas para o Natal. Inclui olhos de rena, narizes, chifres e arcos.<\/p>\n","protected":false},"featured_media":347636,"comment_status":"open","ping_status":"closed","template":"","meta":{"_acf_changed":false},"pwb-brand":[],"product_brand":[],"product_cat":[2979,2907,2988,2920,2996,3001,1839,1832,1999,1845,1849,1866],"product_tag":[],"class_list":{"0":"post-388654","1":"product","2":"type-product","3":"status-publish","4":"has-post-thumbnail","6":"product_cat-decoracoes-comestiveis-2","7":"product_cat-festas","8":"product_cat-figuras-de-acucar-comestiveis-2","9":"product_cat-natal-2","10":"product_cat-produtos-vegetarianos","11":"product_cat-sem-e-171-2","12":"product_cat-decoracion-comestible","13":"product_cat-diestas-especiales","14":"product_cat-figuras-de-azucar","15":"product_cat-dieta-sin-e-171","16":"product_cat-fiestas","17":"product_cat-navidad","19":"first","20":"instock","21":"taxable","22":"shipping-taxable","23":"purchasable","24":"product-type-simple"},"acf":[],"df_price":4,"df_sale_price":"","df_regular_price":4,"df_image_link":"https:\/\/glotomania.com\/wp-content\/uploads\/2025\/11\/img_18769_830ea15fef3532383798622d78733431_1-31-300x300.jpg","brands":[],"_links":{"self":[{"href":"https:\/\/glotomania.com\/pt-pt\/wp-json\/wp\/v2\/product\/388654","targetHints":{"allow":["GET"]}}],"collection":[{"href":"https:\/\/glotomania.com\/pt-pt\/wp-json\/wp\/v2\/product"}],"about":[{"href":"https:\/\/glotomania.com\/pt-pt\/wp-json\/wp\/v2\/types\/product"}],"replies":[{"embeddable":true,"href":"https:\/\/glotomania.com\/pt-pt\/wp-json\/wp\/v2\/comments?post=388654"}],"wp:featuredmedia":[{"embeddable":true,"href":"https:\/\/glotomania.com\/pt-pt\/wp-json\/wp\/v2\/media\/347636"}],"wp:attachment":[{"href":"https:\/\/glotomania.com\/pt-pt\/wp-json\/wp\/v2\/media?parent=388654"}],"wp:term":[{"taxonomy":"pwb-brand","embeddable":true,"href":"https:\/\/glotomania.com\/pt-pt\/wp-json\/wp\/v2\/pwb-brand?post=388654"},{"taxonomy":"product_brand","embeddable":true,"href":"https:\/\/glotomania.com\/pt-pt\/wp-json\/wp\/v2\/product_brand?post=388654"},{"taxonomy":"product_cat","embeddable":true,"href":"https:\/\/glotomania.com\/pt-pt\/wp-json\/wp\/v2\/product_cat?post=388654"},{"taxonomy":"product_tag","embeddable":true,"href":"https:\/\/glotomania.com\/pt-pt\/wp-json\/wp\/v2\/product_tag?post=388654"}],"curies":[{"name":"wp","href":"https:\/\/api.w.org\/{rel}","templated":true}]}}