{"id":388656,"date":"2025-09-02T10:37:37","date_gmt":"2025-09-02T10:37:37","guid":{"rendered":"https:\/\/glotomania.com\/p\/decoraciones-de-azucar-funcakes-copos-de-nieve-blancos-2\/"},"modified":"2026-04-27T00:19:08","modified_gmt":"2026-04-27T00:19:08","slug":"decoraciones-de-azucar-funcakes-copos-de-nieve-blancos-2","status":"publish","type":"product","link":"https:\/\/glotomania.com\/pt-pt\/p\/decoraciones-de-azucar-funcakes-copos-de-nieve-blancos-2\/","title":{"rendered":"Decora\u00c7\u00d5es De A\u00c7\u00dacar Funcakes &#8211; Flocos De Neve (brancos)"},"content":{"rendered":"<p>\n<span style=\"font-size: 14px\"><strong>Tamanho aproximado:&nbsp;<\/strong>2,6 cm.<\/span><\/p>\n<p><span style=\"font-size: 14px\">A caixa inclui 12 unidades.<\/span><\/p>\n","protected":false},"excerpt":{"rendered":"<p>Decore os seus bolos, bolos ou bolachas com estas fant\u00e1sticas decora\u00e7\u00f5es de a\u00e7\u00facar de Inverno da FunCakes.<\/p>\n","protected":false},"featured_media":350278,"comment_status":"open","ping_status":"closed","template":"","meta":{"_acf_changed":false},"pwb-brand":[],"product_brand":[],"product_cat":[2979,2907,2988,2920,2996,3001,3004,1839,1832,1999,1845,1833,1849,1866],"product_tag":[],"class_list":{"0":"post-388656","1":"product","2":"type-product","3":"status-publish","4":"has-post-thumbnail","6":"product_cat-decoracoes-comestiveis-2","7":"product_cat-festas","8":"product_cat-figuras-de-acucar-comestiveis-2","9":"product_cat-natal-2","10":"product_cat-produtos-vegetarianos","11":"product_cat-sem-e-171-2","12":"product_cat-sem-gluten-2","13":"product_cat-decoracion-comestible","14":"product_cat-diestas-especiales","15":"product_cat-figuras-de-azucar","16":"product_cat-dieta-sin-e-171","17":"product_cat-dieta-sin-gluten","18":"product_cat-fiestas","19":"product_cat-navidad","21":"first","22":"instock","23":"taxable","24":"shipping-taxable","25":"purchasable","26":"product-type-simple"},"acf":[],"df_price":4.18,"df_sale_price":2.93,"df_regular_price":4.18,"df_image_link":"https:\/\/glotomania.com\/wp-content\/uploads\/2025\/11\/img_18780_8fabcc3dc28241f9f798c6290c261879_1-25-300x300.jpg","brands":[],"_links":{"self":[{"href":"https:\/\/glotomania.com\/pt-pt\/wp-json\/wp\/v2\/product\/388656","targetHints":{"allow":["GET"]}}],"collection":[{"href":"https:\/\/glotomania.com\/pt-pt\/wp-json\/wp\/v2\/product"}],"about":[{"href":"https:\/\/glotomania.com\/pt-pt\/wp-json\/wp\/v2\/types\/product"}],"replies":[{"embeddable":true,"href":"https:\/\/glotomania.com\/pt-pt\/wp-json\/wp\/v2\/comments?post=388656"}],"wp:featuredmedia":[{"embeddable":true,"href":"https:\/\/glotomania.com\/pt-pt\/wp-json\/wp\/v2\/media\/350278"}],"wp:attachment":[{"href":"https:\/\/glotomania.com\/pt-pt\/wp-json\/wp\/v2\/media?parent=388656"}],"wp:term":[{"taxonomy":"pwb-brand","embeddable":true,"href":"https:\/\/glotomania.com\/pt-pt\/wp-json\/wp\/v2\/pwb-brand?post=388656"},{"taxonomy":"product_brand","embeddable":true,"href":"https:\/\/glotomania.com\/pt-pt\/wp-json\/wp\/v2\/product_brand?post=388656"},{"taxonomy":"product_cat","embeddable":true,"href":"https:\/\/glotomania.com\/pt-pt\/wp-json\/wp\/v2\/product_cat?post=388656"},{"taxonomy":"product_tag","embeddable":true,"href":"https:\/\/glotomania.com\/pt-pt\/wp-json\/wp\/v2\/product_tag?post=388656"}],"curies":[{"name":"wp","href":"https:\/\/api.w.org\/{rel}","templated":true}]}}