{"id":388657,"date":"2025-09-02T10:37:38","date_gmt":"2025-09-02T10:37:38","guid":{"rendered":"https:\/\/glotomania.com\/p\/decoraciones-de-azucar-funcakes-copos-de-nieve-blancos-y-azules-2\/"},"modified":"2026-04-27T00:19:08","modified_gmt":"2026-04-27T00:19:08","slug":"decoraciones-de-azucar-funcakes-copos-de-nieve-blancos-y-azules-2","status":"publish","type":"product","link":"https:\/\/glotomania.com\/pt-pt\/p\/decoraciones-de-azucar-funcakes-copos-de-nieve-blancos-y-azules-2\/","title":{"rendered":"Decora\u00c7\u00d5es De A\u00c7\u00dacar Funcakes &#8211; Flocos De Neve (brancos E Azuis)"},"content":{"rendered":"<p>\n<span style=\"font-size: 14px\"><strong>Tamanho aproximado:&nbsp;<\/strong>2 cm.<\/span><\/p>\n<p><span style=\"font-size: 14px\">A caixa inclui 18 unidades.<\/span><\/p>\n","protected":false},"excerpt":{"rendered":"<p>Decore os seus bolos, bolos ou bolachas com estas fant\u00e1sticas decora\u00e7\u00f5es de a\u00e7\u00facar de Inverno da FunCakes.<\/p>\n","protected":false},"featured_media":344278,"comment_status":"open","ping_status":"closed","template":"","meta":{"_acf_changed":false},"pwb-brand":[],"product_brand":[],"product_cat":[2979,2979,2996,2907,2988,2988,3001,3004,2920,2996,2907,2920,3001,3004],"product_tag":[],"class_list":{"0":"post-388657","1":"product","2":"type-product","3":"status-publish","4":"has-post-thumbnail","6":"product_cat-decoracoes-comestiveis-2","8":"product_cat-produtos-vegetarianos","9":"product_cat-festas","10":"product_cat-figuras-de-acucar-comestiveis-2","12":"product_cat-sem-e-171-2","13":"product_cat-sem-gluten-2","14":"product_cat-natal-2","21":"first","22":"instock","23":"taxable","24":"shipping-taxable","25":"purchasable","26":"product-type-simple"},"acf":[],"df_price":4.18,"df_sale_price":2.93,"df_regular_price":4.18,"df_image_link":"https:\/\/glotomania.com\/wp-content\/uploads\/2025\/11\/img_18783_6f3936383545a3ad5cec21356503fc25_1-26-300x300.jpg","brands":[],"_links":{"self":[{"href":"https:\/\/glotomania.com\/pt-pt\/wp-json\/wp\/v2\/product\/388657","targetHints":{"allow":["GET"]}}],"collection":[{"href":"https:\/\/glotomania.com\/pt-pt\/wp-json\/wp\/v2\/product"}],"about":[{"href":"https:\/\/glotomania.com\/pt-pt\/wp-json\/wp\/v2\/types\/product"}],"replies":[{"embeddable":true,"href":"https:\/\/glotomania.com\/pt-pt\/wp-json\/wp\/v2\/comments?post=388657"}],"wp:featuredmedia":[{"embeddable":true,"href":"https:\/\/glotomania.com\/pt-pt\/wp-json\/wp\/v2\/media\/344278"}],"wp:attachment":[{"href":"https:\/\/glotomania.com\/pt-pt\/wp-json\/wp\/v2\/media?parent=388657"}],"wp:term":[{"taxonomy":"pwb-brand","embeddable":true,"href":"https:\/\/glotomania.com\/pt-pt\/wp-json\/wp\/v2\/pwb-brand?post=388657"},{"taxonomy":"product_brand","embeddable":true,"href":"https:\/\/glotomania.com\/pt-pt\/wp-json\/wp\/v2\/product_brand?post=388657"},{"taxonomy":"product_cat","embeddable":true,"href":"https:\/\/glotomania.com\/pt-pt\/wp-json\/wp\/v2\/product_cat?post=388657"},{"taxonomy":"product_tag","embeddable":true,"href":"https:\/\/glotomania.com\/pt-pt\/wp-json\/wp\/v2\/product_tag?post=388657"}],"curies":[{"name":"wp","href":"https:\/\/api.w.org\/{rel}","templated":true}]}}