{"id":388659,"date":"2026-02-15T10:44:17","date_gmt":"2026-02-15T10:44:17","guid":{"rendered":"https:\/\/glotomania.com\/p\/decoraciones-de-fondant-funcakes-rosas-bronce-oro-2\/"},"modified":"2026-04-15T14:50:28","modified_gmt":"2026-04-15T14:50:28","slug":"decoraciones-de-fondant-funcakes-rosas-bronce-oro-2","status":"publish","type":"product","link":"https:\/\/glotomania.com\/pt-pt\/p\/decoraciones-de-fondant-funcakes-rosas-bronce-oro-2\/","title":{"rendered":"Decora\u00c7\u00d5es De Pasta De A\u00c7\u00dacar Funcakes &#8211; Rosas (bronze \/ Ouro)"},"content":{"rendered":"<p>&nbsp;<\/p>\n<p><span style=\"font-size:14px\"><strong>Tamanho aproximado:<\/strong> 2,5 cm.<\/span><\/p>\n<p><span style=\"font-size:14px\">A caixa cont&eacute;m 6 pe&ccedil;as.<\/span><\/p>\n<p>&nbsp;<\/p>\n","protected":false},"excerpt":{"rendered":"<p>6 decora\u00e7\u00f5es de pasta de a\u00e7\u00facar em forma de rosas em bronze dourado brilhante por Funcakes.<\/p>\n","protected":false},"featured_media":384372,"comment_status":"open","ping_status":"closed","template":"","meta":{"_acf_changed":false},"pwb-brand":[],"product_brand":[],"product_cat":[2910,2979,2907,2988,2997,2920,2996,2924,3001,3004,1852,1839,1832,1999,2766,2773,1901,1845,1833,1888,1849,1866],"product_tag":[],"class_list":{"0":"post-388659","1":"product","2":"type-product","3":"status-publish","4":"has-post-thumbnail","6":"product_cat-casamentos-2","7":"product_cat-decoracoes-comestiveis-2","8":"product_cat-festas","9":"product_cat-figuras-de-acucar-comestiveis-2","10":"product_cat-halal","11":"product_cat-natal-2","12":"product_cat-produtos-vegetarianos","13":"product_cat-sao-valentim-2","14":"product_cat-sem-e-171-2","15":"product_cat-sem-gluten-2","16":"product_cat-san-valentin","17":"product_cat-decoracion-comestible","18":"product_cat-diestas-especiales","19":"product_cat-figuras-de-azucar","20":"product_cat-fondant-rosa","21":"product_cat-fondant-sin-gluten","22":"product_cat-dieta-halal","23":"product_cat-dieta-sin-e-171","24":"product_cat-dieta-sin-gluten","25":"product_cat-bodas","26":"product_cat-fiestas","27":"product_cat-navidad","29":"first","30":"instock","31":"taxable","32":"shipping-taxable","33":"purchasable","34":"product-type-simple"},"acf":[],"df_price":2.95,"df_sale_price":"","df_regular_price":2.95,"df_image_link":"https:\/\/glotomania.com\/wp-content\/uploads\/2026\/02\/img_18788_859a3c8aad02645262866152ed52801a_1.jpg","brands":[],"_links":{"self":[{"href":"https:\/\/glotomania.com\/pt-pt\/wp-json\/wp\/v2\/product\/388659","targetHints":{"allow":["GET"]}}],"collection":[{"href":"https:\/\/glotomania.com\/pt-pt\/wp-json\/wp\/v2\/product"}],"about":[{"href":"https:\/\/glotomania.com\/pt-pt\/wp-json\/wp\/v2\/types\/product"}],"replies":[{"embeddable":true,"href":"https:\/\/glotomania.com\/pt-pt\/wp-json\/wp\/v2\/comments?post=388659"}],"wp:featuredmedia":[{"embeddable":true,"href":"https:\/\/glotomania.com\/pt-pt\/wp-json\/wp\/v2\/media\/384372"}],"wp:attachment":[{"href":"https:\/\/glotomania.com\/pt-pt\/wp-json\/wp\/v2\/media?parent=388659"}],"wp:term":[{"taxonomy":"pwb-brand","embeddable":true,"href":"https:\/\/glotomania.com\/pt-pt\/wp-json\/wp\/v2\/pwb-brand?post=388659"},{"taxonomy":"product_brand","embeddable":true,"href":"https:\/\/glotomania.com\/pt-pt\/wp-json\/wp\/v2\/product_brand?post=388659"},{"taxonomy":"product_cat","embeddable":true,"href":"https:\/\/glotomania.com\/pt-pt\/wp-json\/wp\/v2\/product_cat?post=388659"},{"taxonomy":"product_tag","embeddable":true,"href":"https:\/\/glotomania.com\/pt-pt\/wp-json\/wp\/v2\/product_tag?post=388659"}],"curies":[{"name":"wp","href":"https:\/\/api.w.org\/{rel}","templated":true}]}}