{"id":388670,"date":"2025-09-02T10:37:46","date_gmt":"2025-09-02T10:37:46","guid":{"rendered":"https:\/\/glotomania.com\/p\/perlas-de-azucar-nonpareils-funcakes-navidad-80-g-2\/"},"modified":"2026-03-10T18:05:33","modified_gmt":"2026-03-10T18:05:33","slug":"perlas-de-azucar-nonpareils-funcakes-navidad-80-g-2","status":"publish","type":"product","link":"https:\/\/glotomania.com\/pt-pt\/p\/perlas-de-azucar-nonpareils-funcakes-navidad-80-g-2\/","title":{"rendered":"Perolas De A\u00c7\u00dacar (nonpareils) Funcakes &#8211; Natal 80 G"},"content":{"rendered":"<p style=\"font-size: 16px;margin-top: 0px;margin-bottom: 2rem;font-family:\">&nbsp;<\/p>\n<p style=\"font-size: 16px;margin-top: 0px;margin-bottom: 2rem;font-family:\">&nbsp;<\/p>\n<p>&nbsp;<\/p>\n","protected":false},"excerpt":{"rendered":"<p>P\u00e9rolas de a\u00e7\u00facar comest\u00edveis, com cores de Natal, perfeitos para decorar todo o tipo de prepara\u00e7\u00f5es.<\/p>\n","protected":false},"featured_media":350297,"comment_status":"open","ping_status":"closed","template":"","meta":{"_acf_changed":false},"pwb-brand":[],"product_brand":[],"product_cat":[1839,1840,2979,2982,1832,2907,2997,1901,1845,2920,2996,1849,1866,3001],"product_tag":[],"class_list":{"0":"post-388670","1":"product","2":"type-product","3":"status-publish","4":"has-post-thumbnail","6":"product_cat-decoracion-comestible","7":"product_cat-decoraciones-azucar-comestibles","8":"product_cat-decoracoes-comestiveis-2","9":"product_cat-decoracoes-de-acucar","10":"product_cat-diestas-especiales","11":"product_cat-festas","12":"product_cat-halal","13":"product_cat-dieta-halal","14":"product_cat-dieta-sin-e-171","15":"product_cat-natal-2","16":"product_cat-produtos-vegetarianos","17":"product_cat-fiestas","18":"product_cat-navidad","19":"product_cat-sem-e-171-2","21":"first","22":"instock","23":"taxable","24":"shipping-taxable","25":"purchasable","26":"product-type-simple"},"acf":[],"df_price":2.64,"df_sale_price":"","df_regular_price":2.64,"df_image_link":"https:\/\/glotomania.com\/wp-content\/uploads\/2025\/11\/img_18817_dd06b8194e59395ef12188e879334dd3_1-28-300x300.jpg","brands":[],"_links":{"self":[{"href":"https:\/\/glotomania.com\/pt-pt\/wp-json\/wp\/v2\/product\/388670","targetHints":{"allow":["GET"]}}],"collection":[{"href":"https:\/\/glotomania.com\/pt-pt\/wp-json\/wp\/v2\/product"}],"about":[{"href":"https:\/\/glotomania.com\/pt-pt\/wp-json\/wp\/v2\/types\/product"}],"replies":[{"embeddable":true,"href":"https:\/\/glotomania.com\/pt-pt\/wp-json\/wp\/v2\/comments?post=388670"}],"wp:featuredmedia":[{"embeddable":true,"href":"https:\/\/glotomania.com\/pt-pt\/wp-json\/wp\/v2\/media\/350297"}],"wp:attachment":[{"href":"https:\/\/glotomania.com\/pt-pt\/wp-json\/wp\/v2\/media?parent=388670"}],"wp:term":[{"taxonomy":"pwb-brand","embeddable":true,"href":"https:\/\/glotomania.com\/pt-pt\/wp-json\/wp\/v2\/pwb-brand?post=388670"},{"taxonomy":"product_brand","embeddable":true,"href":"https:\/\/glotomania.com\/pt-pt\/wp-json\/wp\/v2\/product_brand?post=388670"},{"taxonomy":"product_cat","embeddable":true,"href":"https:\/\/glotomania.com\/pt-pt\/wp-json\/wp\/v2\/product_cat?post=388670"},{"taxonomy":"product_tag","embeddable":true,"href":"https:\/\/glotomania.com\/pt-pt\/wp-json\/wp\/v2\/product_tag?post=388670"}],"curies":[{"name":"wp","href":"https:\/\/api.w.org\/{rel}","templated":true}]}}