{"id":388671,"date":"2025-09-02T10:37:47","date_gmt":"2025-09-02T10:37:47","guid":{"rendered":"https:\/\/glotomania.com\/p\/perlas-de-azucar-nonpareils-funcakes-plata-y-blanco-80-g-2\/"},"modified":"2026-04-25T12:26:09","modified_gmt":"2026-04-25T12:26:09","slug":"perlas-de-azucar-nonpareils-funcakes-plata-y-blanco-80-g-2","status":"publish","type":"product","link":"https:\/\/glotomania.com\/pt-pt\/p\/perlas-de-azucar-nonpareils-funcakes-plata-y-blanco-80-g-2\/","title":{"rendered":"Perolas De A\u00c7\u00dacar (nonpareils) Funcakes &#8211; Prata E Branco [80 G]"},"content":{"rendered":"","protected":false},"excerpt":{"rendered":"<p>P\u00e9rolas de a\u00e7\u00facar comest\u00edveis brancas e pratas, perfeitos para decorar todo o tipo de prepara\u00e7\u00f5es.<\/p>\n","protected":false},"featured_media":350270,"comment_status":"open","ping_status":"closed","template":"","meta":{"_acf_changed":false},"pwb-brand":[],"product_brand":[],"product_cat":[2908,2910,2911,2979,2982,2907,2997,2920,2996,3001,1839,1840,1832,1901,1845,1888,1862,1885,1849,1866],"product_tag":[],"class_list":{"0":"post-388671","1":"product","2":"type-product","3":"status-publish","4":"has-post-thumbnail","6":"product_cat-batizados","7":"product_cat-casamentos-2","8":"product_cat-comunhoes","9":"product_cat-decoracoes-comestiveis-2","10":"product_cat-decoracoes-de-acucar","11":"product_cat-festas","12":"product_cat-halal","13":"product_cat-natal-2","14":"product_cat-produtos-vegetarianos","15":"product_cat-sem-e-171-2","16":"product_cat-decoracion-comestible","17":"product_cat-decoraciones-azucar-comestibles","18":"product_cat-diestas-especiales","19":"product_cat-dieta-halal","20":"product_cat-dieta-sin-e-171","21":"product_cat-bodas","22":"product_cat-comuniones","23":"product_cat-bautizos","24":"product_cat-fiestas","25":"product_cat-navidad","27":"first","28":"instock","29":"taxable","30":"shipping-taxable","31":"purchasable","32":"product-type-simple"},"acf":[],"df_price":2.46,"df_sale_price":"","df_regular_price":2.46,"df_image_link":"https:\/\/glotomania.com\/wp-content\/uploads\/2025\/11\/img_18819_bc66a0a971be62227af5878809f9da52_1-17-300x300.jpg","brands":[],"_links":{"self":[{"href":"https:\/\/glotomania.com\/pt-pt\/wp-json\/wp\/v2\/product\/388671","targetHints":{"allow":["GET"]}}],"collection":[{"href":"https:\/\/glotomania.com\/pt-pt\/wp-json\/wp\/v2\/product"}],"about":[{"href":"https:\/\/glotomania.com\/pt-pt\/wp-json\/wp\/v2\/types\/product"}],"replies":[{"embeddable":true,"href":"https:\/\/glotomania.com\/pt-pt\/wp-json\/wp\/v2\/comments?post=388671"}],"wp:featuredmedia":[{"embeddable":true,"href":"https:\/\/glotomania.com\/pt-pt\/wp-json\/wp\/v2\/media\/350270"}],"wp:attachment":[{"href":"https:\/\/glotomania.com\/pt-pt\/wp-json\/wp\/v2\/media?parent=388671"}],"wp:term":[{"taxonomy":"pwb-brand","embeddable":true,"href":"https:\/\/glotomania.com\/pt-pt\/wp-json\/wp\/v2\/pwb-brand?post=388671"},{"taxonomy":"product_brand","embeddable":true,"href":"https:\/\/glotomania.com\/pt-pt\/wp-json\/wp\/v2\/product_brand?post=388671"},{"taxonomy":"product_cat","embeddable":true,"href":"https:\/\/glotomania.com\/pt-pt\/wp-json\/wp\/v2\/product_cat?post=388671"},{"taxonomy":"product_tag","embeddable":true,"href":"https:\/\/glotomania.com\/pt-pt\/wp-json\/wp\/v2\/product_tag?post=388671"}],"curies":[{"name":"wp","href":"https:\/\/api.w.org\/{rel}","templated":true}]}}