{"id":388673,"date":"2025-09-02T10:37:48","date_gmt":"2025-09-02T10:37:48","guid":{"rendered":"https:\/\/glotomania.com\/p\/sprinkles-funcakes-mimosa-azul-45-g-2\/"},"modified":"2026-03-12T15:22:15","modified_gmt":"2026-03-12T15:22:15","slug":"sprinkles-funcakes-mimosa-azul-45-g-2","status":"publish","type":"product","link":"https:\/\/glotomania.com\/pt-pt\/p\/sprinkles-funcakes-mimosa-azul-45-g-2\/","title":{"rendered":"Sprinkles Funcakes &#8211; Mimosa Azul (45 G)"},"content":{"rendered":"","protected":false},"excerpt":{"rendered":"<p>Decore as suas sobremesas com esta fant\u00e1stica mistura de mimosas azuis Funcakes, ideal para cria\u00e7\u00f5es de Inverno.<\/p>\n","protected":false},"featured_media":350303,"comment_status":"open","ping_status":"closed","template":"","meta":{"_acf_changed":false},"pwb-brand":[],"product_brand":[],"product_cat":[2908,2911,1839,1840,2979,2982,2916,1832,2907,1845,2920,2921,2996,1862,1885,1951,1849,1866,1858,3001],"product_tag":[],"class_list":{"0":"post-388673","1":"product","2":"type-product","3":"status-publish","4":"has-post-thumbnail","6":"product_cat-batizados","7":"product_cat-comunhoes","8":"product_cat-decoracion-comestible","9":"product_cat-decoraciones-azucar-comestibles","10":"product_cat-decoracoes-comestiveis-2","11":"product_cat-decoracoes-de-acucar","12":"product_cat-dia-dos-pais-2","13":"product_cat-diestas-especiales","14":"product_cat-festas","15":"product_cat-dieta-sin-e-171","16":"product_cat-natal-2","17":"product_cat-pascoa","18":"product_cat-produtos-vegetarianos","19":"product_cat-comuniones","20":"product_cat-bautizos","21":"product_cat-dia-del-padre","22":"product_cat-fiestas","23":"product_cat-navidad","24":"product_cat-pascua","25":"product_cat-sem-e-171-2","27":"first","28":"instock","29":"taxable","30":"shipping-taxable","31":"purchasable","32":"product-type-simple"},"acf":[],"df_price":2.45,"df_sale_price":"","df_regular_price":2.45,"df_image_link":"https:\/\/glotomania.com\/wp-content\/uploads\/2025\/11\/img_18823_053d9ad2250b8ebde6a76f99e0ada796_1-26-300x300.jpg","brands":[],"_links":{"self":[{"href":"https:\/\/glotomania.com\/pt-pt\/wp-json\/wp\/v2\/product\/388673","targetHints":{"allow":["GET"]}}],"collection":[{"href":"https:\/\/glotomania.com\/pt-pt\/wp-json\/wp\/v2\/product"}],"about":[{"href":"https:\/\/glotomania.com\/pt-pt\/wp-json\/wp\/v2\/types\/product"}],"replies":[{"embeddable":true,"href":"https:\/\/glotomania.com\/pt-pt\/wp-json\/wp\/v2\/comments?post=388673"}],"wp:featuredmedia":[{"embeddable":true,"href":"https:\/\/glotomania.com\/pt-pt\/wp-json\/wp\/v2\/media\/350303"}],"wp:attachment":[{"href":"https:\/\/glotomania.com\/pt-pt\/wp-json\/wp\/v2\/media?parent=388673"}],"wp:term":[{"taxonomy":"pwb-brand","embeddable":true,"href":"https:\/\/glotomania.com\/pt-pt\/wp-json\/wp\/v2\/pwb-brand?post=388673"},{"taxonomy":"product_brand","embeddable":true,"href":"https:\/\/glotomania.com\/pt-pt\/wp-json\/wp\/v2\/product_brand?post=388673"},{"taxonomy":"product_cat","embeddable":true,"href":"https:\/\/glotomania.com\/pt-pt\/wp-json\/wp\/v2\/product_cat?post=388673"},{"taxonomy":"product_tag","embeddable":true,"href":"https:\/\/glotomania.com\/pt-pt\/wp-json\/wp\/v2\/product_tag?post=388673"}],"curies":[{"name":"wp","href":"https:\/\/api.w.org\/{rel}","templated":true}]}}