{"id":388674,"date":"2025-09-02T10:37:52","date_gmt":"2025-09-02T10:37:52","guid":{"rendered":"https:\/\/glotomania.com\/p\/sprinkles-funcakes-mimosa-blanca-45-g-2\/"},"modified":"2026-03-10T18:05:47","modified_gmt":"2026-03-10T18:05:47","slug":"sprinkles-funcakes-mimosa-blanca-45-g-2","status":"publish","type":"product","link":"https:\/\/glotomania.com\/pt-pt\/p\/sprinkles-funcakes-mimosa-blanca-45-g-2\/","title":{"rendered":"Sprinkles Funcakes &#8211; Mimosa Brancas (45 G)"},"content":{"rendered":"","protected":false},"excerpt":{"rendered":"<p>Decore as suas sobremesas com esta fant\u00e1stica mistura de mimosas brancas Funcakes, ideal para cria\u00e7\u00f5es de Inverno.<\/p>\n","protected":false},"featured_media":347661,"comment_status":"open","ping_status":"closed","template":"","meta":{"_acf_changed":false},"pwb-brand":[],"product_brand":[],"product_cat":[2908,2910,2911,2979,2982,2907,2997,2920,2921,2996,3001,1839,1840,1832,1901,1845,1888,1862,1885,1849,1866,1858],"product_tag":[],"class_list":{"0":"post-388674","1":"product","2":"type-product","3":"status-publish","4":"has-post-thumbnail","6":"product_cat-batizados","7":"product_cat-casamentos-2","8":"product_cat-comunhoes","9":"product_cat-decoracoes-comestiveis-2","10":"product_cat-decoracoes-de-acucar","11":"product_cat-festas","12":"product_cat-halal","13":"product_cat-natal-2","14":"product_cat-pascoa","15":"product_cat-produtos-vegetarianos","16":"product_cat-sem-e-171-2","17":"product_cat-decoracion-comestible","18":"product_cat-decoraciones-azucar-comestibles","19":"product_cat-diestas-especiales","20":"product_cat-dieta-halal","21":"product_cat-dieta-sin-e-171","22":"product_cat-bodas","23":"product_cat-comuniones","24":"product_cat-bautizos","25":"product_cat-fiestas","26":"product_cat-navidad","27":"product_cat-pascua","29":"first","30":"instock","31":"taxable","32":"shipping-taxable","33":"purchasable","34":"product-type-simple"},"acf":[],"df_price":2.46,"df_sale_price":"","df_regular_price":2.46,"df_image_link":"https:\/\/glotomania.com\/wp-content\/uploads\/2025\/11\/img_18825_80d74b54ee2a07007f36b8b019bdc356_1-26-300x300.jpg","brands":[],"_links":{"self":[{"href":"https:\/\/glotomania.com\/pt-pt\/wp-json\/wp\/v2\/product\/388674","targetHints":{"allow":["GET"]}}],"collection":[{"href":"https:\/\/glotomania.com\/pt-pt\/wp-json\/wp\/v2\/product"}],"about":[{"href":"https:\/\/glotomania.com\/pt-pt\/wp-json\/wp\/v2\/types\/product"}],"replies":[{"embeddable":true,"href":"https:\/\/glotomania.com\/pt-pt\/wp-json\/wp\/v2\/comments?post=388674"}],"wp:featuredmedia":[{"embeddable":true,"href":"https:\/\/glotomania.com\/pt-pt\/wp-json\/wp\/v2\/media\/347661"}],"wp:attachment":[{"href":"https:\/\/glotomania.com\/pt-pt\/wp-json\/wp\/v2\/media?parent=388674"}],"wp:term":[{"taxonomy":"pwb-brand","embeddable":true,"href":"https:\/\/glotomania.com\/pt-pt\/wp-json\/wp\/v2\/pwb-brand?post=388674"},{"taxonomy":"product_brand","embeddable":true,"href":"https:\/\/glotomania.com\/pt-pt\/wp-json\/wp\/v2\/product_brand?post=388674"},{"taxonomy":"product_cat","embeddable":true,"href":"https:\/\/glotomania.com\/pt-pt\/wp-json\/wp\/v2\/product_cat?post=388674"},{"taxonomy":"product_tag","embeddable":true,"href":"https:\/\/glotomania.com\/pt-pt\/wp-json\/wp\/v2\/product_tag?post=388674"}],"curies":[{"name":"wp","href":"https:\/\/api.w.org\/{rel}","templated":true}]}}