{"id":388690,"date":"2025-09-02T10:37:58","date_gmt":"2025-09-02T10:37:58","guid":{"rendered":"https:\/\/glotomania.com\/p\/cake-drum-corazon-plateado-funcakes-33-cm-o-2\/"},"modified":"2026-03-10T18:07:17","modified_gmt":"2026-03-10T18:07:17","slug":"cake-drum-corazon-plateado-funcakes-33-cm-o-2","status":"publish","type":"product","link":"https:\/\/glotomania.com\/pt-pt\/p\/cake-drum-corazon-plateado-funcakes-33-cm-o-2\/","title":{"rendered":"Cake Drum Cora\u00c7\u00c3o Prateado (funcakes) &#8211; 33 Cm \u00d8"},"content":{"rendered":"<p>&nbsp;<\/p>\n<p><span style=\"font-size: 14px\">Fabricado em cart&atilde;o resistente, adequado para uso alimentar.<\/span><\/p>\n<p><span style=\"font-size: 14px\"><strong>Tamanhos:&nbsp;<\/strong>&Oslash; 33 cm &#8211; 12 mm de espessura.<\/span><\/p>\n","protected":false},"excerpt":{"rendered":"<p>Base em forma de cora\u00e7\u00e3o, com um elegante desenho prateado, perfeito para ocasi\u00f5es especiais.<\/p>\n","protected":false},"featured_media":347673,"comment_status":"open","ping_status":"closed","template":"","meta":{"_acf_changed":false},"pwb-brand":[],"product_brand":[],"product_cat":[1852,1926,3099,3093,1768,2910,2907,3087,1888,1849,2924,1767],"product_tag":[],"class_list":{"0":"post-388690","1":"product","2":"type-product","3":"status-publish","4":"has-post-thumbnail","6":"product_cat-san-valentin","7":"product_cat-bases-forma-corazon","8":"product_cat-bases-em-forma-de-coracao-2","9":"product_cat-bases-para-bolos-2","10":"product_cat-bases","11":"product_cat-casamentos-2","12":"product_cat-festas","13":"product_cat-ordem-e-armazenamento","14":"product_cat-bodas","15":"product_cat-fiestas","16":"product_cat-sao-valentim-2","17":"product_cat-utensilios","19":"first","20":"instock","21":"taxable","22":"shipping-taxable","23":"purchasable","24":"product-type-simple"},"acf":[],"df_price":6.66,"df_sale_price":"","df_regular_price":6.66,"df_image_link":"https:\/\/glotomania.com\/wp-content\/uploads\/2025\/11\/img_18847_8ee33e95a18846cdc52f957be1fcb266_1-30-300x300.jpg","brands":[],"_links":{"self":[{"href":"https:\/\/glotomania.com\/pt-pt\/wp-json\/wp\/v2\/product\/388690","targetHints":{"allow":["GET"]}}],"collection":[{"href":"https:\/\/glotomania.com\/pt-pt\/wp-json\/wp\/v2\/product"}],"about":[{"href":"https:\/\/glotomania.com\/pt-pt\/wp-json\/wp\/v2\/types\/product"}],"replies":[{"embeddable":true,"href":"https:\/\/glotomania.com\/pt-pt\/wp-json\/wp\/v2\/comments?post=388690"}],"wp:featuredmedia":[{"embeddable":true,"href":"https:\/\/glotomania.com\/pt-pt\/wp-json\/wp\/v2\/media\/347673"}],"wp:attachment":[{"href":"https:\/\/glotomania.com\/pt-pt\/wp-json\/wp\/v2\/media?parent=388690"}],"wp:term":[{"taxonomy":"pwb-brand","embeddable":true,"href":"https:\/\/glotomania.com\/pt-pt\/wp-json\/wp\/v2\/pwb-brand?post=388690"},{"taxonomy":"product_brand","embeddable":true,"href":"https:\/\/glotomania.com\/pt-pt\/wp-json\/wp\/v2\/product_brand?post=388690"},{"taxonomy":"product_cat","embeddable":true,"href":"https:\/\/glotomania.com\/pt-pt\/wp-json\/wp\/v2\/product_cat?post=388690"},{"taxonomy":"product_tag","embeddable":true,"href":"https:\/\/glotomania.com\/pt-pt\/wp-json\/wp\/v2\/product_tag?post=388690"}],"curies":[{"name":"wp","href":"https:\/\/api.w.org\/{rel}","templated":true}]}}