{"id":388709,"date":"2025-09-02T10:38:06","date_gmt":"2025-09-02T10:38:06","guid":{"rendered":"https:\/\/glotomania.com\/p\/gofrera-forma-corazon-bestron-2\/"},"modified":"2026-03-10T18:08:44","modified_gmt":"2026-03-10T18:08:44","slug":"gofrera-forma-corazon-bestron-2","status":"publish","type":"product","link":"https:\/\/glotomania.com\/pt-pt\/p\/gofrera-forma-corazon-bestron-2\/","title":{"rendered":"Maquina De Waffles Em Forma De Cora\u00c7\u00c3o Bestron"},"content":{"rendered":"<p>&nbsp;<\/p>\n<ul>\n<li>Este ferro de waffle tem um inv&oacute;lucro resistente ao calor, controlo autom&aacute;tico da temperatura e um revestimento antiaderente.&nbsp;<\/li>\n<li>Tem tamb&eacute;m uma luz indicadora de pot&ecirc;ncia e uma luz verde para o informar de que est&aacute; pronto a ser utilizado.&nbsp;<\/li>\n<li>Pode ser armazenado verticalmente e tem um pr&aacute;tico armazenamento de cordas.<\/li>\n<li>Tem p&eacute;s antiderrapantes e uma pega isolada.<\/li>\n<li>Garantia de 5 anos. Com a marca de qualidade certificada GS &#8211;&gt; normas de seguran&ccedil;a e qualidade extra elevadas.<\/li>\n<\/ul>\n<p><strong>Pot&ecirc;ncia<\/strong>: 780 W &#8211; <strong>Cor<\/strong>: rosa.<\/p>\n<p>Inclui 20 paus de madeira.<\/p>\n","protected":false},"excerpt":{"rendered":"<p>Criar 4 deliciosos waffles em forma de cora\u00e7\u00e3o com o fabricante de waffles Bestron. Surpreenda os seus convidados com os chupa-chupas mais rom\u00e2nticos.<\/p>\n","protected":false},"featured_media":344318,"comment_status":"open","ping_status":"closed","template":"","meta":{"_acf_changed":false},"pwb-brand":[],"product_brand":[],"product_cat":[2910,2907,3087,3226,2924,1852,1811,1888,1849,1767],"product_tag":[],"class_list":{"0":"post-388709","1":"product","2":"type-product","3":"status-publish","4":"has-post-thumbnail","6":"product_cat-casamentos-2","7":"product_cat-festas","8":"product_cat-ordem-e-armazenamento","9":"product_cat-pequenos-eletrodomesticos","10":"product_cat-sao-valentim-2","11":"product_cat-san-valentin","12":"product_cat-cocina","13":"product_cat-bodas","14":"product_cat-fiestas","15":"product_cat-utensilios","17":"first","18":"instock","19":"taxable","20":"shipping-taxable","21":"purchasable","22":"product-type-simple"},"acf":[],"df_price":38.5,"df_sale_price":"","df_regular_price":38.5,"df_image_link":"https:\/\/glotomania.com\/wp-content\/uploads\/2025\/11\/img_18905_99e536fe7e0f5f18f29b1ce68309103c_1-28-300x300.jpg","brands":[],"_links":{"self":[{"href":"https:\/\/glotomania.com\/pt-pt\/wp-json\/wp\/v2\/product\/388709","targetHints":{"allow":["GET"]}}],"collection":[{"href":"https:\/\/glotomania.com\/pt-pt\/wp-json\/wp\/v2\/product"}],"about":[{"href":"https:\/\/glotomania.com\/pt-pt\/wp-json\/wp\/v2\/types\/product"}],"replies":[{"embeddable":true,"href":"https:\/\/glotomania.com\/pt-pt\/wp-json\/wp\/v2\/comments?post=388709"}],"wp:featuredmedia":[{"embeddable":true,"href":"https:\/\/glotomania.com\/pt-pt\/wp-json\/wp\/v2\/media\/344318"}],"wp:attachment":[{"href":"https:\/\/glotomania.com\/pt-pt\/wp-json\/wp\/v2\/media?parent=388709"}],"wp:term":[{"taxonomy":"pwb-brand","embeddable":true,"href":"https:\/\/glotomania.com\/pt-pt\/wp-json\/wp\/v2\/pwb-brand?post=388709"},{"taxonomy":"product_brand","embeddable":true,"href":"https:\/\/glotomania.com\/pt-pt\/wp-json\/wp\/v2\/product_brand?post=388709"},{"taxonomy":"product_cat","embeddable":true,"href":"https:\/\/glotomania.com\/pt-pt\/wp-json\/wp\/v2\/product_cat?post=388709"},{"taxonomy":"product_tag","embeddable":true,"href":"https:\/\/glotomania.com\/pt-pt\/wp-json\/wp\/v2\/product_tag?post=388709"}],"curies":[{"name":"wp","href":"https:\/\/api.w.org\/{rel}","templated":true}]}}