{"id":388712,"date":"2025-09-02T10:38:07","date_gmt":"2025-09-02T10:38:07","guid":{"rendered":"https:\/\/glotomania.com\/p\/alambres-para-flores-plateados-culpitt-calibre-24-2\/"},"modified":"2026-03-10T18:08:51","modified_gmt":"2026-03-10T18:08:51","slug":"alambres-para-flores-plateados-culpitt-calibre-24-2","status":"publish","type":"product","link":"https:\/\/glotomania.com\/pt-pt\/p\/alambres-para-flores-plateados-culpitt-calibre-24-2\/","title":{"rendered":"Arames Prateados Para Flores Culpitt &#8211; Calibre 24"},"content":{"rendered":"<div><span style=\"font-size: 14px\">Amarrar&nbsp;os arames com fita floral e coloc&aacute;-los sobre o bolo para formar raminhos de flores dentro de um tubo especial para flores de arame ou, alternativamente, em cima do bolo como palhinhas.&nbsp;<\/span><\/div>\n<div>\n<span style=\"font-size: 14px\"><strong>Medidas:&nbsp;<\/strong>24 bitolas &#8211; Espessura 0,5 mm.<\/span><\/div>\n<div>\n<span style=\"font-size: 14px\">Adequado para utiliza&ccedil;&atilde;o em contacto com alimentos.&nbsp;<\/span><\/div>\n","protected":false},"excerpt":{"rendered":"<p>Inclui 50 arames Culpitt, perfeitos para fixar decora\u00e7\u00f5es no caule ou para utiliza\u00e7\u00e3o directa no bolo.<\/p>\n","protected":false},"featured_media":350323,"comment_status":"open","ping_status":"closed","template":"","meta":{"_acf_changed":false},"pwb-brand":[],"product_brand":[],"product_cat":[3087,3230,1813,1767],"product_tag":[],"class_list":{"0":"post-388712","1":"product","2":"type-product","3":"status-publish","4":"has-post-thumbnail","6":"product_cat-ordem-e-armazenamento","7":"product_cat-tubos-para-flores","8":"product_cat-utensilios-flores","9":"product_cat-utensilios","11":"first","12":"instock","13":"taxable","14":"shipping-taxable","15":"purchasable","16":"product-type-simple"},"acf":[],"df_price":6.26,"df_sale_price":"","df_regular_price":6.26,"df_image_link":"https:\/\/glotomania.com\/wp-content\/uploads\/2025\/11\/img_18913_c2d9462f6d658f2158860dca95ed2e5c_1-27-300x300.jpg","brands":[],"_links":{"self":[{"href":"https:\/\/glotomania.com\/pt-pt\/wp-json\/wp\/v2\/product\/388712","targetHints":{"allow":["GET"]}}],"collection":[{"href":"https:\/\/glotomania.com\/pt-pt\/wp-json\/wp\/v2\/product"}],"about":[{"href":"https:\/\/glotomania.com\/pt-pt\/wp-json\/wp\/v2\/types\/product"}],"replies":[{"embeddable":true,"href":"https:\/\/glotomania.com\/pt-pt\/wp-json\/wp\/v2\/comments?post=388712"}],"wp:featuredmedia":[{"embeddable":true,"href":"https:\/\/glotomania.com\/pt-pt\/wp-json\/wp\/v2\/media\/350323"}],"wp:attachment":[{"href":"https:\/\/glotomania.com\/pt-pt\/wp-json\/wp\/v2\/media?parent=388712"}],"wp:term":[{"taxonomy":"pwb-brand","embeddable":true,"href":"https:\/\/glotomania.com\/pt-pt\/wp-json\/wp\/v2\/pwb-brand?post=388712"},{"taxonomy":"product_brand","embeddable":true,"href":"https:\/\/glotomania.com\/pt-pt\/wp-json\/wp\/v2\/product_brand?post=388712"},{"taxonomy":"product_cat","embeddable":true,"href":"https:\/\/glotomania.com\/pt-pt\/wp-json\/wp\/v2\/product_cat?post=388712"},{"taxonomy":"product_tag","embeddable":true,"href":"https:\/\/glotomania.com\/pt-pt\/wp-json\/wp\/v2\/product_tag?post=388712"}],"curies":[{"name":"wp","href":"https:\/\/api.w.org\/{rel}","templated":true}]}}