{"id":388718,"date":"2025-09-02T10:38:11","date_gmt":"2025-09-02T10:38:11","guid":{"rendered":"https:\/\/glotomania.com\/p\/palitos-para-piruletas-funcakes-12-cm-2\/"},"modified":"2026-04-14T11:30:48","modified_gmt":"2026-04-14T11:30:48","slug":"palitos-para-piruletas-funcakes-12-cm-2","status":"publish","type":"product","link":"https:\/\/glotomania.com\/pt-pt\/p\/palitos-para-piruletas-funcakes-12-cm-2\/","title":{"rendered":"Palitos De Chupa-chupa-chupas &#8211; 12 Cm"},"content":{"rendered":"<p>&nbsp;<\/p>\n<p><span style=\"font-size:14px\">Fabricados em papel branco de qualidade alimentar e s&atilde;o seguros ao forno at&eacute; 230&deg;C.<\/span><\/p>\n<p><span style=\"font-size:14px\"><strong>Dimens&otilde;es aproximadas: <\/strong>&Oslash; 3,5 mm &#8211; Comprimento 12 cm.<\/span><\/p>\n","protected":false},"excerpt":{"rendered":"<p>Inclui 50 paus de bolo branco da Funcakes, ideais para fazer chupa-chupas e at\u00e9 decora\u00e7\u00f5es em papel comest\u00edvel.<\/p>\n","protected":false},"featured_media":327119,"comment_status":"open","ping_status":"closed","template":"","meta":{"_acf_changed":false},"pwb-brand":[],"product_brand":[],"product_cat":[3087,3129,1821,1767],"product_tag":[],"class_list":{"0":"post-388718","1":"product","2":"type-product","3":"status-publish","4":"has-post-thumbnail","6":"product_cat-ordem-e-armazenamento","7":"product_cat-palitos-de-chupa-chupa","8":"product_cat-palitos-piruletas","9":"product_cat-utensilios","11":"first","12":"outofstock","13":"taxable","14":"shipping-taxable","15":"purchasable","16":"product-type-simple"},"acf":[],"df_price":3.09,"df_sale_price":"","df_regular_price":3.09,"df_image_link":"https:\/\/glotomania.com\/wp-content\/uploads\/2025\/11\/img_18925_2c57b26800090a229c4c0fbd34c0fbcb_1-21-300x300.jpg","brands":[],"_links":{"self":[{"href":"https:\/\/glotomania.com\/pt-pt\/wp-json\/wp\/v2\/product\/388718","targetHints":{"allow":["GET"]}}],"collection":[{"href":"https:\/\/glotomania.com\/pt-pt\/wp-json\/wp\/v2\/product"}],"about":[{"href":"https:\/\/glotomania.com\/pt-pt\/wp-json\/wp\/v2\/types\/product"}],"replies":[{"embeddable":true,"href":"https:\/\/glotomania.com\/pt-pt\/wp-json\/wp\/v2\/comments?post=388718"}],"wp:featuredmedia":[{"embeddable":true,"href":"https:\/\/glotomania.com\/pt-pt\/wp-json\/wp\/v2\/media\/327119"}],"wp:attachment":[{"href":"https:\/\/glotomania.com\/pt-pt\/wp-json\/wp\/v2\/media?parent=388718"}],"wp:term":[{"taxonomy":"pwb-brand","embeddable":true,"href":"https:\/\/glotomania.com\/pt-pt\/wp-json\/wp\/v2\/pwb-brand?post=388718"},{"taxonomy":"product_brand","embeddable":true,"href":"https:\/\/glotomania.com\/pt-pt\/wp-json\/wp\/v2\/product_brand?post=388718"},{"taxonomy":"product_cat","embeddable":true,"href":"https:\/\/glotomania.com\/pt-pt\/wp-json\/wp\/v2\/product_cat?post=388718"},{"taxonomy":"product_tag","embeddable":true,"href":"https:\/\/glotomania.com\/pt-pt\/wp-json\/wp\/v2\/product_tag?post=388718"}],"curies":[{"name":"wp","href":"https:\/\/api.w.org\/{rel}","templated":true}]}}