{"id":388722,"date":"2025-09-02T10:38:12","date_gmt":"2025-09-02T10:38:12","guid":{"rendered":"https:\/\/glotomania.com\/p\/base-giratoria-patisse-27-cm-2\/"},"modified":"2026-03-17T14:48:45","modified_gmt":"2026-03-17T14:48:45","slug":"base-giratoria-patisse-27-cm-2","status":"publish","type":"product","link":"https:\/\/glotomania.com\/pt-pt\/p\/base-giratoria-patisse-27-cm-2\/","title":{"rendered":"Base Girat\u00d3ria Patisse &#8211; 27 Cm"},"content":{"rendered":"<p>&nbsp;<\/p>\n<p><span style=\"font-size:14px\">Feito de pl&aacute;stico de alta qualidade e seguro para os alimentos.<\/span><\/p>\n<p><span style=\"font-size:14px\"><strong>Dimens&otilde;es aproximadas: <\/strong>&Oslash; 27 cm.<\/span><\/p>\n","protected":false},"excerpt":{"rendered":"<p>Fant\u00e1stica base girat\u00f3ria para bolos Patisse, em pl\u00e1stico resistente.<\/p>\n","protected":false},"featured_media":154573,"comment_status":"open","ping_status":"closed","template":"","meta":{"_acf_changed":false},"pwb-brand":[],"product_brand":[],"product_cat":[1882,3093,3101,1768,3087,1767],"product_tag":[],"class_list":{"0":"post-388722","1":"product","2":"type-product","3":"status-publish","4":"has-post-thumbnail","6":"product_cat-bases-giratorias","7":"product_cat-bases-para-bolos-2","8":"product_cat-bases-para-bolos-rotativas-2","9":"product_cat-bases","10":"product_cat-ordem-e-armazenamento","11":"product_cat-utensilios","13":"first","14":"instock","15":"taxable","16":"shipping-taxable","17":"purchasable","18":"product-type-simple"},"acf":[],"df_price":13.5,"df_sale_price":"","df_regular_price":13.5,"df_image_link":"https:\/\/glotomania.com\/wp-content\/uploads\/2025\/09\/img_18929_2e4092e22fe634a1cffa3d3b298d0023_1-300x300.png","brands":[],"_links":{"self":[{"href":"https:\/\/glotomania.com\/pt-pt\/wp-json\/wp\/v2\/product\/388722","targetHints":{"allow":["GET"]}}],"collection":[{"href":"https:\/\/glotomania.com\/pt-pt\/wp-json\/wp\/v2\/product"}],"about":[{"href":"https:\/\/glotomania.com\/pt-pt\/wp-json\/wp\/v2\/types\/product"}],"replies":[{"embeddable":true,"href":"https:\/\/glotomania.com\/pt-pt\/wp-json\/wp\/v2\/comments?post=388722"}],"wp:featuredmedia":[{"embeddable":true,"href":"https:\/\/glotomania.com\/pt-pt\/wp-json\/wp\/v2\/media\/154573"}],"wp:attachment":[{"href":"https:\/\/glotomania.com\/pt-pt\/wp-json\/wp\/v2\/media?parent=388722"}],"wp:term":[{"taxonomy":"pwb-brand","embeddable":true,"href":"https:\/\/glotomania.com\/pt-pt\/wp-json\/wp\/v2\/pwb-brand?post=388722"},{"taxonomy":"product_brand","embeddable":true,"href":"https:\/\/glotomania.com\/pt-pt\/wp-json\/wp\/v2\/product_brand?post=388722"},{"taxonomy":"product_cat","embeddable":true,"href":"https:\/\/glotomania.com\/pt-pt\/wp-json\/wp\/v2\/product_cat?post=388722"},{"taxonomy":"product_tag","embeddable":true,"href":"https:\/\/glotomania.com\/pt-pt\/wp-json\/wp\/v2\/product_tag?post=388722"}],"curies":[{"name":"wp","href":"https:\/\/api.w.org\/{rel}","templated":true}]}}